{"id":4769,"date":"2025-05-07T15:19:02","date_gmt":"2025-05-07T14:19:02","guid":{"rendered":"https:\/\/veramc.com\/podcast-la-perspectiva\/"},"modified":"2025-05-07T15:19:02","modified_gmt":"2025-05-07T14:19:02","slug":"podcast-la-perspectiva","status":"publish","type":"page","link":"https:\/\/veramc.com\/ca\/podcast-la-perspectiva\/","title":{"rendered":"P\u00f2dcast \u201cLa Perspectiva\u201d"},"content":{"rendered":"\n<div class=\"wp-block-group alignwide hostinger-ai-fade-up has-global-padding is-layout-constrained wp-block-group-is-layout-constrained\" data-aos=\"fade-up\" style=\"padding-top:0;padding-bottom:0\">\n<div class=\"wp-block-group alignwide hostinger-ai-fade-up is-nowrap is-layout-flex wp-container-core-group-is-layout-3861760c wp-block-group-is-layout-flex\" data-aos=\"fade-up\" style=\"margin-bottom:0\">\n<div class=\"wp-block-columns is-layout-flex wp-container-core-columns-is-layout-28f84493 wp-block-columns-is-layout-flex\">\n<div class=\"wp-block-column is-vertically-aligned-center is-layout-flow wp-block-column-is-layout-flow\" style=\"flex-basis:30%\">\n<figure class=\"wp-block-image aligncenter size-medium is-resized has-custom-border\"><img loading=\"lazy\" decoding=\"async\" width=\"300\" height=\"300\" src=\"\/wp-content\/uploads\/2025\/05\/Portada-podcast-300x300.png\" alt=\"\" class=\"wp-image-3306\" style=\"border-radius:8px;width:200px\" srcset=\"https:\/\/veramc.com\/wp-content\/uploads\/2025\/05\/Portada-podcast-300x300.png 300w, https:\/\/veramc.com\/wp-content\/uploads\/2025\/05\/Portada-podcast-150x150.png 150w, https:\/\/veramc.com\/wp-content\/uploads\/2025\/05\/Portada-podcast.png 722w\" sizes=\"auto, (max-width: 300px) 100vw, 300px\" \/><\/figure>\n<\/div>\n\n\n\n<div class=\"wp-block-column is-vertically-aligned-center has-small-font-size is-layout-flow wp-block-column-is-layout-flow\" style=\"flex-basis:70%\">\n<p class=\"hostinger-ai-description\" style=\"font-size:clamp(14px, 0.875rem + ((1vw - 3.2px) * 0.769), 20px);\">\u201c<strong>La perspectiva<\/strong>\u201d \u00e9s un p\u00f2dcast en catal\u00e0 presentat per Cl\u00e0udia Mollfulleda i Maria G\u00f3mez, que tracta sobre la igualtat empresarial i la import\u00e0ncia d&#8217;aplicar la perspectiva de g\u00e8nere tant en l&#8217;entorn laboral com en la societat: parlarem d&#8217;igualtat, analitzarem i reflexionarem sobre el contingut que consumim, explicarem experi\u00e8ncies i aprenentatges que hem anat fent, i moltes coses m\u00e9s.<\/p>\n<\/div>\n<\/div>\n<\/div>\n<\/div>\n\n\n\n<div class=\"wp-block-columns alignwide is-layout-flex wp-container-core-columns-is-layout-807484d4 wp-block-columns-is-layout-flex\" style=\"margin-top:var(--wp--preset--spacing--80);margin-bottom:var(--wp--preset--spacing--60)\">\n<div class=\"wp-block-column has-global-padding is-layout-constrained wp-container-core-column-is-layout-19e250f3 wp-block-column-is-layout-constrained\" style=\"flex-basis:50%\">\n<iframe style=\"border-radius:12px\" src=\"https:\/\/open.spotify.com\/embed\/episode\/3VlYPrRo99bhzT9HmPkxiH?utm_source=generator\" width=\"100%\" height=\"175\" frameborder=\"0\" allowfullscreen=\"\" allow=\"autoplay; clipboard-write; encrypted-media; fullscreen; picture-in-picture\" loading=\"lazy\"><\/iframe>\n\n\n\n<iframe style=\"border-radius:12px\" src=\"https:\/\/open.spotify.com\/embed\/episode\/4MbJTALKi92sILggLObB2L?utm_source=generator\" width=\"100%\" height=\"175\" frameborder=\"0\" allowfullscreen=\"\" allow=\"autoplay; clipboard-write; encrypted-media; fullscreen; picture-in-picture\" loading=\"lazy\"><\/iframe>\n\n\n\n<iframe style=\"border-radius:12px\" src=\"https:\/\/open.spotify.com\/embed\/episode\/6M7nDWue0g63dC4HuQYkdU?utm_source=generator\" width=\"100%\" height=\"175\" frameborder=\"0\" allowfullscreen=\"\" allow=\"autoplay; clipboard-write; encrypted-media; fullscreen; picture-in-picture\" loading=\"lazy\"><\/iframe>\n\n\n\n<iframe style=\"border-radius:12px\" src=\"https:\/\/open.spotify.com\/embed\/episode\/1ohILdKWWVbgtB34BOMRt6?utm_source=generator\" width=\"100%\" height=\"175\" frameborder=\"0\" allowfullscreen=\"\" allow=\"autoplay; clipboard-write; encrypted-media; fullscreen; picture-in-picture\" loading=\"lazy\"><\/iframe>\n<\/div>\n\n\n\n<div class=\"wp-block-column has-global-padding is-layout-constrained wp-container-core-column-is-layout-19e250f3 wp-block-column-is-layout-constrained\" style=\"flex-basis:50%\">\n<iframe style=\"border-radius:12px\" src=\"https:\/\/open.spotify.com\/embed\/episode\/6BfeNa27suxQ5hsTq0gX9Z?utm_source=generator\" width=\"100%\" height=\"175\" frameborder=\"0\" allowfullscreen=\"\" allow=\"autoplay; clipboard-write; encrypted-media; fullscreen; picture-in-picture\" loading=\"lazy\"><\/iframe>\n\n\n\n<iframe style=\"border-radius:12px\" src=\"https:\/\/open.spotify.com\/embed\/episode\/6jAVDdZ5pwh72iIslNsIKU?utm_source=generator\" width=\"100%\" height=\"175\" frameborder=\"0\" allowfullscreen=\"\" allow=\"autoplay; clipboard-write; encrypted-media; fullscreen; picture-in-picture\" loading=\"lazy\"><\/iframe>\n\n\n\n<iframe style=\"border-radius:12px\" src=\"https:\/\/open.spotify.com\/embed\/episode\/5j2XxXjZKz6TnceEGA4yet?utm_source=generator\" width=\"100%\" height=\"175\" frameborder=\"0\" allowfullscreen=\"\" allow=\"autoplay; clipboard-write; encrypted-media; fullscreen; picture-in-picture\" loading=\"lazy\"><\/iframe>\n\n\n\n<iframe style=\"border-radius:12px\" src=\"https:\/\/open.spotify.com\/embed\/episode\/5yeGG2cH9W3hZ9qhM0QbHI?utm_source=generator\" width=\"100%\" height=\"175\" frameborder=\"0\" allowfullscreen=\"\" allow=\"autoplay; clipboard-write; encrypted-media; fullscreen; picture-in-picture\" loading=\"lazy\"><\/iframe>\n<\/div>\n<\/div>\n","protected":false},"excerpt":{"rendered":"<p>\u201cLa perspectiva\u201d \u00e9s un p\u00f2dcast en catal\u00e0 presentat per Cl\u00e0udia Mollfulleda i Maria G\u00f3mez, que tracta sobre la igualtat empresarial i la import\u00e0ncia d&#8217;aplicar la perspectiva de g\u00e8nere tant en l&#8217;entorn laboral com en la societat: parlarem d&#8217;igualtat, analitzarem i reflexionarem sobre el contingut que consumim, explicarem experi\u00e8ncies i aprenentatges que hem anat fent, i [&hellip;]<\/p>\n","protected":false},"author":2,"featured_media":0,"parent":0,"menu_order":0,"comment_status":"closed","ping_status":"closed","template":"","meta":{"footnotes":""},"class_list":["post-4769","page","type-page","status-publish","hentry"],"yoast_head":"<!-- This site is optimized with the Yoast SEO plugin v25.5 - https:\/\/yoast.com\/wordpress\/plugins\/seo\/ -->\n<title>P\u00f2dcast \u201cLa Perspectiva\u201d - VERA MC<\/title>\n<meta name=\"robots\" content=\"index, follow, max-snippet:-1, max-image-preview:large, max-video-preview:-1\" \/>\n<link rel=\"canonical\" href=\"https:\/\/veramc.com\/ca\/podcast-la-perspectiva\/\" \/>\n<meta property=\"og:locale\" content=\"ca_ES\" \/>\n<meta property=\"og:type\" content=\"article\" \/>\n<meta property=\"og:title\" content=\"P\u00f2dcast \u201cLa Perspectiva\u201d - VERA MC\" \/>\n<meta property=\"og:description\" content=\"\u201cLa perspectiva\u201d \u00e9s un p\u00f2dcast en catal\u00e0 presentat per Cl\u00e0udia Mollfulleda i Maria G\u00f3mez, que tracta sobre la igualtat empresarial i la import\u00e0ncia d&#8217;aplicar la perspectiva de g\u00e8nere tant en l&#8217;entorn laboral com en la societat: parlarem d&#8217;igualtat, analitzarem i reflexionarem sobre el contingut que consumim, explicarem experi\u00e8ncies i aprenentatges que hem anat fent, i [&hellip;]\" \/>\n<meta property=\"og:url\" content=\"https:\/\/veramc.com\/ca\/podcast-la-perspectiva\/\" \/>\n<meta property=\"og:site_name\" content=\"VERA MC\" \/>\n<meta name=\"twitter:card\" content=\"summary_large_image\" \/>\n<script type=\"application\/ld+json\" class=\"yoast-schema-graph\">{\"@context\":\"https:\/\/schema.org\",\"@graph\":[{\"@type\":\"WebPage\",\"@id\":\"https:\/\/veramc.com\/ca\/podcast-la-perspectiva\/\",\"url\":\"https:\/\/veramc.com\/ca\/podcast-la-perspectiva\/\",\"name\":\"P\u00f2dcast \u201cLa Perspectiva\u201d - VERA MC\",\"isPartOf\":{\"@id\":\"https:\/\/veramc.com\/ca\/#website\"},\"datePublished\":\"2025-05-07T14:19:02+00:00\",\"breadcrumb\":{\"@id\":\"https:\/\/veramc.com\/ca\/podcast-la-perspectiva\/#breadcrumb\"},\"inLanguage\":\"ca\",\"potentialAction\":[{\"@type\":\"ReadAction\",\"target\":[\"https:\/\/veramc.com\/ca\/podcast-la-perspectiva\/\"]}]},{\"@type\":\"BreadcrumbList\",\"@id\":\"https:\/\/veramc.com\/ca\/podcast-la-perspectiva\/#breadcrumb\",\"itemListElement\":[{\"@type\":\"ListItem\",\"position\":1,\"name\":\"Inici\",\"item\":\"https:\/\/veramc.com\/ca\/\"},{\"@type\":\"ListItem\",\"position\":2,\"name\":\"P\u00f2dcast \u201cLa Perspectiva\u201d\"}]},{\"@type\":\"WebSite\",\"@id\":\"https:\/\/veramc.com\/ca\/#website\",\"url\":\"https:\/\/veramc.com\/ca\/\",\"name\":\"VERA MC\",\"description\":\"\",\"potentialAction\":[{\"@type\":\"SearchAction\",\"target\":{\"@type\":\"EntryPoint\",\"urlTemplate\":\"https:\/\/veramc.com\/ca\/?s={search_term_string}\"},\"query-input\":{\"@type\":\"PropertyValueSpecification\",\"valueRequired\":true,\"valueName\":\"search_term_string\"}}],\"inLanguage\":\"ca\"}]}<\/script>\n<!-- \/ Yoast SEO plugin. -->","yoast_head_json":{"title":"P\u00f2dcast \u201cLa Perspectiva\u201d - VERA MC","robots":{"index":"index","follow":"follow","max-snippet":"max-snippet:-1","max-image-preview":"max-image-preview:large","max-video-preview":"max-video-preview:-1"},"canonical":"https:\/\/veramc.com\/ca\/podcast-la-perspectiva\/","og_locale":"ca_ES","og_type":"article","og_title":"P\u00f2dcast \u201cLa Perspectiva\u201d - VERA MC","og_description":"\u201cLa perspectiva\u201d \u00e9s un p\u00f2dcast en catal\u00e0 presentat per Cl\u00e0udia Mollfulleda i Maria G\u00f3mez, que tracta sobre la igualtat empresarial i la import\u00e0ncia d&#8217;aplicar la perspectiva de g\u00e8nere tant en l&#8217;entorn laboral com en la societat: parlarem d&#8217;igualtat, analitzarem i reflexionarem sobre el contingut que consumim, explicarem experi\u00e8ncies i aprenentatges que hem anat fent, i [&hellip;]","og_url":"https:\/\/veramc.com\/ca\/podcast-la-perspectiva\/","og_site_name":"VERA MC","twitter_card":"summary_large_image","schema":{"@context":"https:\/\/schema.org","@graph":[{"@type":"WebPage","@id":"https:\/\/veramc.com\/ca\/podcast-la-perspectiva\/","url":"https:\/\/veramc.com\/ca\/podcast-la-perspectiva\/","name":"P\u00f2dcast \u201cLa Perspectiva\u201d - VERA MC","isPartOf":{"@id":"https:\/\/veramc.com\/ca\/#website"},"datePublished":"2025-05-07T14:19:02+00:00","breadcrumb":{"@id":"https:\/\/veramc.com\/ca\/podcast-la-perspectiva\/#breadcrumb"},"inLanguage":"ca","potentialAction":[{"@type":"ReadAction","target":["https:\/\/veramc.com\/ca\/podcast-la-perspectiva\/"]}]},{"@type":"BreadcrumbList","@id":"https:\/\/veramc.com\/ca\/podcast-la-perspectiva\/#breadcrumb","itemListElement":[{"@type":"ListItem","position":1,"name":"Inici","item":"https:\/\/veramc.com\/ca\/"},{"@type":"ListItem","position":2,"name":"P\u00f2dcast \u201cLa Perspectiva\u201d"}]},{"@type":"WebSite","@id":"https:\/\/veramc.com\/ca\/#website","url":"https:\/\/veramc.com\/ca\/","name":"VERA MC","description":"","potentialAction":[{"@type":"SearchAction","target":{"@type":"EntryPoint","urlTemplate":"https:\/\/veramc.com\/ca\/?s={search_term_string}"},"query-input":{"@type":"PropertyValueSpecification","valueRequired":true,"valueName":"search_term_string"}}],"inLanguage":"ca"}]}},"_links":{"self":[{"href":"https:\/\/veramc.com\/ca\/wp-json\/wp\/v2\/pages\/4769","targetHints":{"allow":["GET"]}}],"collection":[{"href":"https:\/\/veramc.com\/ca\/wp-json\/wp\/v2\/pages"}],"about":[{"href":"https:\/\/veramc.com\/ca\/wp-json\/wp\/v2\/types\/page"}],"author":[{"embeddable":true,"href":"https:\/\/veramc.com\/ca\/wp-json\/wp\/v2\/users\/2"}],"replies":[{"embeddable":true,"href":"https:\/\/veramc.com\/ca\/wp-json\/wp\/v2\/comments?post=4769"}],"version-history":[{"count":0,"href":"https:\/\/veramc.com\/ca\/wp-json\/wp\/v2\/pages\/4769\/revisions"}],"wp:attachment":[{"href":"https:\/\/veramc.com\/ca\/wp-json\/wp\/v2\/media?parent=4769"}],"curies":[{"name":"wp","href":"https:\/\/api.w.org\/{rel}","templated":true}]}}