{"id":4773,"date":"2025-05-05T07:57:32","date_gmt":"2025-05-05T06:57:32","guid":{"rendered":"https:\/\/veramc.com\/contacte\/"},"modified":"2025-09-16T10:00:31","modified_gmt":"2025-09-16T09:00:31","slug":"contacte","status":"publish","type":"page","link":"https:\/\/veramc.com\/ca\/contacte\/","title":{"rendered":"Contacte"},"content":{"rendered":"\n<div class=\"wp-block-group alignfull has-color-1-background-color has-background is-vertical is-content-justification-center is-layout-flex wp-container-core-group-is-layout-ce155fab wp-block-group-is-layout-flex\">\n<h2 class=\"wp-block-heading has-text-align-center hostinger-ai-title has-dark-color has-text-color has-link-color has-x-large-font-size wp-elements-c5993d920d42261889d7fe0b2b84c080\" style=\"margin-top:var(--wp--preset--spacing--60);margin-bottom:0\">Contacta&#8217;ns<\/h2>\n\n\n\n<div class=\"wp-block-group has-global-padding is-layout-constrained wp-container-core-group-is-layout-4344ec09 wp-block-group-is-layout-constrained\" style=\"padding-right:var(--wp--preset--spacing--50);padding-left:var(--wp--preset--spacing--50)\">\n<div class=\"wpcf7 no-js\" id=\"wpcf7-f4662-o1\" lang=\"ca\" dir=\"ltr\" data-wpcf7-id=\"4662\">\n<div class=\"screen-reader-response\"><p role=\"status\" aria-live=\"polite\" aria-atomic=\"true\"><\/p> <ul><\/ul><\/div>\n<form action=\"\/ca\/wp-json\/wp\/v2\/pages\/4773#wpcf7-f4662-o1\" method=\"post\" class=\"wpcf7-form init\" aria-label=\"Formulari de contacte\" novalidate=\"novalidate\" data-status=\"init\">\n<fieldset class=\"hidden-fields-container\"><input type=\"hidden\" name=\"_wpcf7\" value=\"4662\" \/><input type=\"hidden\" name=\"_wpcf7_version\" value=\"6.1.1\" \/><input type=\"hidden\" name=\"_wpcf7_locale\" value=\"ca\" \/><input type=\"hidden\" name=\"_wpcf7_unit_tag\" value=\"wpcf7-f4662-o1\" \/><input type=\"hidden\" name=\"_wpcf7_container_post\" value=\"0\" \/><input type=\"hidden\" name=\"_wpcf7_posted_data_hash\" value=\"\" \/>\n<\/fieldset>\n<p><label> <strong>Nom i cognom\/s<\/strong><br \/>\n<span class=\"wpcf7-form-control-wrap\" data-name=\"your-name\"><input size=\"40\" maxlength=\"400\" class=\"wpcf7-form-control wpcf7-text wpcf7-validates-as-required form-input\" aria-required=\"true\" aria-invalid=\"false\" placeholder=\"Com et dius?\" value=\"\" type=\"text\" name=\"your-name\" \/><\/span> <\/label>\n<\/p>\n<p><label> <strong>Email<\/strong><br \/>\n<span class=\"wpcf7-form-control-wrap\" data-name=\"your-email\"><input size=\"40\" maxlength=\"400\" class=\"wpcf7-form-control wpcf7-email wpcf7-validates-as-required wpcf7-text wpcf7-validates-as-email form-input\" aria-required=\"true\" aria-invalid=\"false\" placeholder=\"Quin \u00e9s el teu correu electr\u00f2nic?\" value=\"\" type=\"email\" name=\"your-email\" \/><\/span> <\/label>\n<\/p>\n<p><label><strong>Missatge<\/strong><br \/>\n<span class=\"wpcf7-form-control-wrap\" data-name=\"your-message\"><textarea cols=\"40\" rows=\"10\" maxlength=\"2000\" class=\"wpcf7-form-control wpcf7-textarea wpcf7-validates-as-required form-textarea\" aria-required=\"true\" aria-invalid=\"false\" placeholder=\"Escriu el teu missatge...\" name=\"your-message\"><\/textarea><\/span><\/label><br \/>\n<span id=\"wpcf7-69fdef724f01f-wrapper\" class=\"wpcf7-form-control-wrap honeypot-573-wrap\" style=\"display:none !important; visibility:hidden !important;\"><label for=\"wpcf7-69fdef724f01f-field\" class=\"hp-message\">Deixeu aquest camp buit.<\/label><input id=\"wpcf7-69fdef724f01f-field\"  class=\"wpcf7-form-control wpcf7-text\" type=\"text\" name=\"honeypot-573\" value=\"\" size=\"40\" tabindex=\"-1\" autocomplete=\"new-password\" \/><\/span><br \/>\n<span class=\"wpcf7-form-control-wrap\" data-name=\"your-consent\"><span class=\"wpcf7-form-control wpcf7-acceptance\"><span class=\"wpcf7-list-item\"><label><input type=\"checkbox\" name=\"your-consent\" value=\"1\" aria-invalid=\"false\" \/><span class=\"wpcf7-list-item-label\">Autoritzo l'\u00fas de les dades personals facilitades per tal de respondre a la sol\u00b7licitud segons el que descriu <a href=\"\/politica-de-privacidad\" target=\"_blank\">la Pol\u00edtica de Privadesa<\/a> que he llegit. Puc retirar el meu consentiment en qualsevol moment.<\/span><\/label><\/span><\/span><\/span>\n<\/p>\n<p><input class=\"wpcf7-form-control wpcf7-submit has-spinner\" type=\"submit\" value=\"Enviar missatge\" \/>\n<\/p><div class=\"wpcf7-response-output\" aria-hidden=\"true\"><\/div>\n<\/form>\n<\/div>\n\n<\/div>\n<\/div>\n\n\n\n<div class=\"wp-block-group alignwide hostinger-ai-fade-up has-global-padding is-layout-constrained wp-block-group-is-layout-constrained\" data-aos=\"fade-up\" style=\"padding-top:0;padding-bottom:0\"><\/div>\n\n\n\n<div class=\"wp-block-group alignfull hostinger-ai-solid-block hostinger-ai-fade-up has-color-1-background-color has-background has-global-padding is-layout-constrained wp-block-group-is-layout-constrained\" data-aos=\"fade-up\" style=\"margin-bottom:var(--wp--preset--spacing--70);padding-top:var(--wp--preset--spacing--60);padding-bottom:var(--wp--preset--spacing--60)\">\n<div class=\"wp-block-group alignwide hostinger-ai-fade-up is-vertical is-content-justification-center is-nowrap is-layout-flex wp-container-core-group-is-layout-4cc6ee0a wp-block-group-is-layout-flex\" data-aos=\"fade-up\" style=\"min-height:0px;padding-top:0;padding-bottom:0\">\n<div class=\"wp-block-group hostinger-ai-fade-up wp-container-content-69bc4bdf has-global-padding is-content-justification-center is-layout-constrained wp-container-core-group-is-layout-78267832 wp-block-group-is-layout-constrained\" data-aos=\"fade-up\">\n<h2 class=\"wp-block-heading has-text-align-center hostinger-ai-title has-dark-color has-text-color has-link-color has-x-large-font-size wp-elements-45263a0f2c795e94a042e4b1fdf74501\" style=\"margin-top:0;margin-right:0;margin-bottom:0;margin-left:0\">No dubtis a escriure&#8217;ns<\/h2>\n\n\n\n<p class=\"has-text-align-center hostinger-ai-description has-dark-color has-text-color has-link-color has-medium-font-size wp-elements-326042fbddf780875639d2a3a72cdfc6\" style=\"margin-top:var(--wp--preset--spacing--20);margin-bottom:var(--wp--preset--spacing--50)\">Som aqu\u00ed per ajudar-te a impulsar la igualtat de g\u00e8nere a la teva empresa. Parlem i constru\u00efm junts un futur millor!<\/p>\n<\/div>\n<\/div>\n<\/div>\n","protected":false},"excerpt":{"rendered":"<p>Contacta&#8217;ns No dubtis a escriure&#8217;ns Som aqu\u00ed per ajudar-te a impulsar la igualtat de g\u00e8nere a la teva empresa. Parlem i constru\u00efm junts un futur millor!<\/p>\n","protected":false},"author":2,"featured_media":4693,"parent":0,"menu_order":0,"comment_status":"closed","ping_status":"closed","template":"","meta":{"footnotes":""},"class_list":["post-4773","page","type-page","status-publish","has-post-thumbnail","hentry"],"yoast_head":"<!-- This site is optimized with the Yoast SEO plugin v25.5 - https:\/\/yoast.com\/wordpress\/plugins\/seo\/ -->\n<title>Contacte - VERA MC<\/title>\n<meta name=\"description\" content=\"Som aqu\u00ed per ajudar-te a impulsar la igualtat de g\u00e8nere a la teva empresa. Parlem i constru\u00efm junts un futur millor!\" \/>\n<meta name=\"robots\" content=\"index, follow, max-snippet:-1, max-image-preview:large, max-video-preview:-1\" \/>\n<link rel=\"canonical\" href=\"https:\/\/veramc.com\/ca\/contacte\/\" \/>\n<meta property=\"og:locale\" content=\"ca_ES\" \/>\n<meta property=\"og:type\" content=\"article\" \/>\n<meta property=\"og:title\" content=\"Contacte - VERA MC\" \/>\n<meta property=\"og:description\" content=\"Som aqu\u00ed per ajudar-te a impulsar la igualtat de g\u00e8nere a la teva empresa. Parlem i constru\u00efm junts un futur millor!\" \/>\n<meta property=\"og:url\" content=\"https:\/\/veramc.com\/ca\/contacte\/\" \/>\n<meta property=\"og:site_name\" content=\"VERA MC\" \/>\n<meta property=\"article:modified_time\" content=\"2025-09-16T09:00:31+00:00\" \/>\n<meta property=\"og:image\" content=\"https:\/\/veramc.com\/wp-content\/uploads\/2025\/05\/logo.png\" \/>\n\t<meta property=\"og:image:width\" content=\"335\" \/>\n\t<meta property=\"og:image:height\" content=\"335\" \/>\n\t<meta property=\"og:image:type\" content=\"image\/png\" \/>\n<meta name=\"twitter:card\" content=\"summary_large_image\" \/>\n<meta name=\"twitter:label1\" content=\"Temps estimat de lectura\" \/>\n\t<meta name=\"twitter:data1\" content=\"1 minut\" \/>\n<script type=\"application\/ld+json\" class=\"yoast-schema-graph\">{\"@context\":\"https:\/\/schema.org\",\"@graph\":[{\"@type\":\"WebPage\",\"@id\":\"https:\/\/veramc.com\/ca\/contacte\/\",\"url\":\"https:\/\/veramc.com\/ca\/contacte\/\",\"name\":\"Contacte - VERA MC\",\"isPartOf\":{\"@id\":\"https:\/\/veramc.com\/ca\/#website\"},\"primaryImageOfPage\":{\"@id\":\"https:\/\/veramc.com\/ca\/contacte\/#primaryimage\"},\"image\":{\"@id\":\"https:\/\/veramc.com\/ca\/contacte\/#primaryimage\"},\"thumbnailUrl\":\"https:\/\/veramc.com\/wp-content\/uploads\/2025\/05\/logo.png\",\"datePublished\":\"2025-05-05T06:57:32+00:00\",\"dateModified\":\"2025-09-16T09:00:31+00:00\",\"description\":\"Som aqu\u00ed per ajudar-te a impulsar la igualtat de g\u00e8nere a la teva empresa. Parlem i constru\u00efm junts un futur millor!\",\"breadcrumb\":{\"@id\":\"https:\/\/veramc.com\/ca\/contacte\/#breadcrumb\"},\"inLanguage\":\"ca\",\"potentialAction\":[{\"@type\":\"ReadAction\",\"target\":[\"https:\/\/veramc.com\/ca\/contacte\/\"]}]},{\"@type\":\"ImageObject\",\"inLanguage\":\"ca\",\"@id\":\"https:\/\/veramc.com\/ca\/contacte\/#primaryimage\",\"url\":\"https:\/\/veramc.com\/wp-content\/uploads\/2025\/05\/logo.png\",\"contentUrl\":\"https:\/\/veramc.com\/wp-content\/uploads\/2025\/05\/logo.png\",\"width\":335,\"height\":335},{\"@type\":\"BreadcrumbList\",\"@id\":\"https:\/\/veramc.com\/ca\/contacte\/#breadcrumb\",\"itemListElement\":[{\"@type\":\"ListItem\",\"position\":1,\"name\":\"Inici\",\"item\":\"https:\/\/veramc.com\/ca\/\"},{\"@type\":\"ListItem\",\"position\":2,\"name\":\"Contacte\"}]},{\"@type\":\"WebSite\",\"@id\":\"https:\/\/veramc.com\/ca\/#website\",\"url\":\"https:\/\/veramc.com\/ca\/\",\"name\":\"VERA MC\",\"description\":\"\",\"potentialAction\":[{\"@type\":\"SearchAction\",\"target\":{\"@type\":\"EntryPoint\",\"urlTemplate\":\"https:\/\/veramc.com\/ca\/?s={search_term_string}\"},\"query-input\":{\"@type\":\"PropertyValueSpecification\",\"valueRequired\":true,\"valueName\":\"search_term_string\"}}],\"inLanguage\":\"ca\"}]}<\/script>\n<!-- \/ Yoast SEO plugin. -->","yoast_head_json":{"title":"Contacte - VERA MC","description":"Som aqu\u00ed per ajudar-te a impulsar la igualtat de g\u00e8nere a la teva empresa. Parlem i constru\u00efm junts un futur millor!","robots":{"index":"index","follow":"follow","max-snippet":"max-snippet:-1","max-image-preview":"max-image-preview:large","max-video-preview":"max-video-preview:-1"},"canonical":"https:\/\/veramc.com\/ca\/contacte\/","og_locale":"ca_ES","og_type":"article","og_title":"Contacte - VERA MC","og_description":"Som aqu\u00ed per ajudar-te a impulsar la igualtat de g\u00e8nere a la teva empresa. Parlem i constru\u00efm junts un futur millor!","og_url":"https:\/\/veramc.com\/ca\/contacte\/","og_site_name":"VERA MC","article_modified_time":"2025-09-16T09:00:31+00:00","og_image":[{"width":335,"height":335,"url":"https:\/\/veramc.com\/wp-content\/uploads\/2025\/05\/logo.png","type":"image\/png"}],"twitter_card":"summary_large_image","twitter_misc":{"Temps estimat de lectura":"1 minut"},"schema":{"@context":"https:\/\/schema.org","@graph":[{"@type":"WebPage","@id":"https:\/\/veramc.com\/ca\/contacte\/","url":"https:\/\/veramc.com\/ca\/contacte\/","name":"Contacte - VERA MC","isPartOf":{"@id":"https:\/\/veramc.com\/ca\/#website"},"primaryImageOfPage":{"@id":"https:\/\/veramc.com\/ca\/contacte\/#primaryimage"},"image":{"@id":"https:\/\/veramc.com\/ca\/contacte\/#primaryimage"},"thumbnailUrl":"https:\/\/veramc.com\/wp-content\/uploads\/2025\/05\/logo.png","datePublished":"2025-05-05T06:57:32+00:00","dateModified":"2025-09-16T09:00:31+00:00","description":"Som aqu\u00ed per ajudar-te a impulsar la igualtat de g\u00e8nere a la teva empresa. Parlem i constru\u00efm junts un futur millor!","breadcrumb":{"@id":"https:\/\/veramc.com\/ca\/contacte\/#breadcrumb"},"inLanguage":"ca","potentialAction":[{"@type":"ReadAction","target":["https:\/\/veramc.com\/ca\/contacte\/"]}]},{"@type":"ImageObject","inLanguage":"ca","@id":"https:\/\/veramc.com\/ca\/contacte\/#primaryimage","url":"https:\/\/veramc.com\/wp-content\/uploads\/2025\/05\/logo.png","contentUrl":"https:\/\/veramc.com\/wp-content\/uploads\/2025\/05\/logo.png","width":335,"height":335},{"@type":"BreadcrumbList","@id":"https:\/\/veramc.com\/ca\/contacte\/#breadcrumb","itemListElement":[{"@type":"ListItem","position":1,"name":"Inici","item":"https:\/\/veramc.com\/ca\/"},{"@type":"ListItem","position":2,"name":"Contacte"}]},{"@type":"WebSite","@id":"https:\/\/veramc.com\/ca\/#website","url":"https:\/\/veramc.com\/ca\/","name":"VERA MC","description":"","potentialAction":[{"@type":"SearchAction","target":{"@type":"EntryPoint","urlTemplate":"https:\/\/veramc.com\/ca\/?s={search_term_string}"},"query-input":{"@type":"PropertyValueSpecification","valueRequired":true,"valueName":"search_term_string"}}],"inLanguage":"ca"}]}},"_links":{"self":[{"href":"https:\/\/veramc.com\/ca\/wp-json\/wp\/v2\/pages\/4773","targetHints":{"allow":["GET"]}}],"collection":[{"href":"https:\/\/veramc.com\/ca\/wp-json\/wp\/v2\/pages"}],"about":[{"href":"https:\/\/veramc.com\/ca\/wp-json\/wp\/v2\/types\/page"}],"author":[{"embeddable":true,"href":"https:\/\/veramc.com\/ca\/wp-json\/wp\/v2\/users\/2"}],"replies":[{"embeddable":true,"href":"https:\/\/veramc.com\/ca\/wp-json\/wp\/v2\/comments?post=4773"}],"version-history":[{"count":2,"href":"https:\/\/veramc.com\/ca\/wp-json\/wp\/v2\/pages\/4773\/revisions"}],"predecessor-version":[{"id":4881,"href":"https:\/\/veramc.com\/ca\/wp-json\/wp\/v2\/pages\/4773\/revisions\/4881"}],"wp:featuredmedia":[{"embeddable":true,"href":"https:\/\/veramc.com\/ca\/wp-json\/wp\/v2\/media\/4693"}],"wp:attachment":[{"href":"https:\/\/veramc.com\/ca\/wp-json\/wp\/v2\/media?parent=4773"}],"curies":[{"name":"wp","href":"https:\/\/api.w.org\/{rel}","templated":true}]}}