{"id":4775,"date":"2025-05-05T07:57:32","date_gmt":"2025-05-05T06:57:32","guid":{"rendered":"https:\/\/veramc.com\/qui-som\/"},"modified":"2025-07-18T09:51:54","modified_gmt":"2025-07-18T08:51:54","slug":"qui-som","status":"publish","type":"page","link":"https:\/\/veramc.com\/ca\/qui-som\/","title":{"rendered":"Qui som"},"content":{"rendered":"\n<div class=\"wp-block-group alignwide hostinger-ai-fade-up has-global-padding is-layout-constrained wp-block-group-is-layout-constrained\" data-aos=\"fade-up\" style=\"padding-top:0;padding-bottom:0\">\n<div class=\"wp-block-group alignwide hostinger-ai-fade-up is-nowrap is-layout-flex wp-container-core-group-is-layout-3861760c wp-block-group-is-layout-flex\" data-aos=\"fade-up\" style=\"margin-bottom:0\">\n<div class=\"wp-block-columns is-layout-flex wp-container-core-columns-is-layout-28f84493 wp-block-columns-is-layout-flex\">\n<div class=\"wp-block-column is-layout-flow wp-block-column-is-layout-flow\" style=\"flex-basis:30%\">\n<h2 class=\"wp-block-heading has-text-align-center hostinger-ai-title has-x-large-font-size\" style=\"margin-bottom:0\">Vera MC<\/h2>\n\n\n\n<figure class=\"wp-block-image aligncenter size-thumbnail\"><img loading=\"lazy\" decoding=\"async\" width=\"150\" height=\"150\" src=\"\/wp-content\/uploads\/2025\/05\/logo-150x150.png\" alt=\"\" class=\"wp-image-22\" srcset=\"https:\/\/veramc.com\/wp-content\/uploads\/2025\/05\/logo-150x150.png 150w, https:\/\/veramc.com\/wp-content\/uploads\/2025\/05\/logo-300x300.png 300w, https:\/\/veramc.com\/wp-content\/uploads\/2025\/05\/logo.png 335w\" sizes=\"auto, (max-width: 150px) 100vw, 150px\" \/><\/figure>\n<\/div>\n\n\n\n<div class=\"wp-block-column is-vertically-aligned-center has-small-font-size is-layout-flow wp-block-column-is-layout-flow\" style=\"flex-basis:70%\">\n<p class=\"hostinger-ai-description\" style=\"font-size:clamp(14px, 0.875rem + ((1vw - 3.2px) * 0.769), 20px);\">Som professionals en l&#8217;\u00e0mbit de la igualtat de g\u00e8nere empresarial, els recursos humans i l&#8217;an\u00e0lisi de dades. Orientem i acompanyem les empreses en les seves necessitats en mat\u00e8ria d&#8217;igualtat, derivades de les noves normatives. <\/p>\n\n\n\n<p style=\"font-size:clamp(14px, 0.875rem + ((1vw - 3.2px) * 0.128), 15px);\">Aportem coneixement, experi\u00e8ncia i motivaci\u00f3 per millorar els processos, an\u00e0lisis i mesures que necessiten les empreses en aquesta \u00e0rea, fent m\u00e9s accessible la normativa legal a trav\u00e9s d&#8217;una perspectiva visual i comprensible.<\/p>\n<\/div>\n<\/div>\n<\/div>\n<\/div>\n\n\n\n<div class=\"wp-block-group alignwide has-global-padding is-layout-constrained wp-block-group-is-layout-constrained\" style=\"margin-top:var(--wp--preset--spacing--70);margin-bottom:var(--wp--preset--spacing--70);padding-top:var(--wp--preset--spacing--40);padding-bottom:var(--wp--preset--spacing--40)\">\n<div class=\"wp-block-columns alignwide are-vertically-aligned-center is-layout-flex wp-container-core-columns-is-layout-28f84493 wp-block-columns-is-layout-flex\">\n<div class=\"wp-block-column is-vertically-aligned-center is-layout-flow wp-block-column-is-layout-flow\">\n<div class=\"wp-block-media-text is-stacked-on-mobile is-vertically-aligned-bottom has-border-color has-color-1-background-color has-background\" style=\"border-color:#8e5572;border-radius:8px;margin-top:0;margin-right:0;margin-bottom:0;margin-left:0;padding-top:0;padding-bottom:0;grid-template-columns:40% auto\"><figure class=\"wp-block-media-text__media\"><a href=\"https:\/\/www.linkedin.com\/in\/claudiamollfulledasaperas\/\"><img loading=\"lazy\" decoding=\"async\" width=\"340\" height=\"340\" src=\"\/wp-content\/uploads\/2025\/06\/claudia-sin-fondo.png\" alt=\"\" class=\"wp-image-4345 size-full\" srcset=\"https:\/\/veramc.com\/wp-content\/uploads\/2025\/06\/claudia-sin-fondo.png 340w, https:\/\/veramc.com\/wp-content\/uploads\/2025\/06\/claudia-sin-fondo-300x300.png 300w, https:\/\/veramc.com\/wp-content\/uploads\/2025\/06\/claudia-sin-fondo-150x150.png 150w\" sizes=\"auto, (max-width: 340px) 100vw, 340px\" \/><\/a><\/figure><div class=\"wp-block-media-text__content\">\n<h2 class=\"wp-block-heading hostinger-ai-title has-text-color has-link-color wp-elements-b072d6fc5f12de39e04ba1e3473f214c\" style=\"color:#8e5572;margin-bottom:0;font-size:clamp(15.747px, 0.984rem + ((1vw - 3.2px) * 1.058), 24px);\"><a href=\"https:\/\/www.linkedin.com\/in\/claudiamollfulledasaperas\/\">Cl\u00e0udia Mollfulleda<\/a><\/h2>\n\n\n\n<p>Consultora d&#8217;Igualtat<\/p>\n\n\n\n<p class=\"hostinger-ai-description has-dark-color has-text-color has-link-color has-custom-1-font-size wp-elements-296aca5389661ae76cc496e2e2916fa3\" style=\"margin-top:0;margin-bottom:var(--wp--preset--spacing--40)\"><em>\u201cUn bon diagn\u00f2stic \u00e9s essencial per tenir una base correcta on treballar i adaptar-nos a cada situaci\u00f3\u201d<\/em><\/p>\n<\/div><\/div>\n<\/div>\n\n\n\n<div class=\"wp-block-column is-vertically-aligned-center is-layout-flow wp-block-column-is-layout-flow\">\n<div class=\"wp-block-media-text has-media-on-the-right is-stacked-on-mobile is-vertically-aligned-bottom has-border-color has-background\" style=\"border-color:#8e5572;border-radius:8px;background-color:#f2e8f0;margin-top:0;margin-right:0;margin-bottom:0;margin-left:0;padding-top:0;padding-bottom:0;grid-template-columns:auto 40%\"><div class=\"wp-block-media-text__content\">\n<h2 class=\"wp-block-heading hostinger-ai-title has-text-color has-link-color wp-elements-4fc23df99300a3f0c55b369a0bc6d4f8\" style=\"color:#8e5572;margin-bottom:0;font-size:clamp(15.747px, 0.984rem + ((1vw - 3.2px) * 1.058), 24px);\"><a href=\"https:\/\/www.linkedin.com\/in\/mariagomezre93\/\">Maria G\u00f3mez<\/a><\/h2>\n\n\n\n<p>Consultora d&#8217;Igualtat<\/p>\n\n\n\n<p class=\"hostinger-ai-description has-dark-color has-text-color has-link-color has-custom-1-font-size wp-elements-416265c2defb3af9a473fb59dfe9b6a6\" style=\"margin-top:0;margin-bottom:var(--wp--preset--spacing--40)\"><em><em>\u201cLa perspectiva de g\u00e8nere \u00e9s necess\u00e0ria per anar m\u00e9s enll\u00e0 de la normativa legal i crear millors entorns laborals\u201d<\/em><\/em><\/p>\n<\/div><figure class=\"wp-block-media-text__media\"><a href=\"https:\/\/www.linkedin.com\/in\/mariagomezre93\/\"><img loading=\"lazy\" decoding=\"async\" width=\"150\" height=\"150\" src=\"\/wp-content\/uploads\/2025\/06\/Maria-sin-fondo-150x150.png\" alt=\"\" class=\"wp-image-4347 size-thumbnail\" srcset=\"https:\/\/veramc.com\/wp-content\/uploads\/2025\/06\/Maria-sin-fondo-150x150.png 150w, https:\/\/veramc.com\/wp-content\/uploads\/2025\/06\/Maria-sin-fondo-300x300.png 300w, https:\/\/veramc.com\/wp-content\/uploads\/2025\/06\/Maria-sin-fondo.png 340w\" sizes=\"auto, (max-width: 150px) 100vw, 150px\" \/><\/a><\/figure><\/div>\n<\/div>\n<\/div>\n<\/div>\n\n\n\n<div class=\"wp-block-group alignfull hostinger-ai-gallery-1 hostinger-ai-fade-up is-layout-flow wp-block-group-is-layout-flow\" data-aos=\"fade-up\">\n<div class=\"wp-block-group alignwide hostinger-ai-fade-up is-layout-flow wp-container-core-group-is-layout-d574f7c0 wp-block-group-is-layout-flow\" data-aos=\"fade-up\" style=\"padding-top:var(--wp--preset--spacing--60);padding-bottom:var(--wp--preset--spacing--60)\">\n<h3 class=\"wp-block-heading alignwide has-text-align-center hostinger-ai-title has-color-3-color has-text-color has-link-color has-large-font-size wp-elements-2e73a5d48b73387e74bbdb7812601cf7\" style=\"margin-top:0;margin-right:0;margin-bottom:var(--wp--preset--spacing--50);margin-left:0\">Empreses que han confiat en nosaltres<\/h3>\n\n\n\n<p class=\"has-text-align-center hostinger-ai-description has-dark-color has-text-color has-link-color has-medium-font-size wp-elements-31d8dea8d1893ea6b86336c6a7d1e98a\" style=\"margin-top:0;margin-bottom:0\">Promovem l&#8217;equitat i la inclusi\u00f3 en l&#8217;\u00e0mbit empresarial a trav\u00e9s de la nostra consultoria.<\/p>\n\n\n\n<div class=\"wp-block-group alignwide has-global-padding is-layout-constrained wp-container-core-group-is-layout-e727e83d wp-block-group-is-layout-constrained\" style=\"padding-right:0;padding-left:0\">\n<div class=\"wp-swiper\"><div class=\"wp-swiper__wrapper\"><div class=\"swiper-container swiper\" data-swiper=\"{&quot;slidesPerView&quot;:&quot;4&quot;,&quot;navigation&quot;:false,&quot;pagination&quot;:{&quot;type&quot;:&quot;bullets&quot;},&quot;delay&quot;:3000,&quot;speed&quot;:500,&quot;loop&quot;:false,&quot;direction&quot;:&quot;horizontal&quot;,&quot;slidesOffsetBefore&quot;:0,&quot;slidesOffsetAfter&quot;:0,&quot;autoHeight&quot;:true,&quot;spaceBetween&quot;:0,&quot;releaseOnEdges&quot;:false,&quot;effect&quot;:&quot;slide&quot;,&quot;breakpoints&quot;:&quot;{\\n  \\&quot;768\\&quot;: { \\&quot;slidesPerView\\&quot;: 4 },\\n  \\&quot;480\\&quot;: { \\&quot;slidesPerView\\&quot;: 2 },\\n  \\&quot;360\\&quot;: { \\&quot;slidesPerView\\&quot;: 2 }\\n}\\n&quot;}\"><div class=\"swiper-wrapper\">\n<div data-tab=\"slide-1\" class=\"wp-swiper__slide swiper-slide\"><div class=\"wp-swiper__overlay-color\" style=\"background-color:rgba(0, 0, 0, 0)\"><\/div><div class=\"wp-swiper__slide-content\" style=\"max-width:100%\">\n<figure class=\"wp-block-image aligncenter size-full\"><img loading=\"lazy\" decoding=\"async\" width=\"375\" height=\"250\" src=\"https:\/\/veramc.com\/wp-content\/uploads\/2025\/05\/9.png\" alt=\"\" class=\"wp-image-225\" srcset=\"https:\/\/veramc.com\/wp-content\/uploads\/2025\/05\/9.png 375w, https:\/\/veramc.com\/wp-content\/uploads\/2025\/05\/9-300x200.png 300w\" sizes=\"auto, (max-width: 375px) 100vw, 375px\" \/><\/figure>\n<\/div><\/div>\n\n\n\n<div data-tab=\"slide-2\" class=\"wp-swiper__slide swiper-slide\"><div class=\"wp-swiper__overlay-color\" style=\"background-color:rgba(0, 0, 0, 0)\"><\/div><div class=\"wp-swiper__slide-content\" style=\"max-width:100%\">\n<figure class=\"wp-block-image aligncenter size-full\"><img loading=\"lazy\" decoding=\"async\" width=\"375\" height=\"250\" src=\"https:\/\/veramc.com\/wp-content\/uploads\/2025\/05\/10.png\" alt=\"\" class=\"wp-image-226\" srcset=\"https:\/\/veramc.com\/wp-content\/uploads\/2025\/05\/10.png 375w, https:\/\/veramc.com\/wp-content\/uploads\/2025\/05\/10-300x200.png 300w\" sizes=\"auto, (max-width: 375px) 100vw, 375px\" \/><\/figure>\n<\/div><\/div>\n\n\n\n<div data-tab=\"slide-3\" class=\"wp-swiper__slide swiper-slide\"><div class=\"wp-swiper__overlay-color\" style=\"background-color:rgba(0, 0, 0, 0)\"><\/div><div class=\"wp-swiper__slide-content\" style=\"max-width:100%\">\n<figure class=\"wp-block-image size-full\"><img loading=\"lazy\" decoding=\"async\" width=\"375\" height=\"250\" src=\"https:\/\/veramc.com\/wp-content\/uploads\/2025\/05\/11.png\" alt=\"\" class=\"wp-image-227\" srcset=\"https:\/\/veramc.com\/wp-content\/uploads\/2025\/05\/11.png 375w, https:\/\/veramc.com\/wp-content\/uploads\/2025\/05\/11-300x200.png 300w\" sizes=\"auto, (max-width: 375px) 100vw, 375px\" \/><\/figure>\n<\/div><\/div>\n\n\n\n<div data-tab=\"slide-4\" class=\"wp-swiper__slide swiper-slide\"><div class=\"wp-swiper__overlay-color\" style=\"background-color:rgba(0, 0, 0, 0)\"><\/div><div class=\"wp-swiper__slide-content\" style=\"max-width:100%\">\n<figure class=\"wp-block-image size-full\"><img loading=\"lazy\" decoding=\"async\" width=\"375\" height=\"250\" src=\"https:\/\/veramc.com\/wp-content\/uploads\/2025\/05\/12.png\" alt=\"\" class=\"wp-image-228\" srcset=\"https:\/\/veramc.com\/wp-content\/uploads\/2025\/05\/12.png 375w, https:\/\/veramc.com\/wp-content\/uploads\/2025\/05\/12-300x200.png 300w\" sizes=\"auto, (max-width: 375px) 100vw, 375px\" \/><\/figure>\n<\/div><\/div>\n\n\n\n<div data-tab=\"slide-5\" class=\"wp-swiper__slide swiper-slide\"><div class=\"wp-swiper__overlay-color\" style=\"background-color:rgba(0, 0, 0, 0)\"><\/div><div class=\"wp-swiper__slide-content\" style=\"max-width:100%\">\n<figure class=\"wp-block-image size-full\"><img loading=\"lazy\" decoding=\"async\" width=\"375\" height=\"250\" src=\"https:\/\/veramc.com\/wp-content\/uploads\/2025\/05\/15.png\" alt=\"\" class=\"wp-image-231\" srcset=\"https:\/\/veramc.com\/wp-content\/uploads\/2025\/05\/15.png 375w, https:\/\/veramc.com\/wp-content\/uploads\/2025\/05\/15-300x200.png 300w\" sizes=\"auto, (max-width: 375px) 100vw, 375px\" \/><\/figure>\n<\/div><\/div>\n\n\n\n<div data-tab=\"slide-6\" class=\"wp-swiper__slide swiper-slide\"><div class=\"wp-swiper__overlay-color\" style=\"background-color:rgba(0, 0, 0, 0)\"><\/div><div class=\"wp-swiper__slide-content\" style=\"max-width:100%\">\n<figure class=\"wp-block-image size-full\"><img loading=\"lazy\" decoding=\"async\" width=\"375\" height=\"250\" src=\"https:\/\/veramc.com\/wp-content\/uploads\/2025\/05\/14.png\" alt=\"\" class=\"wp-image-230\" srcset=\"https:\/\/veramc.com\/wp-content\/uploads\/2025\/05\/14.png 375w, https:\/\/veramc.com\/wp-content\/uploads\/2025\/05\/14-300x200.png 300w\" sizes=\"auto, (max-width: 375px) 100vw, 375px\" \/><\/figure>\n<\/div><\/div>\n\n\n\n<div data-tab=\"slide-7\" class=\"wp-swiper__slide swiper-slide\"><div class=\"wp-swiper__overlay-color\" style=\"background-color:rgba(0, 0, 0, 0)\"><\/div><div class=\"wp-swiper__slide-content\" style=\"max-width:100%\">\n<figure class=\"wp-block-image size-full\"><img loading=\"lazy\" decoding=\"async\" width=\"375\" height=\"250\" src=\"https:\/\/veramc.com\/wp-content\/uploads\/2025\/05\/13.png\" alt=\"\" class=\"wp-image-229\" srcset=\"https:\/\/veramc.com\/wp-content\/uploads\/2025\/05\/13.png 375w, https:\/\/veramc.com\/wp-content\/uploads\/2025\/05\/13-300x200.png 300w\" sizes=\"auto, (max-width: 375px) 100vw, 375px\" \/><\/figure>\n<\/div><\/div>\n\n\n\n<div data-tab=\"slide-8\" class=\"wp-swiper__slide swiper-slide\"><div class=\"wp-swiper__overlay-color\" style=\"background-color:rgba(0, 0, 0, 0)\"><\/div><div class=\"wp-swiper__slide-content\" style=\"max-width:100%\">\n<figure class=\"wp-block-image size-full\"><img loading=\"lazy\" decoding=\"async\" width=\"375\" height=\"250\" src=\"https:\/\/veramc.com\/wp-content\/uploads\/2025\/05\/16.png\" alt=\"\" class=\"wp-image-232\" srcset=\"https:\/\/veramc.com\/wp-content\/uploads\/2025\/05\/16.png 375w, https:\/\/veramc.com\/wp-content\/uploads\/2025\/05\/16-300x200.png 300w\" sizes=\"auto, (max-width: 375px) 100vw, 375px\" \/><\/figure>\n<\/div><\/div>\n<\/div><\/div><div class=\"swiper-pagination\"><\/div><\/div><\/div>\n<\/div>\n<\/div>\n<\/div>\n","protected":false},"excerpt":{"rendered":"<p>Vera MC Som professionals en l&#8217;\u00e0mbit de la igualtat de g\u00e8nere empresarial, els recursos humans i l&#8217;an\u00e0lisi de dades. Orientem i acompanyem les empreses en les seves necessitats en mat\u00e8ria d&#8217;igualtat, derivades de les noves normatives. Aportem coneixement, experi\u00e8ncia i motivaci\u00f3 per millorar els processos, an\u00e0lisis i mesures que necessiten les empreses en aquesta \u00e0rea, [&hellip;]<\/p>\n","protected":false},"author":1,"featured_media":4693,"parent":0,"menu_order":0,"comment_status":"closed","ping_status":"closed","template":"","meta":{"footnotes":""},"class_list":["post-4775","page","type-page","status-publish","has-post-thumbnail","hentry"],"yoast_head":"<!-- This site is optimized with the Yoast SEO plugin v25.5 - https:\/\/yoast.com\/wordpress\/plugins\/seo\/ -->\n<title>Coneix VERA MC: Expertes en Igualtat de G\u00e8nere i Consultoria<\/title>\n<meta name=\"description\" content=\"Som professionals en l&#039;\u00e0mbit de la igualtat de g\u00e8nere empresarial, els recursos humans i l&#039;an\u00e0lisi de dades. Descobreix com et podem ajudar.\" \/>\n<meta name=\"robots\" content=\"index, follow, max-snippet:-1, max-image-preview:large, max-video-preview:-1\" \/>\n<link rel=\"canonical\" href=\"https:\/\/veramc.com\/ca\/qui-som\/\" \/>\n<meta property=\"og:locale\" content=\"ca_ES\" \/>\n<meta property=\"og:type\" content=\"article\" \/>\n<meta property=\"og:title\" content=\"Coneix VERA MC: Expertes en Igualtat de G\u00e8nere i Consultoria\" \/>\n<meta property=\"og:description\" content=\"Som professionals en l&#039;\u00e0mbit de la igualtat de g\u00e8nere empresarial, els recursos humans i l&#039;an\u00e0lisi de dades. Descobreix com et podem ajudar.\" \/>\n<meta property=\"og:url\" content=\"https:\/\/veramc.com\/ca\/qui-som\/\" \/>\n<meta property=\"og:site_name\" content=\"VERA MC\" \/>\n<meta property=\"article:modified_time\" content=\"2025-07-18T08:51:54+00:00\" \/>\n<meta property=\"og:image\" content=\"https:\/\/veramc.com\/wp-content\/uploads\/2025\/05\/logo.png\" \/>\n\t<meta property=\"og:image:width\" content=\"335\" \/>\n\t<meta property=\"og:image:height\" content=\"335\" \/>\n\t<meta property=\"og:image:type\" content=\"image\/png\" \/>\n<meta name=\"twitter:card\" content=\"summary_large_image\" \/>\n<meta name=\"twitter:label1\" content=\"Temps estimat de lectura\" \/>\n\t<meta name=\"twitter:data1\" content=\"4 minuts\" \/>\n<script type=\"application\/ld+json\" class=\"yoast-schema-graph\">{\"@context\":\"https:\/\/schema.org\",\"@graph\":[{\"@type\":\"WebPage\",\"@id\":\"https:\/\/veramc.com\/ca\/qui-som\/\",\"url\":\"https:\/\/veramc.com\/ca\/qui-som\/\",\"name\":\"Coneix VERA MC: Expertes en Igualtat de G\u00e8nere i Consultoria\",\"isPartOf\":{\"@id\":\"https:\/\/veramc.com\/ca\/#website\"},\"primaryImageOfPage\":{\"@id\":\"https:\/\/veramc.com\/ca\/qui-som\/#primaryimage\"},\"image\":{\"@id\":\"https:\/\/veramc.com\/ca\/qui-som\/#primaryimage\"},\"thumbnailUrl\":\"https:\/\/veramc.com\/wp-content\/uploads\/2025\/05\/logo.png\",\"datePublished\":\"2025-05-05T06:57:32+00:00\",\"dateModified\":\"2025-07-18T08:51:54+00:00\",\"description\":\"Som professionals en l'\u00e0mbit de la igualtat de g\u00e8nere empresarial, els recursos humans i l'an\u00e0lisi de dades. Descobreix com et podem ajudar.\",\"breadcrumb\":{\"@id\":\"https:\/\/veramc.com\/ca\/qui-som\/#breadcrumb\"},\"inLanguage\":\"ca\",\"potentialAction\":[{\"@type\":\"ReadAction\",\"target\":[\"https:\/\/veramc.com\/ca\/qui-som\/\"]}]},{\"@type\":\"ImageObject\",\"inLanguage\":\"ca\",\"@id\":\"https:\/\/veramc.com\/ca\/qui-som\/#primaryimage\",\"url\":\"https:\/\/veramc.com\/wp-content\/uploads\/2025\/05\/logo.png\",\"contentUrl\":\"https:\/\/veramc.com\/wp-content\/uploads\/2025\/05\/logo.png\",\"width\":335,\"height\":335},{\"@type\":\"BreadcrumbList\",\"@id\":\"https:\/\/veramc.com\/ca\/qui-som\/#breadcrumb\",\"itemListElement\":[{\"@type\":\"ListItem\",\"position\":1,\"name\":\"Inici\",\"item\":\"https:\/\/veramc.com\/ca\/\"},{\"@type\":\"ListItem\",\"position\":2,\"name\":\"Qui som\"}]},{\"@type\":\"WebSite\",\"@id\":\"https:\/\/veramc.com\/ca\/#website\",\"url\":\"https:\/\/veramc.com\/ca\/\",\"name\":\"VERA MC\",\"description\":\"\",\"potentialAction\":[{\"@type\":\"SearchAction\",\"target\":{\"@type\":\"EntryPoint\",\"urlTemplate\":\"https:\/\/veramc.com\/ca\/?s={search_term_string}\"},\"query-input\":{\"@type\":\"PropertyValueSpecification\",\"valueRequired\":true,\"valueName\":\"search_term_string\"}}],\"inLanguage\":\"ca\"}]}<\/script>\n<!-- \/ Yoast SEO plugin. -->","yoast_head_json":{"title":"Coneix VERA MC: Expertes en Igualtat de G\u00e8nere i Consultoria","description":"Som professionals en l'\u00e0mbit de la igualtat de g\u00e8nere empresarial, els recursos humans i l'an\u00e0lisi de dades. Descobreix com et podem ajudar.","robots":{"index":"index","follow":"follow","max-snippet":"max-snippet:-1","max-image-preview":"max-image-preview:large","max-video-preview":"max-video-preview:-1"},"canonical":"https:\/\/veramc.com\/ca\/qui-som\/","og_locale":"ca_ES","og_type":"article","og_title":"Coneix VERA MC: Expertes en Igualtat de G\u00e8nere i Consultoria","og_description":"Som professionals en l'\u00e0mbit de la igualtat de g\u00e8nere empresarial, els recursos humans i l'an\u00e0lisi de dades. Descobreix com et podem ajudar.","og_url":"https:\/\/veramc.com\/ca\/qui-som\/","og_site_name":"VERA MC","article_modified_time":"2025-07-18T08:51:54+00:00","og_image":[{"width":335,"height":335,"url":"https:\/\/veramc.com\/wp-content\/uploads\/2025\/05\/logo.png","type":"image\/png"}],"twitter_card":"summary_large_image","twitter_misc":{"Temps estimat de lectura":"4 minuts"},"schema":{"@context":"https:\/\/schema.org","@graph":[{"@type":"WebPage","@id":"https:\/\/veramc.com\/ca\/qui-som\/","url":"https:\/\/veramc.com\/ca\/qui-som\/","name":"Coneix VERA MC: Expertes en Igualtat de G\u00e8nere i Consultoria","isPartOf":{"@id":"https:\/\/veramc.com\/ca\/#website"},"primaryImageOfPage":{"@id":"https:\/\/veramc.com\/ca\/qui-som\/#primaryimage"},"image":{"@id":"https:\/\/veramc.com\/ca\/qui-som\/#primaryimage"},"thumbnailUrl":"https:\/\/veramc.com\/wp-content\/uploads\/2025\/05\/logo.png","datePublished":"2025-05-05T06:57:32+00:00","dateModified":"2025-07-18T08:51:54+00:00","description":"Som professionals en l'\u00e0mbit de la igualtat de g\u00e8nere empresarial, els recursos humans i l'an\u00e0lisi de dades. Descobreix com et podem ajudar.","breadcrumb":{"@id":"https:\/\/veramc.com\/ca\/qui-som\/#breadcrumb"},"inLanguage":"ca","potentialAction":[{"@type":"ReadAction","target":["https:\/\/veramc.com\/ca\/qui-som\/"]}]},{"@type":"ImageObject","inLanguage":"ca","@id":"https:\/\/veramc.com\/ca\/qui-som\/#primaryimage","url":"https:\/\/veramc.com\/wp-content\/uploads\/2025\/05\/logo.png","contentUrl":"https:\/\/veramc.com\/wp-content\/uploads\/2025\/05\/logo.png","width":335,"height":335},{"@type":"BreadcrumbList","@id":"https:\/\/veramc.com\/ca\/qui-som\/#breadcrumb","itemListElement":[{"@type":"ListItem","position":1,"name":"Inici","item":"https:\/\/veramc.com\/ca\/"},{"@type":"ListItem","position":2,"name":"Qui som"}]},{"@type":"WebSite","@id":"https:\/\/veramc.com\/ca\/#website","url":"https:\/\/veramc.com\/ca\/","name":"VERA MC","description":"","potentialAction":[{"@type":"SearchAction","target":{"@type":"EntryPoint","urlTemplate":"https:\/\/veramc.com\/ca\/?s={search_term_string}"},"query-input":{"@type":"PropertyValueSpecification","valueRequired":true,"valueName":"search_term_string"}}],"inLanguage":"ca"}]}},"_links":{"self":[{"href":"https:\/\/veramc.com\/ca\/wp-json\/wp\/v2\/pages\/4775","targetHints":{"allow":["GET"]}}],"collection":[{"href":"https:\/\/veramc.com\/ca\/wp-json\/wp\/v2\/pages"}],"about":[{"href":"https:\/\/veramc.com\/ca\/wp-json\/wp\/v2\/types\/page"}],"author":[{"embeddable":true,"href":"https:\/\/veramc.com\/ca\/wp-json\/wp\/v2\/users\/1"}],"replies":[{"embeddable":true,"href":"https:\/\/veramc.com\/ca\/wp-json\/wp\/v2\/comments?post=4775"}],"version-history":[{"count":1,"href":"https:\/\/veramc.com\/ca\/wp-json\/wp\/v2\/pages\/4775\/revisions"}],"predecessor-version":[{"id":4865,"href":"https:\/\/veramc.com\/ca\/wp-json\/wp\/v2\/pages\/4775\/revisions\/4865"}],"wp:featuredmedia":[{"embeddable":true,"href":"https:\/\/veramc.com\/ca\/wp-json\/wp\/v2\/media\/4693"}],"wp:attachment":[{"href":"https:\/\/veramc.com\/ca\/wp-json\/wp\/v2\/media?parent=4775"}],"curies":[{"name":"wp","href":"https:\/\/api.w.org\/{rel}","templated":true}]}}