{"id":4778,"date":"2025-05-20T10:22:34","date_gmt":"2025-05-20T09:22:34","guid":{"rendered":"https:\/\/veramc.com\/registre-retributiu\/"},"modified":"2025-05-20T10:22:34","modified_gmt":"2025-05-20T09:22:34","slug":"registre-retributiu","status":"publish","type":"page","link":"https:\/\/veramc.com\/ca\/registre-retributiu\/","title":{"rendered":"Registre Retributiu"},"content":{"rendered":"\n<div class=\"wp-block-group alignwide hostinger-ai-fade-up is-layout-flow wp-block-group-is-layout-flow\" data-aos=\"fade-up\">\n<h2 class=\"wp-block-heading alignwide\">Qu\u00e8 \u00e9s el Registre Retributiu?<\/h2>\n\n\n\n<div class=\"wp-block-columns is-layout-flex wp-container-core-columns-is-layout-28f84493 wp-block-columns-is-layout-flex\">\n<div class=\"wp-block-column is-layout-flow wp-block-column-is-layout-flow\">\n<figure class=\"wp-block-image aligncenter size-full\"><img loading=\"lazy\" decoding=\"async\" width=\"1000\" height=\"587\" src=\"https:\/\/veramc.com\/wp-content\/uploads\/2025\/06\/registro-retributivo-1.jpg\" alt=\"\" class=\"wp-image-4107\" srcset=\"https:\/\/veramc.com\/wp-content\/uploads\/2025\/06\/registro-retributivo-1.jpg 1000w, https:\/\/veramc.com\/wp-content\/uploads\/2025\/06\/registro-retributivo-1-300x176.jpg 300w, https:\/\/veramc.com\/wp-content\/uploads\/2025\/06\/registro-retributivo-1-768x451.jpg 768w\" sizes=\"auto, (max-width: 1000px) 100vw, 1000px\" \/><\/figure>\n<\/div>\n\n\n\n<div class=\"wp-block-column is-layout-flow wp-block-column-is-layout-flow\">\n<p>\u00c9s el c\u00e0lcul de la <strong>bretxa salarial<\/strong> en cada concepte de la n\u00f2mina seguint les categories o grups professionals definits a la teva empresa.<\/p>\n\n\n\n<p>\u200b<strong>El RD 902\/2020<\/strong> obliga totes les empreses a examinar el salari del seu personal i elaborar el registre retributiu anualment.<\/p>\n<\/div>\n<\/div>\n\n\n\n<h2 class=\"wp-block-heading alignwide\" style=\"margin-top:var(--wp--preset--spacing--70)\">Com es calcula la bretxa salarial?<\/h2>\n\n\n\n<p>Es fa la mitjana i la mediana dels imports salarials segregats per sexe, i es resta a la mitjana del grup d&#8217;homes la mitjana del grup de la dona. La difer\u00e8ncia salarial es divideix pel salari de l&#8217;home, i el resultat es multiplica per 100 perqu\u00e8 sigui un percentatge.  <\/p>\n\n\n\n<p>La bretxa salarial positiva \u00e9s el&nbsp;<strong>percentatge de salari que cobren de m\u00e9s els homes respecte a les dones<\/strong>. Si la bretxa salarial \u00e9s negativa, el grup de dones se situa per sobre del grup d&#8217;homes. <\/p>\n\n\n\n<figure class=\"wp-block-video aligncenter\"><video autoplay=\"\" muted=\"\" src=\"https:\/\/veramc.com\/wp-content\/uploads\/2025\/05\/Video-Registre-retributiu.mp4\"><\/video><\/figure>\n<\/div>\n\n\n\n<div class=\"wp-block-group alignfull hostinger-ai-our-services-2 hostinger-ai-fade-up has-color-2-background-color has-background has-global-padding is-layout-constrained wp-block-group-is-layout-constrained\" data-aos=\"fade-up\" style=\"margin-bottom:0;padding-top:var(--wp--preset--spacing--60);padding-bottom:var(--wp--preset--spacing--60)\">\n<div class=\"wp-block-group alignwide hostinger-ai-fade-up is-layout-flow wp-block-group-is-layout-flow\" data-aos=\"fade-up\">\n<h2 class=\"wp-block-heading alignwide has-light-color has-text-color has-link-color wp-elements-ee0a7940b912687572fe03c684ee1bec\">Proc\u00e9s per elaborar el Registre Retributiu<br><\/h2>\n\n\n\n<p class=\"has-light-color has-text-color has-link-color wp-elements-6765d972a5e900ab9840256bd8f74da2\">El nostre equip s&#8217;encarrega de tot el proc\u00e9s perqu\u00e8 la teva empresa compleixi amb la&nbsp;<strong>normativa d&#8217;igualtat salarial<\/strong>. Aquests s\u00f3n els passos principals: <\/p>\n\n\n\n<div class=\"wp-block-group alignwide hostinger-ai-fade-up is-layout-grid wp-container-core-group-is-layout-88c98fc8 wp-block-group-is-layout-grid\" data-aos=\"fade-up\">\n<div class=\"wp-block-group hostinger-ai-fade-up has-background has-global-padding is-layout-constrained wp-container-core-group-is-layout-52009084 wp-block-group-is-layout-constrained\" data-aos=\"fade-up\" style=\"border-radius:8px;background-color:#eeeeee;padding-top:var(--wp--preset--spacing--40);padding-right:var(--wp--preset--spacing--40);padding-bottom:var(--wp--preset--spacing--40);padding-left:var(--wp--preset--spacing--40)\">\n<h2 class=\"wp-block-heading has-text-align-center has-medium-font-size\">1. Recollida i an\u00e0lisi de la informaci\u00f3 salarial<\/h2>\n\n\n\n<p class=\"has-text-align-center hostinger-ai-service-description has-color-2-color has-text-color has-link-color has-custom-1-font-size wp-elements-c77c5ba7e12cd5f86e118b8812d62554\" style=\"margin-top:var(--wp--preset--spacing--40)\">Revisem tots els conceptes retributius de la plantilla (salari base, complements, extrasalarials&#8230;) desglossats per sexe, categoria professional i lloc de treball.<\/p>\n<\/div>\n\n\n\n<div class=\"wp-block-group hostinger-ai-fade-up has-background has-global-padding is-layout-constrained wp-container-core-group-is-layout-52009084 wp-block-group-is-layout-constrained\" data-aos=\"fade-up\" style=\"border-radius:8px;background-color:#eeeeee;padding-top:var(--wp--preset--spacing--40);padding-right:var(--wp--preset--spacing--40);padding-bottom:var(--wp--preset--spacing--40);padding-left:var(--wp--preset--spacing--40)\">\n<h2 class=\"wp-block-heading has-text-align-center has-medium-font-size\">2. Elaboraci\u00f3 del document amb perspectiva de g\u00e8nere<\/h2>\n\n\n\n<p class=\"has-text-align-center hostinger-ai-service-description has-color-2-color has-text-color has-link-color has-custom-1-font-size wp-elements-72f748cdeb0279111f0dedcd0109c0ba\" style=\"margin-top:var(--wp--preset--spacing--40)\">Creem el registre retributiu segons el format obligatori, identificant possibles desigualtats salarials injustificades entre homes i dones.<\/p>\n<\/div>\n\n\n\n<div class=\"wp-block-group hostinger-ai-fade-up has-background has-global-padding is-layout-constrained wp-container-core-group-is-layout-52009084 wp-block-group-is-layout-constrained\" data-aos=\"fade-up\" style=\"border-radius:8px;background-color:#eeeeee;padding-top:var(--wp--preset--spacing--40);padding-right:var(--wp--preset--spacing--40);padding-bottom:var(--wp--preset--spacing--40);padding-left:var(--wp--preset--spacing--40)\">\n<h2 class=\"wp-block-heading has-text-align-center has-medium-font-size\">3. Informe final i lliurament del registre<\/h2>\n\n\n\n<p class=\"has-text-align-center hostinger-ai-service-description has-color-2-color has-text-color has-link-color has-custom-1-font-size wp-elements-1c64795d5e36bc6227e02353e98e043f\" style=\"margin-top:var(--wp--preset--spacing--40)\">Lliurem un informe complet i comprensible, adaptat a la normativa vigent, llest per ser presentat davant la Inspecci\u00f3 de Treball si fos necessari.<\/p>\n<\/div>\n<\/div>\n<\/div>\n<\/div>\n\n\n\n<div class=\"wp-block-group alignwide hostinger-ai-fade-up is-layout-flow wp-block-group-is-layout-flow\" data-aos=\"fade-up\">\n<h2 class=\"wp-block-heading alignwide\">Avantatges de comptar amb un Registre Retributiu<\/h2>\n\n\n\n<div class=\"wp-block-group alignwide hostinger-ai-fade-up is-layout-grid wp-container-core-group-is-layout-88c98fc8 wp-block-group-is-layout-grid\" data-aos=\"fade-up\">\n<div class=\"wp-block-group hostinger-ai-fade-up has-color-1-background-color has-background has-global-padding is-layout-constrained wp-container-core-group-is-layout-52009084 wp-block-group-is-layout-constrained\" data-aos=\"fade-up\" style=\"border-radius:8px;padding-top:var(--wp--preset--spacing--40);padding-right:var(--wp--preset--spacing--40);padding-bottom:var(--wp--preset--spacing--40);padding-left:var(--wp--preset--spacing--40)\">\n<h2 class=\"wp-block-heading has-text-align-center has-medium-font-size\">Compliment Legal<\/h2>\n\n\n\n<p class=\"has-text-align-center hostinger-ai-service-description has-color-2-color has-text-color has-link-color has-custom-1-font-size wp-elements-93495b8f4afa31d1df0fe1fa2c4b546b\" style=\"margin-top:var(--wp--preset--spacing--40)\">Evita multes i demostra el teu comprom\u00eds amb la igualtat retributiva, tal com exigeix el Reial Decret 902\/2020.<\/p>\n<\/div>\n\n\n\n<div class=\"wp-block-group hostinger-ai-fade-up has-color-1-background-color has-background has-global-padding is-layout-constrained wp-container-core-group-is-layout-52009084 wp-block-group-is-layout-constrained\" data-aos=\"fade-up\" style=\"border-radius:8px;padding-top:var(--wp--preset--spacing--40);padding-right:var(--wp--preset--spacing--40);padding-bottom:var(--wp--preset--spacing--40);padding-left:var(--wp--preset--spacing--40)\">\n<h2 class=\"wp-block-heading has-text-align-center has-medium-font-size\">Millora de la reputaci\u00f3 corporativa<\/h2>\n\n\n\n<p class=\"has-text-align-center hostinger-ai-service-description has-color-2-color has-text-color has-link-color has-custom-1-font-size wp-elements-3f4e9e51383d1e4908b5d2ed7b185348\" style=\"margin-top:var(--wp--preset--spacing--40)\">Tenir un registre actualitzat refor\u00e7a la teva imatge com a empresa compromesa amb la igualtat de g\u00e8nere i els drets laborals.<\/p>\n<\/div>\n\n\n\n<div class=\"wp-block-group hostinger-ai-fade-up has-color-1-background-color has-background has-global-padding is-layout-constrained wp-container-core-group-is-layout-52009084 wp-block-group-is-layout-constrained\" data-aos=\"fade-up\" style=\"border-radius:8px;padding-top:var(--wp--preset--spacing--40);padding-right:var(--wp--preset--spacing--40);padding-bottom:var(--wp--preset--spacing--40);padding-left:var(--wp--preset--spacing--40)\">\n<h2 class=\"wp-block-heading has-text-align-center has-medium-font-size\">Detecci\u00f3 de bretxes salarials reals<\/h2>\n\n\n\n<p class=\"has-text-align-center hostinger-ai-service-description has-color-2-color has-text-color has-link-color has-custom-1-font-size wp-elements-079ed1ea3a17e2809bf2d503670391d7\" style=\"margin-top:var(--wp--preset--spacing--40)\">Et permet identificar desigualtats, prendre decisions correctives i millorar el clima laboral i l&#8217;equitat interna.<\/p>\n<\/div>\n<\/div>\n<\/div>\n\n\n\n<div class=\"wp-block-group alignfull hostinger-ai-our-services-2 hostinger-ai-fade-up has-color-2-background-color has-background has-global-padding is-layout-constrained wp-block-group-is-layout-constrained\" data-aos=\"fade-up\" style=\"margin-bottom:0;padding-top:var(--wp--preset--spacing--60);padding-bottom:var(--wp--preset--spacing--60)\">\n<div class=\"wp-block-group alignwide hostinger-ai-fade-up is-layout-flow wp-block-group-is-layout-flow\" data-aos=\"fade-up\">\n<h2 class=\"wp-block-heading alignwide has-light-color has-text-color has-link-color wp-elements-5aa5ea9eba739b4d6298fc4534def31a\">Preguntes Freq\u00fcents (FAQ) sobre el Registre Retributiu<\/h2>\n\n\n\n<details class=\"wp-block-details has-light-color has-text-color has-link-color wp-elements-5cce2e057e4b8940be543948f2326ce9 is-layout-flow wp-block-details-is-layout-flow\"><summary>Quines empreses estan obligades a tenir un registre retributiu?<\/summary>\n<p>Totes, independentment del nombre de persones treballadores. \u00c9s una obligaci\u00f3 legal des del 14 d&#8217;abril de 2021. <\/p>\n<\/details>\n\n\n\n<details class=\"wp-block-details has-light-color has-text-color has-link-color wp-elements-7ec80f12e4c63a996a9e372382d0f401 is-layout-flow wp-block-details-is-layout-flow\"><summary>Cada quant temps s&#8217;ha d&#8217;actualitzar?<br><\/summary>\n<p>Almenys una vegada a l&#8217;any, o quan hi hagi canvis rellevants en l&#8217;estructura salarial de l&#8217;empresa.<\/p>\n<\/details>\n\n\n\n<details class=\"wp-block-details has-light-color has-text-color has-link-color wp-elements-5049c7798fac556d0cd6a11a2d708f5d is-layout-flow wp-block-details-is-layout-flow\"><summary>\u00c9s el mateix que l&#8217;Auditoria Retributiva?<\/summary>\n<p>No. El Registre \u00e9s obligatori per a totes les empreses; l&#8217;auditoria retributiva nom\u00e9s s&#8217;aplica a aquelles que tenen un Pla d&#8217;Igualtat obligatori. <\/p>\n<\/details>\n\n\n\n<details class=\"wp-block-details has-light-color has-text-color has-link-color wp-elements-d3a47aed7fd8f336e33bac2ec4b86a82 is-layout-flow wp-block-details-is-layout-flow\"><summary>Qu\u00e8 passa si no se&#8217;n t\u00e9?<\/summary>\n<p>La Inspecci\u00f3 de Treball pot sol\u00b7licitar-lo en qualsevol moment i, si no se&#8217;n disposa, es poden imposar sancions econ\u00f2miques importants.<\/p>\n<\/details>\n\n\n\n<details class=\"wp-block-details has-light-color has-text-color has-link-color wp-elements-1a799942502909f6079d3794d1fab115 is-layout-flow wp-block-details-is-layout-flow\"><summary>Qui pot sol\u00b7licitar acc\u00e9s al registre retributiu?<\/summary>\n<p>La representaci\u00f3 legal de les persones treballadores i, en abs\u00e8ncia d&#8217;aquesta, qualsevol treballador\/a pot consultar-lo amb informaci\u00f3 mitjana i anonimitzada.<\/p>\n<\/details>\n<\/div>\n<\/div>\n\n\n\n<div class=\"wp-block-group alignwide hostinger-ai-fade-up is-layout-flow wp-block-group-is-layout-flow\" data-aos=\"fade-up\">\n<h2 class=\"wp-block-heading alignwide\">Com treballem a Vera MC per elaborar el Registre Retributiu?<\/h2>\n\n\n\n<p>Nosaltres ens encarreguem de tot. Us &nbsp;<strong>expliquem quines s\u00f3n les dades necess\u00e0ries<\/strong> per realitzar l&#8217;informe i us facilitem una&nbsp;<strong>plantilla<\/strong> perqu\u00e8 pugueu introduir-les.&nbsp;<strong>Garantim el lliurament de l&#8217;informe<\/strong> final amb tots els c\u00e0lculs en&nbsp;<strong>10 dies<\/strong>. Us resolem qualsevol dubte durant tot el proc\u00e9s. <\/p>\n\n\n\n<p>Si vols assegurar-te que la teva empresa compleix amb la normativa i promou la&nbsp;<strong>igualtat salarial<\/strong> entre homes i dones,&nbsp;<strong>contacta&#8217;ns<\/strong>. T&#8217;ajudem a complir amb les exig\u00e8ncies legals i a millorar el clima laboral de la teva empresa. <\/p>\n<\/div>\n\n\n\n<div class=\"wp-block-group alignfull has-color-1-background-color has-background is-vertical is-content-justification-center is-layout-flex wp-container-core-group-is-layout-04f3bf80 wp-block-group-is-layout-flex\" style=\"margin-top:var(--wp--preset--spacing--60);margin-bottom:0\">\n<h2 class=\"wp-block-heading has-text-align-center hostinger-ai-title has-dark-color has-text-color has-link-color has-x-large-font-size wp-elements-787cee2bac7efa1167b1ec946746d654\" style=\"margin-top:var(--wp--preset--spacing--60);margin-bottom:0\">Cont\u00e1ctanos<\/h2>\n\n\n\n<div class=\"wp-block-group has-global-padding is-layout-constrained wp-container-core-group-is-layout-4344ec09 wp-block-group-is-layout-constrained\" style=\"padding-right:var(--wp--preset--spacing--50);padding-left:var(--wp--preset--spacing--50)\">\n<div class=\"wpcf7 no-js\" id=\"wpcf7-f4662-o1\" lang=\"ca\" dir=\"ltr\" data-wpcf7-id=\"4662\">\n<div class=\"screen-reader-response\"><p role=\"status\" aria-live=\"polite\" aria-atomic=\"true\"><\/p> <ul><\/ul><\/div>\n<form action=\"\/ca\/wp-json\/wp\/v2\/pages\/4778#wpcf7-f4662-o1\" method=\"post\" class=\"wpcf7-form init\" aria-label=\"Formulari de contacte\" novalidate=\"novalidate\" data-status=\"init\">\n<fieldset class=\"hidden-fields-container\"><input type=\"hidden\" name=\"_wpcf7\" value=\"4662\" \/><input type=\"hidden\" name=\"_wpcf7_version\" value=\"6.1.1\" \/><input type=\"hidden\" name=\"_wpcf7_locale\" value=\"ca\" \/><input type=\"hidden\" name=\"_wpcf7_unit_tag\" value=\"wpcf7-f4662-o1\" \/><input type=\"hidden\" name=\"_wpcf7_container_post\" value=\"0\" \/><input type=\"hidden\" name=\"_wpcf7_posted_data_hash\" value=\"\" \/>\n<\/fieldset>\n<p><label> <strong>Nom i cognom\/s<\/strong><br \/>\n<span class=\"wpcf7-form-control-wrap\" data-name=\"your-name\"><input size=\"40\" maxlength=\"400\" class=\"wpcf7-form-control wpcf7-text wpcf7-validates-as-required form-input\" aria-required=\"true\" aria-invalid=\"false\" placeholder=\"Com et dius?\" value=\"\" type=\"text\" name=\"your-name\" \/><\/span> <\/label>\n<\/p>\n<p><label> <strong>Email<\/strong><br \/>\n<span class=\"wpcf7-form-control-wrap\" data-name=\"your-email\"><input size=\"40\" maxlength=\"400\" class=\"wpcf7-form-control wpcf7-email wpcf7-validates-as-required wpcf7-text wpcf7-validates-as-email form-input\" aria-required=\"true\" aria-invalid=\"false\" placeholder=\"Quin \u00e9s el teu correu electr\u00f2nic?\" value=\"\" type=\"email\" name=\"your-email\" \/><\/span> <\/label>\n<\/p>\n<p><label><strong>Missatge<\/strong><br \/>\n<span class=\"wpcf7-form-control-wrap\" data-name=\"your-message\"><textarea cols=\"40\" rows=\"10\" maxlength=\"2000\" class=\"wpcf7-form-control wpcf7-textarea wpcf7-validates-as-required form-textarea\" aria-required=\"true\" aria-invalid=\"false\" placeholder=\"Escriu el teu missatge...\" name=\"your-message\"><\/textarea><\/span><\/label><br \/>\n<span id=\"wpcf7-69fdef88ba5d7-wrapper\" class=\"wpcf7-form-control-wrap honeypot-573-wrap\" style=\"display:none !important; visibility:hidden !important;\"><label for=\"wpcf7-69fdef88ba5d7-field\" class=\"hp-message\">Deixeu aquest camp buit.<\/label><input id=\"wpcf7-69fdef88ba5d7-field\"  class=\"wpcf7-form-control wpcf7-text\" type=\"text\" name=\"honeypot-573\" value=\"\" size=\"40\" tabindex=\"-1\" autocomplete=\"new-password\" \/><\/span><br \/>\n<span class=\"wpcf7-form-control-wrap\" data-name=\"your-consent\"><span class=\"wpcf7-form-control wpcf7-acceptance\"><span class=\"wpcf7-list-item\"><label><input type=\"checkbox\" name=\"your-consent\" value=\"1\" aria-invalid=\"false\" \/><span class=\"wpcf7-list-item-label\">Autoritzo l'\u00fas de les dades personals facilitades per tal de respondre a la sol\u00b7licitud segons el que descriu <a href=\"\/politica-de-privacidad\" target=\"_blank\">la Pol\u00edtica de Privadesa<\/a> que he llegit. Puc retirar el meu consentiment en qualsevol moment.<\/span><\/label><\/span><\/span><\/span>\n<\/p>\n<p><input class=\"wpcf7-form-control wpcf7-submit has-spinner\" type=\"submit\" value=\"Enviar missatge\" \/>\n<\/p><div class=\"wpcf7-response-output\" aria-hidden=\"true\"><\/div>\n<\/form>\n<\/div>\n\n<\/div>\n<\/div>\n","protected":false},"excerpt":{"rendered":"<p>Qu\u00e8 \u00e9s el Registre Retributiu? \u00c9s el c\u00e0lcul de la bretxa salarial en cada concepte de la n\u00f2mina seguint les categories o grups professionals definits a la teva empresa. \u200bEl RD 902\/2020 obliga totes les empreses a examinar el salari del seu personal i elaborar el registre retributiu anualment. Com es calcula la bretxa salarial? [&hellip;]<\/p>\n","protected":false},"author":2,"featured_media":4738,"parent":0,"menu_order":0,"comment_status":"closed","ping_status":"closed","template":"servicio","meta":{"footnotes":""},"class_list":["post-4778","page","type-page","status-publish","has-post-thumbnail","hentry"],"yoast_head":"<!-- This site is optimized with the Yoast SEO plugin v25.5 - https:\/\/yoast.com\/wordpress\/plugins\/seo\/ -->\n<title>Registre Retributiu per a Empreses | Vera MC<\/title>\n<meta name=\"description\" content=\"A Vera MC t&#039;ajudem a elaborar i implementar el Registre Retributiu de la teva empresa, assegurant la transpar\u00e8ncia i l&#039;equitat salarial.\" \/>\n<meta name=\"robots\" content=\"index, follow, max-snippet:-1, max-image-preview:large, max-video-preview:-1\" \/>\n<link rel=\"canonical\" href=\"https:\/\/veramc.com\/ca\/registre-retributiu\/\" \/>\n<meta property=\"og:locale\" content=\"ca_ES\" \/>\n<meta property=\"og:type\" content=\"article\" \/>\n<meta property=\"og:title\" content=\"Registre Retributiu per a Empreses | Vera MC\" \/>\n<meta property=\"og:description\" content=\"A Vera MC t&#039;ajudem a elaborar i implementar el Registre Retributiu de la teva empresa, assegurant la transpar\u00e8ncia i l&#039;equitat salarial.\" \/>\n<meta property=\"og:url\" content=\"https:\/\/veramc.com\/ca\/registre-retributiu\/\" \/>\n<meta property=\"og:site_name\" content=\"VERA MC\" \/>\n<meta property=\"og:image\" content=\"https:\/\/veramc.com\/wp-content\/uploads\/2025\/05\/17.png\" \/>\n\t<meta property=\"og:image:width\" content=\"340\" \/>\n\t<meta property=\"og:image:height\" content=\"340\" \/>\n\t<meta property=\"og:image:type\" content=\"image\/png\" \/>\n<meta name=\"twitter:card\" content=\"summary_large_image\" \/>\n<meta name=\"twitter:label1\" content=\"Temps estimat de lectura\" \/>\n\t<meta name=\"twitter:data1\" content=\"3 minuts\" \/>\n<script type=\"application\/ld+json\" class=\"yoast-schema-graph\">{\"@context\":\"https:\/\/schema.org\",\"@graph\":[{\"@type\":\"WebPage\",\"@id\":\"https:\/\/veramc.com\/ca\/registre-retributiu\/\",\"url\":\"https:\/\/veramc.com\/ca\/registre-retributiu\/\",\"name\":\"Registre Retributiu per a Empreses | Vera MC\",\"isPartOf\":{\"@id\":\"https:\/\/veramc.com\/ca\/#website\"},\"primaryImageOfPage\":{\"@id\":\"https:\/\/veramc.com\/ca\/registre-retributiu\/#primaryimage\"},\"image\":{\"@id\":\"https:\/\/veramc.com\/ca\/registre-retributiu\/#primaryimage\"},\"thumbnailUrl\":\"https:\/\/veramc.com\/wp-content\/uploads\/2025\/05\/17.png\",\"datePublished\":\"2025-05-20T09:22:34+00:00\",\"description\":\"A Vera MC t'ajudem a elaborar i implementar el Registre Retributiu de la teva empresa, assegurant la transpar\u00e8ncia i l'equitat salarial.\",\"breadcrumb\":{\"@id\":\"https:\/\/veramc.com\/ca\/registre-retributiu\/#breadcrumb\"},\"inLanguage\":\"ca\",\"potentialAction\":[{\"@type\":\"ReadAction\",\"target\":[\"https:\/\/veramc.com\/ca\/registre-retributiu\/\"]}]},{\"@type\":\"ImageObject\",\"inLanguage\":\"ca\",\"@id\":\"https:\/\/veramc.com\/ca\/registre-retributiu\/#primaryimage\",\"url\":\"https:\/\/veramc.com\/wp-content\/uploads\/2025\/05\/17.png\",\"contentUrl\":\"https:\/\/veramc.com\/wp-content\/uploads\/2025\/05\/17.png\",\"width\":340,\"height\":340},{\"@type\":\"BreadcrumbList\",\"@id\":\"https:\/\/veramc.com\/ca\/registre-retributiu\/#breadcrumb\",\"itemListElement\":[{\"@type\":\"ListItem\",\"position\":1,\"name\":\"Inici\",\"item\":\"https:\/\/veramc.com\/ca\/\"},{\"@type\":\"ListItem\",\"position\":2,\"name\":\"Registre Retributiu\"}]},{\"@type\":\"WebSite\",\"@id\":\"https:\/\/veramc.com\/ca\/#website\",\"url\":\"https:\/\/veramc.com\/ca\/\",\"name\":\"VERA MC\",\"description\":\"\",\"potentialAction\":[{\"@type\":\"SearchAction\",\"target\":{\"@type\":\"EntryPoint\",\"urlTemplate\":\"https:\/\/veramc.com\/ca\/?s={search_term_string}\"},\"query-input\":{\"@type\":\"PropertyValueSpecification\",\"valueRequired\":true,\"valueName\":\"search_term_string\"}}],\"inLanguage\":\"ca\"}]}<\/script>\n<!-- \/ Yoast SEO plugin. -->","yoast_head_json":{"title":"Registre Retributiu per a Empreses | Vera MC","description":"A Vera MC t'ajudem a elaborar i implementar el Registre Retributiu de la teva empresa, assegurant la transpar\u00e8ncia i l'equitat salarial.","robots":{"index":"index","follow":"follow","max-snippet":"max-snippet:-1","max-image-preview":"max-image-preview:large","max-video-preview":"max-video-preview:-1"},"canonical":"https:\/\/veramc.com\/ca\/registre-retributiu\/","og_locale":"ca_ES","og_type":"article","og_title":"Registre Retributiu per a Empreses | Vera MC","og_description":"A Vera MC t'ajudem a elaborar i implementar el Registre Retributiu de la teva empresa, assegurant la transpar\u00e8ncia i l'equitat salarial.","og_url":"https:\/\/veramc.com\/ca\/registre-retributiu\/","og_site_name":"VERA MC","og_image":[{"width":340,"height":340,"url":"https:\/\/veramc.com\/wp-content\/uploads\/2025\/05\/17.png","type":"image\/png"}],"twitter_card":"summary_large_image","twitter_misc":{"Temps estimat de lectura":"3 minuts"},"schema":{"@context":"https:\/\/schema.org","@graph":[{"@type":"WebPage","@id":"https:\/\/veramc.com\/ca\/registre-retributiu\/","url":"https:\/\/veramc.com\/ca\/registre-retributiu\/","name":"Registre Retributiu per a Empreses | Vera MC","isPartOf":{"@id":"https:\/\/veramc.com\/ca\/#website"},"primaryImageOfPage":{"@id":"https:\/\/veramc.com\/ca\/registre-retributiu\/#primaryimage"},"image":{"@id":"https:\/\/veramc.com\/ca\/registre-retributiu\/#primaryimage"},"thumbnailUrl":"https:\/\/veramc.com\/wp-content\/uploads\/2025\/05\/17.png","datePublished":"2025-05-20T09:22:34+00:00","description":"A Vera MC t'ajudem a elaborar i implementar el Registre Retributiu de la teva empresa, assegurant la transpar\u00e8ncia i l'equitat salarial.","breadcrumb":{"@id":"https:\/\/veramc.com\/ca\/registre-retributiu\/#breadcrumb"},"inLanguage":"ca","potentialAction":[{"@type":"ReadAction","target":["https:\/\/veramc.com\/ca\/registre-retributiu\/"]}]},{"@type":"ImageObject","inLanguage":"ca","@id":"https:\/\/veramc.com\/ca\/registre-retributiu\/#primaryimage","url":"https:\/\/veramc.com\/wp-content\/uploads\/2025\/05\/17.png","contentUrl":"https:\/\/veramc.com\/wp-content\/uploads\/2025\/05\/17.png","width":340,"height":340},{"@type":"BreadcrumbList","@id":"https:\/\/veramc.com\/ca\/registre-retributiu\/#breadcrumb","itemListElement":[{"@type":"ListItem","position":1,"name":"Inici","item":"https:\/\/veramc.com\/ca\/"},{"@type":"ListItem","position":2,"name":"Registre Retributiu"}]},{"@type":"WebSite","@id":"https:\/\/veramc.com\/ca\/#website","url":"https:\/\/veramc.com\/ca\/","name":"VERA MC","description":"","potentialAction":[{"@type":"SearchAction","target":{"@type":"EntryPoint","urlTemplate":"https:\/\/veramc.com\/ca\/?s={search_term_string}"},"query-input":{"@type":"PropertyValueSpecification","valueRequired":true,"valueName":"search_term_string"}}],"inLanguage":"ca"}]}},"_links":{"self":[{"href":"https:\/\/veramc.com\/ca\/wp-json\/wp\/v2\/pages\/4778","targetHints":{"allow":["GET"]}}],"collection":[{"href":"https:\/\/veramc.com\/ca\/wp-json\/wp\/v2\/pages"}],"about":[{"href":"https:\/\/veramc.com\/ca\/wp-json\/wp\/v2\/types\/page"}],"author":[{"embeddable":true,"href":"https:\/\/veramc.com\/ca\/wp-json\/wp\/v2\/users\/2"}],"replies":[{"embeddable":true,"href":"https:\/\/veramc.com\/ca\/wp-json\/wp\/v2\/comments?post=4778"}],"version-history":[{"count":0,"href":"https:\/\/veramc.com\/ca\/wp-json\/wp\/v2\/pages\/4778\/revisions"}],"wp:featuredmedia":[{"embeddable":true,"href":"https:\/\/veramc.com\/ca\/wp-json\/wp\/v2\/media\/4738"}],"wp:attachment":[{"href":"https:\/\/veramc.com\/ca\/wp-json\/wp\/v2\/media?parent=4778"}],"curies":[{"name":"wp","href":"https:\/\/api.w.org\/{rel}","templated":true}]}}