{"id":4781,"date":"2025-05-20T15:25:40","date_gmt":"2025-05-20T14:25:40","guid":{"rendered":"https:\/\/veramc.com\/formacions-per-a-empreses\/"},"modified":"2025-05-20T15:25:40","modified_gmt":"2025-05-20T14:25:40","slug":"formacions-per-a-empreses","status":"publish","type":"page","link":"https:\/\/veramc.com\/ca\/formacions-per-a-empreses\/","title":{"rendered":"Formacions per a empreses"},"content":{"rendered":"\n<div class=\"wp-block-group alignwide hostinger-ai-fade-up has-global-padding is-content-justification-left is-layout-constrained wp-container-core-group-is-layout-12dd3699 wp-block-group-is-layout-constrained\" data-aos=\"fade-up\">\n<h2 class=\"wp-block-heading alignwide is-style-default hostinger-ai-title has-color-3-color has-text-color has-link-color has-x-large-font-size wp-elements-dd6e9fff9e079fdc487a1063ceb2b3c7\" style=\"margin-bottom:var(--wp--preset--spacing--50)\">Formacions per a tot el personal<\/h2>\n\n\n\n<div class=\"wp-block-group alignwide hostinger-ai-fade-up is-layout-grid wp-container-core-group-is-layout-88c98fc8 wp-block-group-is-layout-grid\" data-aos=\"fade-up\">\n<div class=\"wp-block-group hostinger-ai-fade-up has-color-1-background-color has-background has-global-padding is-layout-constrained wp-container-core-group-is-layout-52009084 wp-block-group-is-layout-constrained\" data-aos=\"fade-up\" style=\"border-radius:8px;padding-top:var(--wp--preset--spacing--40);padding-right:var(--wp--preset--spacing--40);padding-bottom:var(--wp--preset--spacing--40);padding-left:var(--wp--preset--spacing--40)\">\n<figure class=\"wp-block-image size-full has-custom-border hostinger-ai-service-image\"><img loading=\"lazy\" decoding=\"async\" width=\"340\" height=\"340\" src=\"https:\/\/veramc.com\/wp-content\/uploads\/2025\/05\/sensibilizacion-igualdad-genero.png\" alt=\"\" class=\"wp-image-3775\" style=\"border-radius:8px\" srcset=\"https:\/\/veramc.com\/wp-content\/uploads\/2025\/05\/sensibilizacion-igualdad-genero.png 340w, https:\/\/veramc.com\/wp-content\/uploads\/2025\/05\/sensibilizacion-igualdad-genero-300x300.png 300w, https:\/\/veramc.com\/wp-content\/uploads\/2025\/05\/sensibilizacion-igualdad-genero-150x150.png 150w\" sizes=\"auto, (max-width: 340px) 100vw, 340px\" \/><\/figure>\n\n\n\n<h2 class=\"wp-block-heading has-text-align-center has-medium-font-size\">Sensibilitzaci\u00f3 en mat\u00e8ria d&#8217;igualtat de g\u00e8nere<\/h2>\n\n\n\n<p class=\"has-text-align-center hostinger-ai-service-description has-color-2-color has-text-color has-link-color has-custom-1-font-size wp-elements-1eca949621f3a75e70211dbed6c86fd7\" style=\"margin-top:var(--wp--preset--spacing--50)\">S&#8217;expliquen conceptes relacionats amb les desigualtats socials, enfocant-se en el context social de la dona al llarg de la hist\u00f2ria i es reflexiona al voltant de les conseq\u00fc\u00e8ncies de la desigualtat de g\u00e8nere, amb l&#8217;objectiu de conscienciar sobre la import\u00e0ncia d&#8217;incorporar la perspectiva de g\u00e8nere<\/p>\n\n\n\n<div class=\"wp-block-buttons is-content-justification-center is-nowrap is-layout-flex wp-container-core-buttons-is-layout-12a27398 wp-block-buttons-is-layout-flex\">\n<div class=\"wp-block-button has-custom-width wp-block-button__width-50 is-style-fill\"><a class=\"wp-block-button__link has-color-3-color has-text-color has-link-color has-border-color has-color-3-border-color has-custom-1-font-size has-custom-font-size wp-element-button\" href=\"https:\/\/veramc.com\/contacto\/\">M&#8217;interessa<\/a><\/div>\n<\/div>\n<\/div>\n\n\n\n<div class=\"wp-block-group hostinger-ai-fade-up has-color-1-background-color has-background has-global-padding is-layout-constrained wp-container-core-group-is-layout-52009084 wp-block-group-is-layout-constrained\" data-aos=\"fade-up\" style=\"border-radius:8px;padding-top:var(--wp--preset--spacing--40);padding-right:var(--wp--preset--spacing--40);padding-bottom:var(--wp--preset--spacing--40);padding-left:var(--wp--preset--spacing--40)\">\n<figure class=\"wp-block-image size-full has-custom-border hostinger-ai-service-image\"><img loading=\"lazy\" decoding=\"async\" width=\"340\" height=\"340\" src=\"https:\/\/veramc.com\/wp-content\/uploads\/2025\/05\/prevencion-acoso-sexual.png\" alt=\"\" class=\"wp-image-3776\" style=\"border-radius:8px\" srcset=\"https:\/\/veramc.com\/wp-content\/uploads\/2025\/05\/prevencion-acoso-sexual.png 340w, https:\/\/veramc.com\/wp-content\/uploads\/2025\/05\/prevencion-acoso-sexual-300x300.png 300w, https:\/\/veramc.com\/wp-content\/uploads\/2025\/05\/prevencion-acoso-sexual-150x150.png 150w\" sizes=\"auto, (max-width: 340px) 100vw, 340px\" \/><\/figure>\n\n\n\n<h2 class=\"wp-block-heading has-text-align-center has-medium-font-size\">Prevenci\u00f3 de l&#8217;assetjament sexual o per ra\u00f3 de sexe<\/h2>\n\n\n\n<p class=\"has-text-align-center hostinger-ai-service-description has-color-2-color has-text-color has-link-color has-custom-1-font-size wp-elements-eb1fb8952e93a70d1c7d8f8c6031c99e\" style=\"margin-top:var(--wp--preset--spacing--50)\">Centrada a exposar les diferents formes de viol\u00e8ncia masclista latents en l&#8217;actualitat, aprofundint en l&#8217;assetjament sexual o per ra\u00f3 de g\u00e8nere, i ofereix pautes per a la seva prevenci\u00f3 i actuaci\u00f3 davant d&#8217;aquestes situacions, personalitzant la formaci\u00f3 amb el Protocol que l&#8217;empresa hagi establert<\/p>\n\n\n\n<div class=\"wp-block-buttons is-content-justification-center is-nowrap is-layout-flex wp-container-core-buttons-is-layout-12a27398 wp-block-buttons-is-layout-flex\">\n<div class=\"wp-block-button has-custom-width wp-block-button__width-50 is-style-fill\"><a class=\"wp-block-button__link has-color-3-color has-text-color has-link-color has-border-color has-color-3-border-color has-custom-1-font-size has-custom-font-size wp-element-button\" href=\"https:\/\/veramc.com\/contacto\/\">M&#8217;interessa<\/a><\/div>\n<\/div>\n<\/div>\n\n\n\n<div class=\"wp-block-group hostinger-ai-fade-up has-color-1-background-color has-background has-global-padding is-layout-constrained wp-container-core-group-is-layout-52009084 wp-block-group-is-layout-constrained\" data-aos=\"fade-up\" style=\"border-radius:8px;padding-top:var(--wp--preset--spacing--40);padding-right:var(--wp--preset--spacing--40);padding-bottom:var(--wp--preset--spacing--40);padding-left:var(--wp--preset--spacing--40)\">\n<figure class=\"wp-block-image size-full has-custom-border hostinger-ai-service-image\"><img loading=\"lazy\" decoding=\"async\" width=\"340\" height=\"340\" src=\"https:\/\/veramc.com\/wp-content\/uploads\/2025\/05\/comunicacion-no-sexista.png\" alt=\"\" class=\"wp-image-3777\" style=\"border-radius:8px;object-fit:cover\" srcset=\"https:\/\/veramc.com\/wp-content\/uploads\/2025\/05\/comunicacion-no-sexista.png 340w, https:\/\/veramc.com\/wp-content\/uploads\/2025\/05\/comunicacion-no-sexista-300x300.png 300w, https:\/\/veramc.com\/wp-content\/uploads\/2025\/05\/comunicacion-no-sexista-150x150.png 150w\" sizes=\"auto, (max-width: 340px) 100vw, 340px\" \/><\/figure>\n\n\n\n<h2 class=\"wp-block-heading has-text-align-center has-medium-font-size\">Comunicaci\u00f3 no sexista i llenguatge inclusiu<\/h2>\n\n\n\n<p class=\"has-text-align-center hostinger-ai-service-description has-color-2-color has-text-color has-link-color has-custom-1-font-size wp-elements-6acc76b0e3682d77f48f8a63c74ec31e\" style=\"margin-top:var(--wp--preset--spacing--50)\">Formaci\u00f3 que ensenya i posa en pr\u00e0ctica la capacitat de detectar el sexisme que hi ha en el nostre llenguatge i que es reprodueix en les diferents formes de comunicaci\u00f3, oferint recursos de llenguatge inclusiu que assegurin una comunicaci\u00f3 no sexista i no discriminat\u00f2ria<\/p>\n\n\n\n<div class=\"wp-block-buttons is-content-justification-center is-nowrap is-layout-flex wp-container-core-buttons-is-layout-12a27398 wp-block-buttons-is-layout-flex\">\n<div class=\"wp-block-button has-custom-width wp-block-button__width-50 is-style-fill\"><a class=\"wp-block-button__link has-color-3-color has-text-color has-link-color has-border-color has-color-3-border-color has-custom-1-font-size has-custom-font-size wp-element-button\" href=\"https:\/\/veramc.com\/contacto\/\">M&#8217;interessa<\/a><\/div>\n<\/div>\n<\/div>\n<\/div>\n<\/div>\n\n\n\n<div class=\"wp-block-group alignfull hostinger-ai-our-services-2 hostinger-ai-fade-up has-color-2-background-color has-background has-global-padding is-layout-constrained wp-block-group-is-layout-constrained\" data-aos=\"fade-up\" style=\"margin-bottom:0;padding-top:var(--wp--preset--spacing--60);padding-bottom:var(--wp--preset--spacing--60)\">\n<div class=\"wp-block-group alignwide hostinger-ai-fade-up has-global-padding is-content-justification-left is-layout-constrained wp-container-core-group-is-layout-8b4c372c wp-block-group-is-layout-constrained\" data-aos=\"fade-up\">\n<h2 class=\"wp-block-heading alignwide is-style-default hostinger-ai-title has-light-color has-text-color has-link-color has-x-large-font-size wp-elements-832c166961d7da9585254111dc08517d\" style=\"margin-bottom:var(--wp--preset--spacing--50)\">Formacions espec\u00edfiques per a membres de la comissi\u00f3 d&#8217;Igualtat o responsables de RRHH<\/h2>\n\n\n\n<div class=\"wp-block-group alignwide align-top is-content-justification-center is-layout-flex wp-container-core-group-is-layout-87ed0e38 wp-block-group-is-layout-flex\" style=\"padding-top:var(--wp--preset--spacing--50);padding-bottom:var(--wp--preset--spacing--50)\">\n<div class=\"wp-block-group hostinger-ai-fade-up has-background has-global-padding is-layout-constrained wp-container-core-group-is-layout-c9dbcf18 wp-block-group-is-layout-constrained\" data-aos=\"fade-up\" data-aos=\"fade-up\" style=\"border-radius:8px;background-color:#eeeeee;min-height:700px;padding-top:var(--wp--preset--spacing--40);padding-right:var(--wp--preset--spacing--40);padding-bottom:var(--wp--preset--spacing--40);padding-left:var(--wp--preset--spacing--40)\">\n<figure class=\"wp-block-image size-full has-custom-border hostinger-ai-service-image\"><img loading=\"lazy\" decoding=\"async\" width=\"340\" height=\"340\" src=\"https:\/\/veramc.com\/wp-content\/uploads\/2025\/05\/formacion-plan-igualdad.png\" alt=\"\" class=\"wp-image-3791\" style=\"border-radius:8px\" srcset=\"https:\/\/veramc.com\/wp-content\/uploads\/2025\/05\/formacion-plan-igualdad.png 340w, https:\/\/veramc.com\/wp-content\/uploads\/2025\/05\/formacion-plan-igualdad-300x300.png 300w, https:\/\/veramc.com\/wp-content\/uploads\/2025\/05\/formacion-plan-igualdad-150x150.png 150w\" sizes=\"auto, (max-width: 340px) 100vw, 340px\" \/><\/figure>\n\n\n\n<h2 class=\"wp-block-heading has-text-align-center has-medium-font-size\">Elaboraci\u00f3 de Plans d&#8217;igualtat amb perspectiva de g\u00e8nere<\/h2>\n\n\n\n<p class=\"has-text-align-center hostinger-ai-service-description has-color-2-color has-text-color has-link-color has-custom-1-font-size wp-elements-4342de9666e59957b3a8105ce54a1d5b\" style=\"margin-top:var(--wp--preset--spacing--40)\">Formaci\u00f3 enfocada a ensenyar les funcions i tasques que han d&#8217;adquirir els i les membres de la comissi\u00f3 negociadora del Pla d&#8217;Igualtat, aix\u00ed com oferir una guia per elaborar cada fase amb la major informaci\u00f3, aplicant la perspectiva de g\u00e8nere perqu\u00e8 sigui efectiu&nbsp;<br><\/p>\n\n\n\n<p class=\"has-text-align-center hostinger-ai-service-description has-color-3-color has-text-color has-link-color has-medium-font-size wp-elements-9c5acce461eb93b6d1a5ffb8986e318d\" style=\"margin-top:var(--wp--preset--spacing--40)\"><a href=\"https:\/\/veramc.com\/plan-de-igualdad\/\">Saber-ne m\u00e9s<\/a><\/p>\n<\/div>\n\n\n\n<div class=\"wp-block-group hostinger-ai-fade-up has-background has-global-padding is-layout-constrained wp-container-core-group-is-layout-c9dbcf18 wp-block-group-is-layout-constrained\" data-aos=\"fade-up\" style=\"border-radius:8px;background-color:#eeeeee;min-height:700px;padding-top:var(--wp--preset--spacing--40);padding-right:var(--wp--preset--spacing--40);padding-bottom:var(--wp--preset--spacing--40);padding-left:var(--wp--preset--spacing--40)\">\n<figure class=\"wp-block-image size-full has-custom-border hostinger-ai-service-image\"><img loading=\"lazy\" decoding=\"async\" width=\"340\" height=\"340\" src=\"https:\/\/veramc.com\/wp-content\/uploads\/2025\/05\/formacion-acoso-sexual.png\" alt=\"\" class=\"wp-image-3792\" style=\"border-radius:8px\" srcset=\"https:\/\/veramc.com\/wp-content\/uploads\/2025\/05\/formacion-acoso-sexual.png 340w, https:\/\/veramc.com\/wp-content\/uploads\/2025\/05\/formacion-acoso-sexual-300x300.png 300w, https:\/\/veramc.com\/wp-content\/uploads\/2025\/05\/formacion-acoso-sexual-150x150.png 150w\" sizes=\"auto, (max-width: 340px) 100vw, 340px\" \/><\/figure>\n\n\n\n<h2 class=\"wp-block-heading has-text-align-center has-medium-font-size\">Formaci\u00f3 per a la comissi\u00f3 de Protocol d&#8217;Assetjament Sexual o per ra\u00f3 de sexe<\/h2>\n\n\n\n<p class=\"has-text-align-center hostinger-ai-service-description has-color-2-color has-text-color has-link-color has-custom-1-font-size wp-elements-6995361ca14bc31adab8a00f2d37303a\" style=\"margin-top:var(--wp--preset--spacing--40)\">Formaci\u00f3 enfocada per a les persones de la comissi\u00f3 del Protocol d&#8217;Assetjament sexual, per adquirir les compet\u00e8ncies i habilitats necess\u00e0ries en el tractament dels casos d&#8217;assetjament sexual, i alhora donar pautes i assessorament durant l&#8217;elaboraci\u00f3 del Protocol<br><\/p>\n\n\n\n<p class=\"has-text-align-center hostinger-ai-service-description has-color-3-color has-text-color has-link-color has-medium-font-size wp-elements-86caadcb8d865215f99404aa3f7628fc\" style=\"margin-top:var(--wp--preset--spacing--40)\"><a href=\"https:\/\/veramc.com\/protocolo-contra-el-acoso-sexual-y-por-razon-de-sexo\/\">Saber-ne m\u00e9s<\/a><\/p>\n<\/div>\n<\/div>\n<\/div>\n<\/div>\n\n\n\n<div class=\"wp-block-group alignfull has-color-1-background-color has-background is-vertical is-content-justification-center is-layout-flex wp-container-core-group-is-layout-04f3bf80 wp-block-group-is-layout-flex\" style=\"margin-top:var(--wp--preset--spacing--60);margin-bottom:0\">\n<h2 class=\"wp-block-heading has-text-align-center hostinger-ai-title has-dark-color has-text-color has-link-color has-x-large-font-size wp-elements-787cee2bac7efa1167b1ec946746d654\" style=\"margin-top:var(--wp--preset--spacing--60);margin-bottom:0\">Cont\u00e1ctanos<\/h2>\n\n\n\n<div class=\"wp-block-group has-global-padding is-layout-constrained wp-container-core-group-is-layout-4344ec09 wp-block-group-is-layout-constrained\" style=\"padding-right:var(--wp--preset--spacing--50);padding-left:var(--wp--preset--spacing--50)\">\n<div class=\"wpcf7 no-js\" id=\"wpcf7-f4662-o1\" lang=\"ca\" dir=\"ltr\" data-wpcf7-id=\"4662\">\n<div class=\"screen-reader-response\"><p role=\"status\" aria-live=\"polite\" aria-atomic=\"true\"><\/p> <ul><\/ul><\/div>\n<form action=\"\/ca\/wp-json\/wp\/v2\/pages\/4781#wpcf7-f4662-o1\" method=\"post\" class=\"wpcf7-form init\" aria-label=\"Formulari de contacte\" novalidate=\"novalidate\" data-status=\"init\">\n<fieldset class=\"hidden-fields-container\"><input type=\"hidden\" name=\"_wpcf7\" value=\"4662\" \/><input type=\"hidden\" name=\"_wpcf7_version\" value=\"6.1.1\" \/><input type=\"hidden\" name=\"_wpcf7_locale\" value=\"ca\" \/><input type=\"hidden\" name=\"_wpcf7_unit_tag\" value=\"wpcf7-f4662-o1\" \/><input type=\"hidden\" name=\"_wpcf7_container_post\" value=\"0\" \/><input type=\"hidden\" name=\"_wpcf7_posted_data_hash\" value=\"\" \/>\n<\/fieldset>\n<p><label> <strong>Nom i cognom\/s<\/strong><br \/>\n<span class=\"wpcf7-form-control-wrap\" data-name=\"your-name\"><input size=\"40\" maxlength=\"400\" class=\"wpcf7-form-control wpcf7-text wpcf7-validates-as-required form-input\" aria-required=\"true\" aria-invalid=\"false\" placeholder=\"Com et dius?\" value=\"\" type=\"text\" name=\"your-name\" \/><\/span> <\/label>\n<\/p>\n<p><label> <strong>Email<\/strong><br \/>\n<span class=\"wpcf7-form-control-wrap\" data-name=\"your-email\"><input size=\"40\" maxlength=\"400\" class=\"wpcf7-form-control wpcf7-email wpcf7-validates-as-required wpcf7-text wpcf7-validates-as-email form-input\" aria-required=\"true\" aria-invalid=\"false\" placeholder=\"Quin \u00e9s el teu correu electr\u00f2nic?\" value=\"\" type=\"email\" name=\"your-email\" \/><\/span> <\/label>\n<\/p>\n<p><label><strong>Missatge<\/strong><br \/>\n<span class=\"wpcf7-form-control-wrap\" data-name=\"your-message\"><textarea cols=\"40\" rows=\"10\" maxlength=\"2000\" class=\"wpcf7-form-control wpcf7-textarea wpcf7-validates-as-required form-textarea\" aria-required=\"true\" aria-invalid=\"false\" placeholder=\"Escriu el teu missatge...\" name=\"your-message\"><\/textarea><\/span><\/label><br \/>\n<span id=\"wpcf7-69fc6c1dbed4d-wrapper\" class=\"wpcf7-form-control-wrap honeypot-573-wrap\" style=\"display:none !important; visibility:hidden !important;\"><label for=\"wpcf7-69fc6c1dbed4d-field\" class=\"hp-message\">Deixeu aquest camp buit.<\/label><input id=\"wpcf7-69fc6c1dbed4d-field\"  class=\"wpcf7-form-control wpcf7-text\" type=\"text\" name=\"honeypot-573\" value=\"\" size=\"40\" tabindex=\"-1\" autocomplete=\"new-password\" \/><\/span><br \/>\n<span class=\"wpcf7-form-control-wrap\" data-name=\"your-consent\"><span class=\"wpcf7-form-control wpcf7-acceptance\"><span class=\"wpcf7-list-item\"><label><input type=\"checkbox\" name=\"your-consent\" value=\"1\" aria-invalid=\"false\" \/><span class=\"wpcf7-list-item-label\">Autoritzo l'\u00fas de les dades personals facilitades per tal de respondre a la sol\u00b7licitud segons el que descriu <a href=\"\/politica-de-privacidad\" target=\"_blank\">la Pol\u00edtica de Privadesa<\/a> que he llegit. Puc retirar el meu consentiment en qualsevol moment.<\/span><\/label><\/span><\/span><\/span>\n<\/p>\n<p><input class=\"wpcf7-form-control wpcf7-submit has-spinner\" type=\"submit\" value=\"Enviar missatge\" \/>\n<\/p><div class=\"wpcf7-response-output\" aria-hidden=\"true\"><\/div>\n<\/form>\n<\/div>\n\n<\/div>\n<\/div>\n","protected":false},"excerpt":{"rendered":"<p>Formacions per a tot el personal Sensibilitzaci\u00f3 en mat\u00e8ria d&#8217;igualtat de g\u00e8nere S&#8217;expliquen conceptes relacionats amb les desigualtats socials, enfocant-se en el context social de la dona al llarg de la hist\u00f2ria i es reflexiona al voltant de les conseq\u00fc\u00e8ncies de la desigualtat de g\u00e8nere, amb l&#8217;objectiu de conscienciar sobre la import\u00e0ncia d&#8217;incorporar la perspectiva [&hellip;]<\/p>\n","protected":false},"author":2,"featured_media":4741,"parent":0,"menu_order":0,"comment_status":"closed","ping_status":"closed","template":"servicio","meta":{"footnotes":""},"class_list":["post-4781","page","type-page","status-publish","has-post-thumbnail","hentry"],"yoast_head":"<!-- This site is optimized with the Yoast SEO plugin v25.5 - https:\/\/yoast.com\/wordpress\/plugins\/seo\/ -->\n<title>Formacions en Igualtat per a Empreses | VERA MC<\/title>\n<meta name=\"description\" content=\"Oferim formacions en igualtat de g\u00e8nere per a empreses, dissenyades per promoure l&#039;equitat i el respecte en l&#039;entorn laboral.\" \/>\n<meta name=\"robots\" content=\"index, follow, max-snippet:-1, max-image-preview:large, max-video-preview:-1\" \/>\n<link rel=\"canonical\" href=\"https:\/\/veramc.com\/ca\/formacions-per-a-empreses\/\" \/>\n<meta property=\"og:locale\" content=\"ca_ES\" \/>\n<meta property=\"og:type\" content=\"article\" \/>\n<meta property=\"og:title\" content=\"Formacions en Igualtat per a Empreses | VERA MC\" \/>\n<meta property=\"og:description\" content=\"Oferim formacions en igualtat de g\u00e8nere per a empreses, dissenyades per promoure l&#039;equitat i el respecte en l&#039;entorn laboral.\" \/>\n<meta property=\"og:url\" content=\"https:\/\/veramc.com\/ca\/formacions-per-a-empreses\/\" \/>\n<meta property=\"og:site_name\" content=\"VERA MC\" \/>\n<meta property=\"og:image\" content=\"https:\/\/veramc.com\/wp-content\/uploads\/2025\/05\/19.png\" \/>\n\t<meta property=\"og:image:width\" content=\"340\" \/>\n\t<meta property=\"og:image:height\" content=\"340\" \/>\n\t<meta property=\"og:image:type\" content=\"image\/png\" \/>\n<meta name=\"twitter:card\" content=\"summary_large_image\" \/>\n<meta name=\"twitter:label1\" content=\"Temps estimat de lectura\" \/>\n\t<meta name=\"twitter:data1\" content=\"2 minuts\" \/>\n<script type=\"application\/ld+json\" class=\"yoast-schema-graph\">{\"@context\":\"https:\/\/schema.org\",\"@graph\":[{\"@type\":\"WebPage\",\"@id\":\"https:\/\/veramc.com\/ca\/formacions-per-a-empreses\/\",\"url\":\"https:\/\/veramc.com\/ca\/formacions-per-a-empreses\/\",\"name\":\"Formacions en Igualtat per a Empreses | VERA MC\",\"isPartOf\":{\"@id\":\"https:\/\/veramc.com\/ca\/#website\"},\"primaryImageOfPage\":{\"@id\":\"https:\/\/veramc.com\/ca\/formacions-per-a-empreses\/#primaryimage\"},\"image\":{\"@id\":\"https:\/\/veramc.com\/ca\/formacions-per-a-empreses\/#primaryimage\"},\"thumbnailUrl\":\"https:\/\/veramc.com\/wp-content\/uploads\/2025\/05\/19.png\",\"datePublished\":\"2025-05-20T14:25:40+00:00\",\"description\":\"Oferim formacions en igualtat de g\u00e8nere per a empreses, dissenyades per promoure l'equitat i el respecte en l'entorn laboral.\",\"breadcrumb\":{\"@id\":\"https:\/\/veramc.com\/ca\/formacions-per-a-empreses\/#breadcrumb\"},\"inLanguage\":\"ca\",\"potentialAction\":[{\"@type\":\"ReadAction\",\"target\":[\"https:\/\/veramc.com\/ca\/formacions-per-a-empreses\/\"]}]},{\"@type\":\"ImageObject\",\"inLanguage\":\"ca\",\"@id\":\"https:\/\/veramc.com\/ca\/formacions-per-a-empreses\/#primaryimage\",\"url\":\"https:\/\/veramc.com\/wp-content\/uploads\/2025\/05\/19.png\",\"contentUrl\":\"https:\/\/veramc.com\/wp-content\/uploads\/2025\/05\/19.png\",\"width\":340,\"height\":340},{\"@type\":\"BreadcrumbList\",\"@id\":\"https:\/\/veramc.com\/ca\/formacions-per-a-empreses\/#breadcrumb\",\"itemListElement\":[{\"@type\":\"ListItem\",\"position\":1,\"name\":\"Inici\",\"item\":\"https:\/\/veramc.com\/ca\/\"},{\"@type\":\"ListItem\",\"position\":2,\"name\":\"Formacions per a empreses\"}]},{\"@type\":\"WebSite\",\"@id\":\"https:\/\/veramc.com\/ca\/#website\",\"url\":\"https:\/\/veramc.com\/ca\/\",\"name\":\"VERA MC\",\"description\":\"\",\"potentialAction\":[{\"@type\":\"SearchAction\",\"target\":{\"@type\":\"EntryPoint\",\"urlTemplate\":\"https:\/\/veramc.com\/ca\/?s={search_term_string}\"},\"query-input\":{\"@type\":\"PropertyValueSpecification\",\"valueRequired\":true,\"valueName\":\"search_term_string\"}}],\"inLanguage\":\"ca\"}]}<\/script>\n<!-- \/ Yoast SEO plugin. -->","yoast_head_json":{"title":"Formacions en Igualtat per a Empreses | VERA MC","description":"Oferim formacions en igualtat de g\u00e8nere per a empreses, dissenyades per promoure l'equitat i el respecte en l'entorn laboral.","robots":{"index":"index","follow":"follow","max-snippet":"max-snippet:-1","max-image-preview":"max-image-preview:large","max-video-preview":"max-video-preview:-1"},"canonical":"https:\/\/veramc.com\/ca\/formacions-per-a-empreses\/","og_locale":"ca_ES","og_type":"article","og_title":"Formacions en Igualtat per a Empreses | VERA MC","og_description":"Oferim formacions en igualtat de g\u00e8nere per a empreses, dissenyades per promoure l'equitat i el respecte en l'entorn laboral.","og_url":"https:\/\/veramc.com\/ca\/formacions-per-a-empreses\/","og_site_name":"VERA MC","og_image":[{"width":340,"height":340,"url":"https:\/\/veramc.com\/wp-content\/uploads\/2025\/05\/19.png","type":"image\/png"}],"twitter_card":"summary_large_image","twitter_misc":{"Temps estimat de lectura":"2 minuts"},"schema":{"@context":"https:\/\/schema.org","@graph":[{"@type":"WebPage","@id":"https:\/\/veramc.com\/ca\/formacions-per-a-empreses\/","url":"https:\/\/veramc.com\/ca\/formacions-per-a-empreses\/","name":"Formacions en Igualtat per a Empreses | VERA MC","isPartOf":{"@id":"https:\/\/veramc.com\/ca\/#website"},"primaryImageOfPage":{"@id":"https:\/\/veramc.com\/ca\/formacions-per-a-empreses\/#primaryimage"},"image":{"@id":"https:\/\/veramc.com\/ca\/formacions-per-a-empreses\/#primaryimage"},"thumbnailUrl":"https:\/\/veramc.com\/wp-content\/uploads\/2025\/05\/19.png","datePublished":"2025-05-20T14:25:40+00:00","description":"Oferim formacions en igualtat de g\u00e8nere per a empreses, dissenyades per promoure l'equitat i el respecte en l'entorn laboral.","breadcrumb":{"@id":"https:\/\/veramc.com\/ca\/formacions-per-a-empreses\/#breadcrumb"},"inLanguage":"ca","potentialAction":[{"@type":"ReadAction","target":["https:\/\/veramc.com\/ca\/formacions-per-a-empreses\/"]}]},{"@type":"ImageObject","inLanguage":"ca","@id":"https:\/\/veramc.com\/ca\/formacions-per-a-empreses\/#primaryimage","url":"https:\/\/veramc.com\/wp-content\/uploads\/2025\/05\/19.png","contentUrl":"https:\/\/veramc.com\/wp-content\/uploads\/2025\/05\/19.png","width":340,"height":340},{"@type":"BreadcrumbList","@id":"https:\/\/veramc.com\/ca\/formacions-per-a-empreses\/#breadcrumb","itemListElement":[{"@type":"ListItem","position":1,"name":"Inici","item":"https:\/\/veramc.com\/ca\/"},{"@type":"ListItem","position":2,"name":"Formacions per a empreses"}]},{"@type":"WebSite","@id":"https:\/\/veramc.com\/ca\/#website","url":"https:\/\/veramc.com\/ca\/","name":"VERA MC","description":"","potentialAction":[{"@type":"SearchAction","target":{"@type":"EntryPoint","urlTemplate":"https:\/\/veramc.com\/ca\/?s={search_term_string}"},"query-input":{"@type":"PropertyValueSpecification","valueRequired":true,"valueName":"search_term_string"}}],"inLanguage":"ca"}]}},"_links":{"self":[{"href":"https:\/\/veramc.com\/ca\/wp-json\/wp\/v2\/pages\/4781","targetHints":{"allow":["GET"]}}],"collection":[{"href":"https:\/\/veramc.com\/ca\/wp-json\/wp\/v2\/pages"}],"about":[{"href":"https:\/\/veramc.com\/ca\/wp-json\/wp\/v2\/types\/page"}],"author":[{"embeddable":true,"href":"https:\/\/veramc.com\/ca\/wp-json\/wp\/v2\/users\/2"}],"replies":[{"embeddable":true,"href":"https:\/\/veramc.com\/ca\/wp-json\/wp\/v2\/comments?post=4781"}],"version-history":[{"count":0,"href":"https:\/\/veramc.com\/ca\/wp-json\/wp\/v2\/pages\/4781\/revisions"}],"wp:featuredmedia":[{"embeddable":true,"href":"https:\/\/veramc.com\/ca\/wp-json\/wp\/v2\/media\/4741"}],"wp:attachment":[{"href":"https:\/\/veramc.com\/ca\/wp-json\/wp\/v2\/media?parent=4781"}],"curies":[{"name":"wp","href":"https:\/\/api.w.org\/{rel}","templated":true}]}}