{"id":4782,"date":"2025-05-21T10:33:54","date_gmt":"2025-05-21T09:33:54","guid":{"rendered":"https:\/\/veramc.com\/formacions-en-centres-educatius\/"},"modified":"2025-05-21T10:33:54","modified_gmt":"2025-05-21T09:33:54","slug":"formacions-en-centres-educatius","status":"publish","type":"page","link":"https:\/\/veramc.com\/ca\/formacions-en-centres-educatius\/","title":{"rendered":"Formacions en Centres Educatius"},"content":{"rendered":"\n<div class=\"wp-block-group alignwide hostinger-ai-fade-up has-global-padding is-content-justification-left is-layout-constrained wp-container-core-group-is-layout-12dd3699 wp-block-group-is-layout-constrained\" data-aos=\"fade-up\">\n<p>Oferim 4 tallers que treballen diferents aspectes de la igualtat de g\u00e8nere.&nbsp;<\/p>\n\n\n\n<div class=\"wp-block-group alignwide is-layout-flow wp-block-group-is-layout-flow\">\n<div class=\"wp-block-columns is-layout-flex wp-container-core-columns-is-layout-28f84493 wp-block-columns-is-layout-flex\">\n<div class=\"wp-block-column is-layout-flow wp-block-column-is-layout-flow\" style=\"flex-basis:50%\">\n<div class=\"wp-block-group hostinger-ai-fade-up has-color-1-background-color has-background has-global-padding is-layout-constrained wp-container-core-group-is-layout-52009084 wp-block-group-is-layout-constrained\" data-aos=\"fade-up\" data-aos=\"fade-up\" data-aos=\"fade-up\" data-aos=\"fade-up\" style=\"border-radius:8px;padding-top:var(--wp--preset--spacing--40);padding-right:var(--wp--preset--spacing--40);padding-bottom:var(--wp--preset--spacing--40);padding-left:var(--wp--preset--spacing--40)\">\n<figure class=\"wp-block-image aligncenter size-full has-custom-border hostinger-ai-service-image\"><img loading=\"lazy\" decoding=\"async\" width=\"500\" height=\"300\" src=\"https:\/\/veramc.com\/wp-content\/uploads\/2025\/05\/31.png\" alt=\"\" class=\"wp-image-3831\" style=\"border-radius:8px\" srcset=\"https:\/\/veramc.com\/wp-content\/uploads\/2025\/05\/31.png 500w, https:\/\/veramc.com\/wp-content\/uploads\/2025\/05\/31-300x180.png 300w\" sizes=\"auto, (max-width: 500px) 100vw, 500px\" \/><\/figure>\n\n\n\n<h2 class=\"wp-block-heading has-text-align-center has-medium-font-size\">La diversitat i les identitats<\/h2>\n\n\n\n<p class=\"has-text-align-center hostinger-ai-service-description has-color-2-color has-text-color has-link-color has-custom-1-font-size wp-elements-fcd7506272ab637303398ba735bca825\" style=\"margin-top:var(--wp--preset--spacing--50)\">El taller aprofundeix en el g\u00e8nere i les identitats de g\u00e8nere, i s&#8217;aborda des de la perspectiva interseccional, destacant la import\u00e0ncia de deixar de normalitzar qualsevol tipus de discriminaci\u00f3<\/p>\n\n\n\n<div class=\"wp-block-buttons is-content-justification-center is-nowrap is-layout-flex wp-container-core-buttons-is-layout-12a27398 wp-block-buttons-is-layout-flex\">\n<div class=\"wp-block-button has-custom-width wp-block-button__width-50 is-style-fill\"><a class=\"wp-block-button__link has-color-3-color has-text-color has-link-color has-border-color has-color-3-border-color has-custom-1-font-size has-custom-font-size wp-element-button\" href=\"https:\/\/veramc.com\/contacto\/\">M&#8217;interessa<\/a><\/div>\n<\/div>\n<\/div>\n<\/div>\n\n\n\n<div class=\"wp-block-column is-layout-flow wp-block-column-is-layout-flow\" style=\"flex-basis:50%\">\n<div class=\"wp-block-group hostinger-ai-fade-up has-color-1-background-color has-background has-global-padding is-layout-constrained wp-container-core-group-is-layout-52009084 wp-block-group-is-layout-constrained\" data-aos=\"fade-up\" data-aos=\"fade-up\" style=\"border-radius:8px;padding-top:var(--wp--preset--spacing--40);padding-right:var(--wp--preset--spacing--40);padding-bottom:var(--wp--preset--spacing--40);padding-left:var(--wp--preset--spacing--40)\">\n<figure class=\"wp-block-image size-full has-custom-border hostinger-ai-service-image\"><img loading=\"lazy\" decoding=\"async\" width=\"500\" height=\"300\" src=\"https:\/\/veramc.com\/wp-content\/uploads\/2025\/05\/32.png\" alt=\"\" class=\"wp-image-3832\" style=\"border-radius:8px\" srcset=\"https:\/\/veramc.com\/wp-content\/uploads\/2025\/05\/32.png 500w, https:\/\/veramc.com\/wp-content\/uploads\/2025\/05\/32-300x180.png 300w\" sizes=\"auto, (max-width: 500px) 100vw, 500px\" \/><\/figure>\n\n\n\n<h2 class=\"wp-block-heading has-text-align-center has-medium-font-size\">Desmuntant el masclisme<\/h2>\n\n\n\n<p class=\"has-text-align-center hostinger-ai-service-description has-color-2-color has-text-color has-link-color has-custom-1-font-size wp-elements-73011042fe3fce82e4214bdd891fb709\" style=\"margin-top:var(--wp--preset--spacing--50)\">El taller aprofundeix en l&#8217;impacte del masclisme en l&#8217;actualitat, mostrant els aven\u00e7os aconseguits pel feminisme, per prendre consci\u00e8ncia de la influ\u00e8ncia que encara exerceix en la nostra societat<\/p>\n\n\n\n<div class=\"wp-block-buttons is-content-justification-center is-nowrap is-layout-flex wp-container-core-buttons-is-layout-12a27398 wp-block-buttons-is-layout-flex\">\n<div class=\"wp-block-button has-custom-width wp-block-button__width-50 is-style-fill\"><a class=\"wp-block-button__link has-color-3-color has-text-color has-link-color has-border-color has-color-3-border-color has-custom-1-font-size has-custom-font-size wp-element-button\" href=\"https:\/\/veramc.com\/contacto\/\">M&#8217;interessa<\/a><\/div>\n<\/div>\n<\/div>\n<\/div>\n<\/div>\n<\/div>\n\n\n\n<div class=\"wp-block-group alignwide is-layout-flow wp-block-group-is-layout-flow\">\n<div class=\"wp-block-columns is-layout-flex wp-container-core-columns-is-layout-28f84493 wp-block-columns-is-layout-flex\">\n<div class=\"wp-block-column is-layout-flow wp-block-column-is-layout-flow\" style=\"flex-basis:50%\">\n<div class=\"wp-block-group hostinger-ai-fade-up has-color-1-background-color has-background has-global-padding is-layout-constrained wp-container-core-group-is-layout-52009084 wp-block-group-is-layout-constrained\" data-aos=\"fade-up\" data-aos=\"fade-up\" data-aos=\"fade-up\" data-aos=\"fade-up\" style=\"border-radius:8px;padding-top:var(--wp--preset--spacing--40);padding-right:var(--wp--preset--spacing--40);padding-bottom:var(--wp--preset--spacing--40);padding-left:var(--wp--preset--spacing--40)\">\n<figure class=\"wp-block-image size-full has-custom-border hostinger-ai-service-image\"><img loading=\"lazy\" decoding=\"async\" width=\"500\" height=\"300\" src=\"https:\/\/veramc.com\/wp-content\/uploads\/2025\/05\/formacion-amor-romantico-1.png\" alt=\"\" class=\"wp-image-4011\" style=\"border-radius:8px\" srcset=\"https:\/\/veramc.com\/wp-content\/uploads\/2025\/05\/formacion-amor-romantico-1.png 500w, https:\/\/veramc.com\/wp-content\/uploads\/2025\/05\/formacion-amor-romantico-1-300x180.png 300w\" sizes=\"auto, (max-width: 500px) 100vw, 500px\" \/><\/figure>\n\n\n\n<h2 class=\"wp-block-heading has-text-align-center has-medium-font-size\">Els mites de l&#8217;amor rom\u00e0ntic<\/h2>\n\n\n\n<p class=\"has-text-align-center hostinger-ai-service-description has-color-2-color has-text-color has-link-color has-custom-1-font-size wp-elements-bfcc3917335ba961badaaaaefe24e7f9\" style=\"margin-top:var(--wp--preset--spacing--50)\">El taller abasta les conductes t\u00f2xiques, les red flags i els riscos de la viol\u00e8ncia de g\u00e8nere, mostrant alhora un model de relacions de parella sanes basat en el respecte i l&#8217;amor lliure<\/p>\n\n\n\n<div class=\"wp-block-buttons is-content-justification-center is-nowrap is-layout-flex wp-container-core-buttons-is-layout-12a27398 wp-block-buttons-is-layout-flex\">\n<div class=\"wp-block-button has-custom-width wp-block-button__width-50 is-style-fill\"><a class=\"wp-block-button__link has-color-3-color has-text-color has-link-color has-border-color has-color-3-border-color has-custom-1-font-size has-custom-font-size wp-element-button\" href=\"https:\/\/veramc.com\/contacto\/\">M&#8217;interessa<\/a><\/div>\n<\/div>\n<\/div>\n<\/div>\n\n\n\n<div class=\"wp-block-column is-layout-flow wp-block-column-is-layout-flow\" style=\"flex-basis:50%\">\n<div class=\"wp-block-group hostinger-ai-fade-up has-color-1-background-color has-background has-global-padding is-layout-constrained wp-container-core-group-is-layout-52009084 wp-block-group-is-layout-constrained\" data-aos=\"fade-up\" data-aos=\"fade-up\" style=\"border-radius:8px;padding-top:var(--wp--preset--spacing--40);padding-right:var(--wp--preset--spacing--40);padding-bottom:var(--wp--preset--spacing--40);padding-left:var(--wp--preset--spacing--40)\">\n<figure class=\"wp-block-image size-full has-custom-border hostinger-ai-service-image\"><img loading=\"lazy\" decoding=\"async\" width=\"500\" height=\"300\" src=\"https:\/\/veramc.com\/wp-content\/uploads\/2025\/05\/perspectiva-igualdad.png\" alt=\"\" class=\"wp-image-4024\" style=\"border-radius:8px\" srcset=\"https:\/\/veramc.com\/wp-content\/uploads\/2025\/05\/perspectiva-igualdad.png 500w, https:\/\/veramc.com\/wp-content\/uploads\/2025\/05\/perspectiva-igualdad-300x180.png 300w\" sizes=\"auto, (max-width: 500px) 100vw, 500px\" \/><\/figure>\n\n\n\n<h2 class=\"wp-block-heading has-text-align-center has-medium-font-size\">Perspectives de la Igualtat<\/h2>\n\n\n\n<p class=\"has-text-align-center hostinger-ai-service-description has-color-2-color has-text-color has-link-color has-custom-1-font-size wp-elements-079e9f9c897163f1cd2a527246241ccc\" style=\"margin-top:var(--wp--preset--spacing--50)\">El taller q\u00fcestiona les opinions en relaci\u00f3 amb el masclisme, generant un debat i reflexi\u00f3 de les creences que tenim, i exposa amb dades i estudis fiables la realitat de cada \u00e0mbit<\/p>\n\n\n\n<div class=\"wp-block-buttons is-content-justification-center is-nowrap is-layout-flex wp-container-core-buttons-is-layout-12a27398 wp-block-buttons-is-layout-flex\">\n<div class=\"wp-block-button has-custom-width wp-block-button__width-50 is-style-fill\"><a class=\"wp-block-button__link has-color-3-color has-text-color has-link-color has-border-color has-color-3-border-color has-custom-1-font-size has-custom-font-size wp-element-button\" href=\"https:\/\/veramc.com\/contacto\/\">M&#8217;interessa<\/a><\/div>\n<\/div>\n<\/div>\n<\/div>\n<\/div>\n<\/div>\n<\/div>\n\n\n\n<div class=\"wp-block-group alignwide is-layout-flow wp-block-group-is-layout-flow\" style=\"padding-top:var(--wp--preset--spacing--40);padding-bottom:var(--wp--preset--spacing--40)\">\n<h2 class=\"wp-block-heading alignwide\">A qui va dirigit?<\/h2>\n\n\n\n<p>Els tallers estan adaptats per als seg\u00fcents nivells educatius:<\/p>\n\n\n\n<details class=\"wp-block-details has-color-3-color has-text-color has-link-color wp-elements-e6fd707d7bbdafb56b52e446b517b7e0 is-layout-flow wp-block-details-is-layout-flow\" style=\"font-size:clamp(16.293px, 1.018rem + ((1vw - 3.2px) * 1.116), 25px);font-style:normal;font-weight:600\"><summary>Educaci\u00f3 prim\u00e0ria<\/summary>\n<p class=\"has-color-2-color has-text-color has-link-color has-medium-font-size wp-elements-e1205969c107b266717ec63d10c63688\"><strong>2n cicle: 5\u00e8 i 6\u00e8 de prim\u00e0ria<\/strong><\/p>\n\n\n\n<p class=\"has-dark-color has-text-color has-link-color has-medium-font-size wp-elements-a1a5dd1ff8e3190732b6f11bdeb6d753\" style=\"font-style:normal;font-weight:400\">Per a aquest nivell educatiu es recomana, d&#8217;una banda, el taller \u201c<strong>Desmontando el machismo<\/strong>\u201d que s&#8217;enfoquen en la reflexi\u00f3 sobre la hist\u00f2ria, la cultura i la societat actual, potenciant el sentit cr\u00edtic. D&#8217;altra banda es recomanen els tallers \u201c<strong>La diversidad y las entidades<\/strong>\u201d i \u201c<strong>Los mitos del amor rom\u00e1ntico<\/strong>\u201d els quals busquen suscitar la reflexi\u00f3 de la persona, la seva identitat i la seva forma de relacionar-se. &nbsp;<\/p>\n<\/details>\n\n\n\n<details class=\"wp-block-details has-color-3-color has-text-color has-link-color wp-elements-19ea84739ac1c53e89d7da1a205dcad4 is-layout-flow wp-block-details-is-layout-flow\" style=\"font-size:clamp(16.293px, 1.018rem + ((1vw - 3.2px) * 1.116), 25px);font-style:normal;font-weight:600\"><summary>Educaci\u00f3 Secund\u00e0ria Obligat\u00f2ria<\/summary>\n<p class=\"has-color-2-color has-text-color has-link-color has-medium-font-size wp-elements-a95a52ebf2844d19e9403a53e4a61996\"><strong>1r i 2n cicle: (1r \u2013 2n ESO \/ 3r \u2013 4t ESO)<\/strong><\/p>\n\n\n\n<p class=\"has-dark-color has-text-color has-link-color has-medium-font-size wp-elements-99ea9ad9cc3b5cad5ed9c7015b508bc8\" style=\"font-style:normal;font-weight:400\">Per a aquest nivell educatiu tots els tallers s\u00f3n recomanats. \u201c<strong>Desmontando el machismo<\/strong>\u201d i \u201c<strong>Perspectivas de la Igualdad<\/strong>\u201d s&#8217;enfoquen en la reflexi\u00f3 sobre la hist\u00f2ria, la cultura i la societat actual, potenciant el sentit cr\u00edtic. Els tallers \u201c<strong>La diversidad y las entidades<\/strong>\u201d i \u201c<strong>Los mitos del amor rom\u00e1ntico<\/strong>\u201d busquen suscitar la reflexi\u00f3 de la persona, la seva identitat i la seva forma de relacionar-se. &nbsp;<\/p>\n<\/details>\n\n\n\n<details class=\"wp-block-details has-color-3-color has-text-color has-link-color wp-elements-e5323c343395855b1a9ee138e88cf94d is-layout-flow wp-block-details-is-layout-flow\" style=\"font-size:clamp(16.293px, 1.018rem + ((1vw - 3.2px) * 1.116), 25px);font-style:normal;font-weight:600\"><summary>Batxillerat i Graus de Cicle Mitj\u00e0<\/summary>\n<p class=\"has-dark-color has-text-color has-link-color has-medium-font-size wp-elements-0e5033ba645c754a8cc16c9658175c01\" style=\"font-style:normal;font-weight:400\">Per a aquest nivell educatiu el taller m\u00e9s recomanat \u00e9s \u201c<strong>Perspectivas de la Igualdad<\/strong>\u201d ja que fomenta el debat i la reflexi\u00f3 de l&#8217;alumnat en relaci\u00f3 amb les seves creences i s&#8217;exposen dades i estudis de cada \u00e0mbit. En funci\u00f3 de les necessitats, tamb\u00e9 \u00e9s recomanable el taller \u201c<strong>Los mitos del amor rom\u00e1ntico<\/strong>\u201d. &nbsp;<\/p>\n<\/details>\n<\/div>\n\n\n\n<div class=\"wp-block-group alignfull has-color-1-background-color has-background is-vertical is-content-justification-center is-layout-flex wp-container-core-group-is-layout-04f3bf80 wp-block-group-is-layout-flex\" style=\"margin-top:var(--wp--preset--spacing--60);margin-bottom:0\">\n<h2 class=\"wp-block-heading has-text-align-center hostinger-ai-title has-dark-color has-text-color has-link-color has-x-large-font-size wp-elements-787cee2bac7efa1167b1ec946746d654\" style=\"margin-top:var(--wp--preset--spacing--60);margin-bottom:0\">Cont\u00e1ctanos<\/h2>\n\n\n\n<div class=\"wp-block-group has-global-padding is-layout-constrained wp-container-core-group-is-layout-4344ec09 wp-block-group-is-layout-constrained\" style=\"padding-right:var(--wp--preset--spacing--50);padding-left:var(--wp--preset--spacing--50)\">\n<div class=\"wpcf7 no-js\" id=\"wpcf7-f4662-o1\" lang=\"ca\" dir=\"ltr\" data-wpcf7-id=\"4662\">\n<div class=\"screen-reader-response\"><p role=\"status\" aria-live=\"polite\" aria-atomic=\"true\"><\/p> <ul><\/ul><\/div>\n<form action=\"\/ca\/wp-json\/wp\/v2\/pages\/4782#wpcf7-f4662-o1\" method=\"post\" class=\"wpcf7-form init\" aria-label=\"Formulari de contacte\" novalidate=\"novalidate\" data-status=\"init\">\n<fieldset class=\"hidden-fields-container\"><input type=\"hidden\" name=\"_wpcf7\" value=\"4662\" \/><input type=\"hidden\" name=\"_wpcf7_version\" value=\"6.1.1\" \/><input type=\"hidden\" name=\"_wpcf7_locale\" value=\"ca\" \/><input type=\"hidden\" name=\"_wpcf7_unit_tag\" value=\"wpcf7-f4662-o1\" \/><input type=\"hidden\" name=\"_wpcf7_container_post\" value=\"0\" \/><input type=\"hidden\" name=\"_wpcf7_posted_data_hash\" value=\"\" \/>\n<\/fieldset>\n<p><label> <strong>Nom i cognom\/s<\/strong><br \/>\n<span class=\"wpcf7-form-control-wrap\" data-name=\"your-name\"><input size=\"40\" maxlength=\"400\" class=\"wpcf7-form-control wpcf7-text wpcf7-validates-as-required form-input\" aria-required=\"true\" aria-invalid=\"false\" placeholder=\"Com et dius?\" value=\"\" type=\"text\" name=\"your-name\" \/><\/span> <\/label>\n<\/p>\n<p><label> <strong>Email<\/strong><br \/>\n<span class=\"wpcf7-form-control-wrap\" data-name=\"your-email\"><input size=\"40\" maxlength=\"400\" class=\"wpcf7-form-control wpcf7-email wpcf7-validates-as-required wpcf7-text wpcf7-validates-as-email form-input\" aria-required=\"true\" aria-invalid=\"false\" placeholder=\"Quin \u00e9s el teu correu electr\u00f2nic?\" value=\"\" type=\"email\" name=\"your-email\" \/><\/span> <\/label>\n<\/p>\n<p><label><strong>Missatge<\/strong><br \/>\n<span class=\"wpcf7-form-control-wrap\" data-name=\"your-message\"><textarea cols=\"40\" rows=\"10\" maxlength=\"2000\" class=\"wpcf7-form-control wpcf7-textarea wpcf7-validates-as-required form-textarea\" aria-required=\"true\" aria-invalid=\"false\" placeholder=\"Escriu el teu missatge...\" name=\"your-message\"><\/textarea><\/span><\/label><br \/>\n<span id=\"wpcf7-69fdef8899cdc-wrapper\" class=\"wpcf7-form-control-wrap honeypot-573-wrap\" style=\"display:none !important; visibility:hidden !important;\"><label for=\"wpcf7-69fdef8899cdc-field\" class=\"hp-message\">Deixeu aquest camp buit.<\/label><input id=\"wpcf7-69fdef8899cdc-field\"  class=\"wpcf7-form-control wpcf7-text\" type=\"text\" name=\"honeypot-573\" value=\"\" size=\"40\" tabindex=\"-1\" autocomplete=\"new-password\" \/><\/span><br \/>\n<span class=\"wpcf7-form-control-wrap\" data-name=\"your-consent\"><span class=\"wpcf7-form-control wpcf7-acceptance\"><span class=\"wpcf7-list-item\"><label><input type=\"checkbox\" name=\"your-consent\" value=\"1\" aria-invalid=\"false\" \/><span class=\"wpcf7-list-item-label\">Autoritzo l'\u00fas de les dades personals facilitades per tal de respondre a la sol\u00b7licitud segons el que descriu <a href=\"\/politica-de-privacidad\" target=\"_blank\">la Pol\u00edtica de Privadesa<\/a> que he llegit. Puc retirar el meu consentiment en qualsevol moment.<\/span><\/label><\/span><\/span><\/span>\n<\/p>\n<p><input class=\"wpcf7-form-control wpcf7-submit has-spinner\" type=\"submit\" value=\"Enviar missatge\" \/>\n<\/p><div class=\"wpcf7-response-output\" aria-hidden=\"true\"><\/div>\n<\/form>\n<\/div>\n\n<\/div>\n<\/div>\n","protected":false},"excerpt":{"rendered":"<p>Oferim 4 tallers que treballen diferents aspectes de la igualtat de g\u00e8nere.&nbsp; La diversitat i les identitats El taller aprofundeix en el g\u00e8nere i les identitats de g\u00e8nere, i s&#8217;aborda des de la perspectiva interseccional, destacant la import\u00e0ncia de deixar de normalitzar qualsevol tipus de discriminaci\u00f3 Desmuntant el masclisme El taller aprofundeix en l&#8217;impacte del [&hellip;]<\/p>\n","protected":false},"author":2,"featured_media":4745,"parent":0,"menu_order":0,"comment_status":"closed","ping_status":"closed","template":"servicio","meta":{"footnotes":""},"class_list":["post-4782","page","type-page","status-publish","has-post-thumbnail","hentry"],"yoast_head":"<!-- This site is optimized with the Yoast SEO plugin v25.5 - https:\/\/yoast.com\/wordpress\/plugins\/seo\/ -->\n<title>Tallers d&#039;Igualtat a Escoles i Instituts | VERA MC<\/title>\n<meta name=\"description\" content=\"A VERA MC oferim tallers educatius sobre igualtat de g\u00e8nere per a escoles i instituts, fomentant el respecte i la diversitat.\" \/>\n<meta name=\"robots\" content=\"index, follow, max-snippet:-1, max-image-preview:large, max-video-preview:-1\" \/>\n<link rel=\"canonical\" href=\"https:\/\/veramc.com\/ca\/formacions-en-centres-educatius\/\" \/>\n<meta property=\"og:locale\" content=\"ca_ES\" \/>\n<meta property=\"og:type\" content=\"article\" \/>\n<meta property=\"og:title\" content=\"Tallers d&#039;Igualtat a Escoles i Instituts | VERA MC\" \/>\n<meta property=\"og:description\" content=\"A VERA MC oferim tallers educatius sobre igualtat de g\u00e8nere per a escoles i instituts, fomentant el respecte i la diversitat.\" \/>\n<meta property=\"og:url\" content=\"https:\/\/veramc.com\/ca\/formacions-en-centres-educatius\/\" \/>\n<meta property=\"og:site_name\" content=\"VERA MC\" \/>\n<meta property=\"og:image\" content=\"https:\/\/veramc.com\/wp-content\/uploads\/2025\/05\/22.png\" \/>\n\t<meta property=\"og:image:width\" content=\"340\" \/>\n\t<meta property=\"og:image:height\" content=\"340\" \/>\n\t<meta property=\"og:image:type\" content=\"image\/png\" \/>\n<meta name=\"twitter:card\" content=\"summary_large_image\" \/>\n<meta name=\"twitter:label1\" content=\"Temps estimat de lectura\" \/>\n\t<meta name=\"twitter:data1\" content=\"2 minuts\" \/>\n<script type=\"application\/ld+json\" class=\"yoast-schema-graph\">{\"@context\":\"https:\/\/schema.org\",\"@graph\":[{\"@type\":\"WebPage\",\"@id\":\"https:\/\/veramc.com\/ca\/formacions-en-centres-educatius\/\",\"url\":\"https:\/\/veramc.com\/ca\/formacions-en-centres-educatius\/\",\"name\":\"Tallers d'Igualtat a Escoles i Instituts | VERA MC\",\"isPartOf\":{\"@id\":\"https:\/\/veramc.com\/ca\/#website\"},\"primaryImageOfPage\":{\"@id\":\"https:\/\/veramc.com\/ca\/formacions-en-centres-educatius\/#primaryimage\"},\"image\":{\"@id\":\"https:\/\/veramc.com\/ca\/formacions-en-centres-educatius\/#primaryimage\"},\"thumbnailUrl\":\"https:\/\/veramc.com\/wp-content\/uploads\/2025\/05\/22.png\",\"datePublished\":\"2025-05-21T09:33:54+00:00\",\"description\":\"A VERA MC oferim tallers educatius sobre igualtat de g\u00e8nere per a escoles i instituts, fomentant el respecte i la diversitat.\",\"breadcrumb\":{\"@id\":\"https:\/\/veramc.com\/ca\/formacions-en-centres-educatius\/#breadcrumb\"},\"inLanguage\":\"ca\",\"potentialAction\":[{\"@type\":\"ReadAction\",\"target\":[\"https:\/\/veramc.com\/ca\/formacions-en-centres-educatius\/\"]}]},{\"@type\":\"ImageObject\",\"inLanguage\":\"ca\",\"@id\":\"https:\/\/veramc.com\/ca\/formacions-en-centres-educatius\/#primaryimage\",\"url\":\"https:\/\/veramc.com\/wp-content\/uploads\/2025\/05\/22.png\",\"contentUrl\":\"https:\/\/veramc.com\/wp-content\/uploads\/2025\/05\/22.png\",\"width\":340,\"height\":340},{\"@type\":\"BreadcrumbList\",\"@id\":\"https:\/\/veramc.com\/ca\/formacions-en-centres-educatius\/#breadcrumb\",\"itemListElement\":[{\"@type\":\"ListItem\",\"position\":1,\"name\":\"Inici\",\"item\":\"https:\/\/veramc.com\/ca\/\"},{\"@type\":\"ListItem\",\"position\":2,\"name\":\"Formacions en Centres Educatius\"}]},{\"@type\":\"WebSite\",\"@id\":\"https:\/\/veramc.com\/ca\/#website\",\"url\":\"https:\/\/veramc.com\/ca\/\",\"name\":\"VERA MC\",\"description\":\"\",\"potentialAction\":[{\"@type\":\"SearchAction\",\"target\":{\"@type\":\"EntryPoint\",\"urlTemplate\":\"https:\/\/veramc.com\/ca\/?s={search_term_string}\"},\"query-input\":{\"@type\":\"PropertyValueSpecification\",\"valueRequired\":true,\"valueName\":\"search_term_string\"}}],\"inLanguage\":\"ca\"}]}<\/script>\n<!-- \/ Yoast SEO plugin. -->","yoast_head_json":{"title":"Tallers d'Igualtat a Escoles i Instituts | VERA MC","description":"A VERA MC oferim tallers educatius sobre igualtat de g\u00e8nere per a escoles i instituts, fomentant el respecte i la diversitat.","robots":{"index":"index","follow":"follow","max-snippet":"max-snippet:-1","max-image-preview":"max-image-preview:large","max-video-preview":"max-video-preview:-1"},"canonical":"https:\/\/veramc.com\/ca\/formacions-en-centres-educatius\/","og_locale":"ca_ES","og_type":"article","og_title":"Tallers d'Igualtat a Escoles i Instituts | VERA MC","og_description":"A VERA MC oferim tallers educatius sobre igualtat de g\u00e8nere per a escoles i instituts, fomentant el respecte i la diversitat.","og_url":"https:\/\/veramc.com\/ca\/formacions-en-centres-educatius\/","og_site_name":"VERA MC","og_image":[{"width":340,"height":340,"url":"https:\/\/veramc.com\/wp-content\/uploads\/2025\/05\/22.png","type":"image\/png"}],"twitter_card":"summary_large_image","twitter_misc":{"Temps estimat de lectura":"2 minuts"},"schema":{"@context":"https:\/\/schema.org","@graph":[{"@type":"WebPage","@id":"https:\/\/veramc.com\/ca\/formacions-en-centres-educatius\/","url":"https:\/\/veramc.com\/ca\/formacions-en-centres-educatius\/","name":"Tallers d'Igualtat a Escoles i Instituts | VERA MC","isPartOf":{"@id":"https:\/\/veramc.com\/ca\/#website"},"primaryImageOfPage":{"@id":"https:\/\/veramc.com\/ca\/formacions-en-centres-educatius\/#primaryimage"},"image":{"@id":"https:\/\/veramc.com\/ca\/formacions-en-centres-educatius\/#primaryimage"},"thumbnailUrl":"https:\/\/veramc.com\/wp-content\/uploads\/2025\/05\/22.png","datePublished":"2025-05-21T09:33:54+00:00","description":"A VERA MC oferim tallers educatius sobre igualtat de g\u00e8nere per a escoles i instituts, fomentant el respecte i la diversitat.","breadcrumb":{"@id":"https:\/\/veramc.com\/ca\/formacions-en-centres-educatius\/#breadcrumb"},"inLanguage":"ca","potentialAction":[{"@type":"ReadAction","target":["https:\/\/veramc.com\/ca\/formacions-en-centres-educatius\/"]}]},{"@type":"ImageObject","inLanguage":"ca","@id":"https:\/\/veramc.com\/ca\/formacions-en-centres-educatius\/#primaryimage","url":"https:\/\/veramc.com\/wp-content\/uploads\/2025\/05\/22.png","contentUrl":"https:\/\/veramc.com\/wp-content\/uploads\/2025\/05\/22.png","width":340,"height":340},{"@type":"BreadcrumbList","@id":"https:\/\/veramc.com\/ca\/formacions-en-centres-educatius\/#breadcrumb","itemListElement":[{"@type":"ListItem","position":1,"name":"Inici","item":"https:\/\/veramc.com\/ca\/"},{"@type":"ListItem","position":2,"name":"Formacions en Centres Educatius"}]},{"@type":"WebSite","@id":"https:\/\/veramc.com\/ca\/#website","url":"https:\/\/veramc.com\/ca\/","name":"VERA MC","description":"","potentialAction":[{"@type":"SearchAction","target":{"@type":"EntryPoint","urlTemplate":"https:\/\/veramc.com\/ca\/?s={search_term_string}"},"query-input":{"@type":"PropertyValueSpecification","valueRequired":true,"valueName":"search_term_string"}}],"inLanguage":"ca"}]}},"_links":{"self":[{"href":"https:\/\/veramc.com\/ca\/wp-json\/wp\/v2\/pages\/4782","targetHints":{"allow":["GET"]}}],"collection":[{"href":"https:\/\/veramc.com\/ca\/wp-json\/wp\/v2\/pages"}],"about":[{"href":"https:\/\/veramc.com\/ca\/wp-json\/wp\/v2\/types\/page"}],"author":[{"embeddable":true,"href":"https:\/\/veramc.com\/ca\/wp-json\/wp\/v2\/users\/2"}],"replies":[{"embeddable":true,"href":"https:\/\/veramc.com\/ca\/wp-json\/wp\/v2\/comments?post=4782"}],"version-history":[{"count":0,"href":"https:\/\/veramc.com\/ca\/wp-json\/wp\/v2\/pages\/4782\/revisions"}],"wp:featuredmedia":[{"embeddable":true,"href":"https:\/\/veramc.com\/ca\/wp-json\/wp\/v2\/media\/4745"}],"wp:attachment":[{"href":"https:\/\/veramc.com\/ca\/wp-json\/wp\/v2\/media?parent=4782"}],"curies":[{"name":"wp","href":"https:\/\/api.w.org\/{rel}","templated":true}]}}