{"id":4783,"date":"2025-05-21T15:51:23","date_gmt":"2025-05-21T14:51:23","guid":{"rendered":"https:\/\/veramc.com\/assessorament-i-seguiment\/"},"modified":"2025-05-21T15:51:23","modified_gmt":"2025-05-21T14:51:23","slug":"assessorament-i-seguiment","status":"publish","type":"page","link":"https:\/\/veramc.com\/ca\/assessorament-i-seguiment\/","title":{"rendered":"Assessorament i seguiment"},"content":{"rendered":"\n<div class=\"wp-block-group alignwide hostinger-ai-fade-up is-layout-flow wp-block-group-is-layout-flow\" data-aos=\"fade-up\">\n<h2 class=\"wp-block-heading alignwide\">Qu\u00e8 \u00e9s el servei d&#8217;assessorament especialitzat?<\/h2>\n\n\n\n<div class=\"wp-block-columns is-layout-flex wp-container-core-columns-is-layout-28f84493 wp-block-columns-is-layout-flex\">\n<div class=\"wp-block-column is-layout-flow wp-block-column-is-layout-flow\">\n<figure class=\"wp-block-image size-full\"><img loading=\"lazy\" decoding=\"async\" width=\"500\" height=\"300\" src=\"https:\/\/veramc.com\/wp-content\/uploads\/2025\/06\/asesoramiento.png\" alt=\"\" class=\"wp-image-4148\" srcset=\"https:\/\/veramc.com\/wp-content\/uploads\/2025\/06\/asesoramiento.png 500w, https:\/\/veramc.com\/wp-content\/uploads\/2025\/06\/asesoramiento-300x180.png 300w\" sizes=\"auto, (max-width: 500px) 100vw, 500px\" \/><\/figure>\n<\/div>\n\n\n\n<div class=\"wp-block-column is-layout-flow wp-block-column-is-layout-flow\">\n<p>El nostre servei d&#8217;assessorament est\u00e0 dissenyat per acompanyar empreses, comissions d&#8217;igualtat i professionals que necessiten resoldre dubtes concrets, aprofundir en l&#8217;an\u00e0lisi de la seva situaci\u00f3 o desenvolupar iniciatives amb perspectiva de g\u00e8nere.<\/p>\n\n\n\n<p>Oferim un suport expert, flexible i ajustat a cada necessitat, amb l&#8217;objectiu de facilitar la implementaci\u00f3 de pol\u00edtiques d&#8217;igualtat eficaces i sostenibles.<\/p>\n<\/div>\n<\/div>\n\n\n\n<h2 class=\"wp-block-heading alignwide\">En qu\u00e8 consisteix el seguiment del Pla d&#8217;Igualtat?<\/h2>\n\n\n\n<p>El servei de seguiment d&#8217;un Pla d&#8217;Igualtat consisteix a acompanyar l&#8217;empresa una vegada aprovat el pla, per garantir que les mesures acordades s&#8217;implementen correctament i en els terminis establerts. Inclou la revisi\u00f3 peri\u00f2dica del grau de compliment, l&#8217;an\u00e0lisi d&#8217;indicadors, l&#8217;elaboraci\u00f3 d&#8217;informes de seguiment i, si cal, la proposta d&#8217;ajustos o millores. Aquest servei assegura que el Pla d&#8217;Igualtat no quedi en un document te\u00f2ric, sin\u00f3 que tingui un impacte real en la cultura organitzativa i en les condicions laborals de la plantilla.  <\/p>\n\n\n\n<h2 class=\"wp-block-heading alignwide\" style=\"margin-top:var(--wp--preset--spacing--70)\">Per qu\u00e8 \u00e9s \u00fatil comptar amb assessorament en igualtat?<\/h2>\n\n\n\n<p>Comptar amb assessorament especialitzat aporta valor afegit en qualsevol fase del proc\u00e9s:<\/p>\n\n\n\n<ul class=\"wp-block-list\">\n<li>Ajuda a prendre decisions informades.<\/li>\n\n\n\n<li>Aporta una mirada externa i professional.<\/li>\n\n\n\n<li>Resol dubtes normatives, t\u00e8cniques o metodol\u00f2giques.<\/li>\n\n\n\n<li>Millora els resultats dels plans i diagn\u00f2stics d&#8217;igualtat.<\/li>\n\n\n\n<li>Optimitza els recursos dedicats al compliment normatiu.<\/li>\n<\/ul>\n\n\n\n<p>A m\u00e9s, \u00e9s una eina clau per garantir la coher\u00e8ncia i la qualitat de qualsevol acci\u00f3 que incorpori perspectiva de g\u00e8nere a la teva empresa.<\/p>\n<\/div>\n\n\n\n<div class=\"wp-block-group alignfull hostinger-ai-our-services-2 hostinger-ai-fade-up has-color-2-background-color has-background has-global-padding is-layout-constrained wp-block-group-is-layout-constrained\" data-aos=\"fade-up\" style=\"margin-bottom:0;padding-top:var(--wp--preset--spacing--60);padding-bottom:var(--wp--preset--spacing--60)\">\n<div class=\"wp-block-group alignwide hostinger-ai-fade-up is-layout-flow wp-block-group-is-layout-flow\" data-aos=\"fade-up\">\n<h2 class=\"wp-block-heading alignwide has-light-color has-text-color has-link-color wp-elements-f2fa15222adf1cc7baa978aee3125c5a\">Proc\u00e9s<\/h2>\n\n\n\n<p class=\"has-light-color has-text-color has-link-color wp-elements-b7e6ef780debef402f8c9805ac2d96d7\">Aquests s\u00f3n els passos principals:<\/p>\n\n\n\n<div class=\"wp-block-group alignwide hostinger-ai-fade-up is-layout-grid wp-container-core-group-is-layout-88c98fc8 wp-block-group-is-layout-grid\" data-aos=\"fade-up\">\n<div class=\"wp-block-group hostinger-ai-fade-up has-background has-global-padding is-layout-constrained wp-container-core-group-is-layout-52009084 wp-block-group-is-layout-constrained\" data-aos=\"fade-up\" style=\"border-radius:8px;background-color:#eeeeee;padding-top:var(--wp--preset--spacing--40);padding-right:var(--wp--preset--spacing--40);padding-bottom:var(--wp--preset--spacing--40);padding-left:var(--wp--preset--spacing--40)\">\n<h2 class=\"wp-block-heading has-text-align-center has-medium-font-size\">Primer contacte<\/h2>\n\n\n\n<p class=\"has-text-align-center hostinger-ai-service-description has-color-2-color has-text-color has-link-color has-custom-1-font-size wp-elements-9d96bae296c294be245904218f8a9520\" style=\"margin-top:var(--wp--preset--spacing--40)\">Recollim els teus dubtes, necessitats o reptes actuals en mat\u00e8ria d&#8217;igualtat. Avaluem l&#8217;abast de l&#8217;assessorament i et proposem un pla a mida. <\/p>\n<\/div>\n\n\n\n<div class=\"wp-block-group hostinger-ai-fade-up has-background has-global-padding is-layout-constrained wp-container-core-group-is-layout-52009084 wp-block-group-is-layout-constrained\" data-aos=\"fade-up\" style=\"border-radius:8px;background-color:#eeeeee;padding-top:var(--wp--preset--spacing--40);padding-right:var(--wp--preset--spacing--40);padding-bottom:var(--wp--preset--spacing--40);padding-left:var(--wp--preset--spacing--40)\">\n<h2 class=\"wp-block-heading has-text-align-center has-medium-font-size\">An\u00e0lisi i proposta personalitzada<\/h2>\n\n\n\n<p class=\"has-text-align-center hostinger-ai-service-description has-color-2-color has-text-color has-link-color has-custom-1-font-size wp-elements-01487aa40c12f54b0cefbe2467ac4911\" style=\"margin-top:var(--wp--preset--spacing--40)\">Elaborem un full de ruta adaptat al context i caracter\u00edstiques de la teva empresa, amb sessions de seguiment, lliuraments o recomanacions segons el tipus de servei requerit.<\/p>\n<\/div>\n\n\n\n<div class=\"wp-block-group hostinger-ai-fade-up has-background has-global-padding is-layout-constrained wp-container-core-group-is-layout-52009084 wp-block-group-is-layout-constrained\" data-aos=\"fade-up\" style=\"border-radius:8px;background-color:#eeeeee;padding-top:var(--wp--preset--spacing--40);padding-right:var(--wp--preset--spacing--40);padding-bottom:var(--wp--preset--spacing--40);padding-left:var(--wp--preset--spacing--40)\">\n<h2 class=\"wp-block-heading has-text-align-center has-medium-font-size\">Acompanyament professional<\/h2>\n\n\n\n<p class=\"has-text-align-center hostinger-ai-service-description has-color-2-color has-text-color has-link-color has-custom-1-font-size wp-elements-b4cb633ba5f5957c6d2b6343b79d119b\" style=\"margin-top:var(--wp--preset--spacing--40)\">Et guiem durant tot el proc\u00e9s, oferint eines, recursos i coneixement expert perqu\u00e8 puguis prendre decisions s\u00f2lides i avan\u00e7ar amb seguretat.<\/p>\n<\/div>\n<\/div>\n<\/div>\n<\/div>\n\n\n\n<div class=\"wp-block-group alignwide hostinger-ai-fade-up is-layout-flow wp-block-group-is-layout-flow\" data-aos=\"fade-up\">\n<h2 class=\"wp-block-heading alignwide\">Avantatges<\/h2>\n\n\n\n<div class=\"wp-block-group alignwide hostinger-ai-fade-up is-layout-grid wp-container-core-group-is-layout-88c98fc8 wp-block-group-is-layout-grid\" data-aos=\"fade-up\">\n<div class=\"wp-block-group hostinger-ai-fade-up has-color-1-background-color has-background has-global-padding is-layout-constrained wp-container-core-group-is-layout-52009084 wp-block-group-is-layout-constrained\" data-aos=\"fade-up\" style=\"border-radius:8px;padding-top:var(--wp--preset--spacing--40);padding-right:var(--wp--preset--spacing--40);padding-bottom:var(--wp--preset--spacing--40);padding-left:var(--wp--preset--spacing--40)\">\n<h2 class=\"wp-block-heading has-text-align-center has-medium-font-size\">Flexibilitat total<\/h2>\n\n\n\n<p class=\"has-text-align-center hostinger-ai-service-description has-color-2-color has-text-color has-link-color has-custom-1-font-size wp-elements-59150a7eb7e3b29e6094a3e3a1e800ac\" style=\"margin-top:var(--wp--preset--spacing--40)\">Ens adaptem al tipus de projecte, a la fase del proc\u00e9s en qu\u00e8 estiguis i als teus recursos disponibles.<\/p>\n<\/div>\n\n\n\n<div class=\"wp-block-group hostinger-ai-fade-up has-color-1-background-color has-background has-global-padding is-layout-constrained wp-container-core-group-is-layout-52009084 wp-block-group-is-layout-constrained\" data-aos=\"fade-up\" style=\"border-radius:8px;padding-top:var(--wp--preset--spacing--40);padding-right:var(--wp--preset--spacing--40);padding-bottom:var(--wp--preset--spacing--40);padding-left:var(--wp--preset--spacing--40)\">\n<h2 class=\"wp-block-heading has-text-align-center has-medium-font-size\">Suport expert amb visi\u00f3 estrat\u00e8gica<\/h2>\n\n\n\n<p class=\"has-text-align-center hostinger-ai-service-description has-color-2-color has-text-color has-link-color has-custom-1-font-size wp-elements-be2a31be4a86baa7683ebd186c638674\" style=\"margin-top:var(--wp--preset--spacing--40)\">Comptem amb experi\u00e8ncia contrastada en consultoria de g\u00e8nere i pol\u00edtiques d&#8217;igualtat.<\/p>\n<\/div>\n\n\n\n<div class=\"wp-block-group hostinger-ai-fade-up has-color-1-background-color has-background has-global-padding is-layout-constrained wp-container-core-group-is-layout-52009084 wp-block-group-is-layout-constrained\" data-aos=\"fade-up\" style=\"border-radius:8px;padding-top:var(--wp--preset--spacing--40);padding-right:var(--wp--preset--spacing--40);padding-bottom:var(--wp--preset--spacing--40);padding-left:var(--wp--preset--spacing--40)\">\n<h2 class=\"wp-block-heading has-text-align-center has-medium-font-size\">Resultats concrets i aplicables<\/h2>\n\n\n\n<p class=\"has-text-align-center hostinger-ai-service-description has-color-2-color has-text-color has-link-color has-custom-1-font-size wp-elements-014e2ba117a1f6c2b996b497a7f958e4\" style=\"margin-top:var(--wp--preset--spacing--40)\">No nom\u00e9s resolem dubtes: transformem inquietuds en solucions pr\u00e0ctiques que generen impacte.<\/p>\n<\/div>\n<\/div>\n<\/div>\n\n\n\n<div class=\"wp-block-group alignfull hostinger-ai-our-services-2 hostinger-ai-fade-up has-color-2-background-color has-background has-global-padding is-layout-constrained wp-block-group-is-layout-constrained\" data-aos=\"fade-up\" style=\"margin-bottom:0;padding-top:var(--wp--preset--spacing--60);padding-bottom:var(--wp--preset--spacing--60)\">\n<div class=\"wp-block-group alignwide hostinger-ai-fade-up is-layout-flow wp-block-group-is-layout-flow\" data-aos=\"fade-up\">\n<h2 class=\"wp-block-heading alignwide has-light-color has-text-color has-link-color wp-elements-ba893630bf05cc95e8761540f1080817\">Preguntes freq\u00fcents (FAQ)<\/h2>\n\n\n\n<details class=\"wp-block-details has-light-color has-text-color has-link-color wp-elements-b614cf69b504944229c77b65a77108d8 is-layout-flow wp-block-details-is-layout-flow\"><summary>En quin tipus de casos puc sol\u00b7licitar assessorament?<\/summary>\n<p>Des de l&#8217;elaboraci\u00f3 de plans o diagn\u00f2stics, fins a la resoluci\u00f3 de conflictes, disseny de projectes o redacci\u00f3 de protocols espec\u00edfics.<\/p>\n<\/details>\n\n\n\n<details class=\"wp-block-details has-light-color has-text-color has-link-color wp-elements-627e87942a2b91f0eb56305dc410d7bb is-layout-flow wp-block-details-is-layout-flow\"><summary>L&#8217;assessorament \u00e9s puntual o continu?<\/summary>\n<p>Pot ser puntual (per a una necessitat concreta) o continu (com a acompanyament durant un proc\u00e9s o projecte). Ens adaptem al que necessitis. <\/p>\n<\/details>\n\n\n\n<details class=\"wp-block-details has-light-color has-text-color has-link-color wp-elements-2c491cf3030edd1f16698eb2d427d1e7 is-layout-flow wp-block-details-is-layout-flow\"><summary>Es pot assessorar tamb\u00e9 la comissi\u00f3 d&#8217;igualtat?<\/summary>\n<p>S\u00ed, oferim assessorament directe a comissions d&#8217;igualtat per donar suport a les seves decisions, redacci\u00f3 de plans o processos de negociaci\u00f3.<\/p>\n<\/details>\n<\/div>\n<\/div>\n\n\n\n<div class=\"wp-block-group alignwide hostinger-ai-fade-up is-layout-flow wp-block-group-is-layout-flow\" data-aos=\"fade-up\">\n<h2 class=\"wp-block-heading alignwide\">Com treballem a Vera MC?<\/h2>\n\n\n\n<div class=\"wp-block-columns is-layout-flex wp-container-core-columns-is-layout-28f84493 wp-block-columns-is-layout-flex\">\n<div class=\"wp-block-column is-layout-flow wp-block-column-is-layout-flow\">\n<p>A Vera MC t&#8217;oferim un acompanyament professional i hum\u00e0, amb enfocament pr\u00e0ctic i experi\u00e8ncia real en l&#8217;\u00e0mbit de la igualtat. Escoltem les teves necessitats, analitzem el teu cas i dissenyem solucions adaptades, rigoroses i aplicables. <\/p>\n\n\n\n<p>Confia en el nostre equip per fer el seg\u00fcent pas amb seguretat, claredat i efic\u00e0cia.<\/p>\n<\/div>\n\n\n\n<div class=\"wp-block-column is-layout-flow wp-block-column-is-layout-flow\">\n<figure class=\"wp-block-image size-full\"><img loading=\"lazy\" decoding=\"async\" width=\"500\" height=\"300\" src=\"https:\/\/veramc.com\/wp-content\/uploads\/2025\/06\/asesoramiento-ii.png\" alt=\"\" class=\"wp-image-4152\" srcset=\"https:\/\/veramc.com\/wp-content\/uploads\/2025\/06\/asesoramiento-ii.png 500w, https:\/\/veramc.com\/wp-content\/uploads\/2025\/06\/asesoramiento-ii-300x180.png 300w\" sizes=\"auto, (max-width: 500px) 100vw, 500px\" \/><\/figure>\n<\/div>\n<\/div>\n\n\n\n<p>Si vols assegurar-te que la teva empresa compleix amb la normativa i promou la&nbsp;<strong>igualtat <\/strong>entre homes i dones,&nbsp;<strong>contacta amb VERA MC<\/strong>. T&#8217;ajudem a complir amb les exig\u00e8ncies legals i a millorar el clima laboral de la teva empresa. <\/p>\n<\/div>\n\n\n\n<div class=\"wp-block-group alignfull has-color-1-background-color has-background is-vertical is-content-justification-center is-layout-flex wp-container-core-group-is-layout-04f3bf80 wp-block-group-is-layout-flex\" style=\"margin-top:var(--wp--preset--spacing--60);margin-bottom:0\">\n<h2 class=\"wp-block-heading has-text-align-center hostinger-ai-title has-dark-color has-text-color has-link-color has-x-large-font-size wp-elements-787cee2bac7efa1167b1ec946746d654\" style=\"margin-top:var(--wp--preset--spacing--60);margin-bottom:0\">Cont\u00e1ctanos<\/h2>\n\n\n\n<div class=\"wp-block-group has-global-padding is-layout-constrained wp-container-core-group-is-layout-4344ec09 wp-block-group-is-layout-constrained\" style=\"padding-right:var(--wp--preset--spacing--50);padding-left:var(--wp--preset--spacing--50)\">\n<div class=\"wpcf7 no-js\" id=\"wpcf7-f4662-o1\" lang=\"ca\" dir=\"ltr\" data-wpcf7-id=\"4662\">\n<div class=\"screen-reader-response\"><p role=\"status\" aria-live=\"polite\" aria-atomic=\"true\"><\/p> <ul><\/ul><\/div>\n<form action=\"\/ca\/wp-json\/wp\/v2\/pages\/4783#wpcf7-f4662-o1\" method=\"post\" class=\"wpcf7-form init\" aria-label=\"Formulari de contacte\" novalidate=\"novalidate\" data-status=\"init\">\n<fieldset class=\"hidden-fields-container\"><input type=\"hidden\" name=\"_wpcf7\" value=\"4662\" \/><input type=\"hidden\" name=\"_wpcf7_version\" value=\"6.1.1\" \/><input type=\"hidden\" name=\"_wpcf7_locale\" value=\"ca\" \/><input type=\"hidden\" name=\"_wpcf7_unit_tag\" value=\"wpcf7-f4662-o1\" \/><input type=\"hidden\" name=\"_wpcf7_container_post\" value=\"0\" \/><input type=\"hidden\" name=\"_wpcf7_posted_data_hash\" value=\"\" \/>\n<\/fieldset>\n<p><label> <strong>Nom i cognom\/s<\/strong><br \/>\n<span class=\"wpcf7-form-control-wrap\" data-name=\"your-name\"><input size=\"40\" maxlength=\"400\" class=\"wpcf7-form-control wpcf7-text wpcf7-validates-as-required form-input\" aria-required=\"true\" aria-invalid=\"false\" placeholder=\"Com et dius?\" value=\"\" type=\"text\" name=\"your-name\" \/><\/span> <\/label>\n<\/p>\n<p><label> <strong>Email<\/strong><br \/>\n<span class=\"wpcf7-form-control-wrap\" data-name=\"your-email\"><input size=\"40\" maxlength=\"400\" class=\"wpcf7-form-control wpcf7-email wpcf7-validates-as-required wpcf7-text wpcf7-validates-as-email form-input\" aria-required=\"true\" aria-invalid=\"false\" placeholder=\"Quin \u00e9s el teu correu electr\u00f2nic?\" value=\"\" type=\"email\" name=\"your-email\" \/><\/span> <\/label>\n<\/p>\n<p><label><strong>Missatge<\/strong><br \/>\n<span class=\"wpcf7-form-control-wrap\" data-name=\"your-message\"><textarea cols=\"40\" rows=\"10\" maxlength=\"2000\" class=\"wpcf7-form-control wpcf7-textarea wpcf7-validates-as-required form-textarea\" aria-required=\"true\" aria-invalid=\"false\" placeholder=\"Escriu el teu missatge...\" name=\"your-message\"><\/textarea><\/span><\/label><br \/>\n<span id=\"wpcf7-69fdf1482dcaf-wrapper\" class=\"wpcf7-form-control-wrap honeypot-573-wrap\" style=\"display:none !important; visibility:hidden !important;\"><label for=\"wpcf7-69fdf1482dcaf-field\" class=\"hp-message\">Deixeu aquest camp buit.<\/label><input id=\"wpcf7-69fdf1482dcaf-field\"  class=\"wpcf7-form-control wpcf7-text\" type=\"text\" name=\"honeypot-573\" value=\"\" size=\"40\" tabindex=\"-1\" autocomplete=\"new-password\" \/><\/span><br \/>\n<span class=\"wpcf7-form-control-wrap\" data-name=\"your-consent\"><span class=\"wpcf7-form-control wpcf7-acceptance\"><span class=\"wpcf7-list-item\"><label><input type=\"checkbox\" name=\"your-consent\" value=\"1\" aria-invalid=\"false\" \/><span class=\"wpcf7-list-item-label\">Autoritzo l'\u00fas de les dades personals facilitades per tal de respondre a la sol\u00b7licitud segons el que descriu <a href=\"\/politica-de-privacidad\" target=\"_blank\">la Pol\u00edtica de Privadesa<\/a> que he llegit. Puc retirar el meu consentiment en qualsevol moment.<\/span><\/label><\/span><\/span><\/span>\n<\/p>\n<p><input class=\"wpcf7-form-control wpcf7-submit has-spinner\" type=\"submit\" value=\"Enviar missatge\" \/>\n<\/p><div class=\"wpcf7-response-output\" aria-hidden=\"true\"><\/div>\n<\/form>\n<\/div>\n\n<\/div>\n<\/div>\n","protected":false},"excerpt":{"rendered":"<p>Qu\u00e8 \u00e9s el servei d&#8217;assessorament especialitzat? El nostre servei d&#8217;assessorament est\u00e0 dissenyat per acompanyar empreses, comissions d&#8217;igualtat i professionals que necessiten resoldre dubtes concrets, aprofundir en l&#8217;an\u00e0lisi de la seva situaci\u00f3 o desenvolupar iniciatives amb perspectiva de g\u00e8nere. Oferim un suport expert, flexible i ajustat a cada necessitat, amb l&#8217;objectiu de facilitar la implementaci\u00f3 de [&hellip;]<\/p>\n","protected":false},"author":2,"featured_media":0,"parent":0,"menu_order":0,"comment_status":"closed","ping_status":"closed","template":"servicio","meta":{"footnotes":""},"class_list":["post-4783","page","type-page","status-publish","hentry"],"yoast_head":"<!-- This site is optimized with the Yoast SEO plugin v25.5 - https:\/\/yoast.com\/wordpress\/plugins\/seo\/ -->\n<title>Orientaci\u00f3 i assessorament en igualtat | VERA MC<\/title>\n<meta name=\"description\" content=\"A VERA MC oferim orientaci\u00f3 i assessorament especialitzat en igualtat de g\u00e8nere per a empreses i organitzacions.\" \/>\n<meta name=\"robots\" content=\"index, follow, max-snippet:-1, max-image-preview:large, max-video-preview:-1\" \/>\n<link rel=\"canonical\" href=\"https:\/\/veramc.com\/ca\/assessorament-i-seguiment\/\" \/>\n<meta property=\"og:locale\" content=\"ca_ES\" \/>\n<meta property=\"og:type\" content=\"article\" \/>\n<meta property=\"og:title\" content=\"Orientaci\u00f3 i assessorament en igualtat | VERA MC\" \/>\n<meta property=\"og:description\" content=\"A VERA MC oferim orientaci\u00f3 i assessorament especialitzat en igualtat de g\u00e8nere per a empreses i organitzacions.\" \/>\n<meta property=\"og:url\" content=\"https:\/\/veramc.com\/ca\/assessorament-i-seguiment\/\" \/>\n<meta property=\"og:site_name\" content=\"VERA MC\" \/>\n<meta property=\"og:image\" content=\"https:\/\/veramc.com\/wp-content\/uploads\/2025\/06\/asesoramiento.png\" \/>\n\t<meta property=\"og:image:width\" content=\"500\" \/>\n\t<meta property=\"og:image:height\" content=\"300\" \/>\n\t<meta property=\"og:image:type\" content=\"image\/png\" \/>\n<meta name=\"twitter:card\" content=\"summary_large_image\" \/>\n<meta name=\"twitter:label1\" content=\"Temps estimat de lectura\" \/>\n\t<meta name=\"twitter:data1\" content=\"3 minuts\" \/>\n<script type=\"application\/ld+json\" class=\"yoast-schema-graph\">{\"@context\":\"https:\/\/schema.org\",\"@graph\":[{\"@type\":\"WebPage\",\"@id\":\"https:\/\/veramc.com\/ca\/assessorament-i-seguiment\/\",\"url\":\"https:\/\/veramc.com\/ca\/assessorament-i-seguiment\/\",\"name\":\"Orientaci\u00f3 i assessorament en igualtat | VERA MC\",\"isPartOf\":{\"@id\":\"https:\/\/veramc.com\/ca\/#website\"},\"primaryImageOfPage\":{\"@id\":\"https:\/\/veramc.com\/ca\/assessorament-i-seguiment\/#primaryimage\"},\"image\":{\"@id\":\"https:\/\/veramc.com\/ca\/assessorament-i-seguiment\/#primaryimage\"},\"thumbnailUrl\":\"https:\/\/veramc.com\/wp-content\/uploads\/2025\/06\/asesoramiento.png\",\"datePublished\":\"2025-05-21T14:51:23+00:00\",\"description\":\"A VERA MC oferim orientaci\u00f3 i assessorament especialitzat en igualtat de g\u00e8nere per a empreses i organitzacions.\",\"breadcrumb\":{\"@id\":\"https:\/\/veramc.com\/ca\/assessorament-i-seguiment\/#breadcrumb\"},\"inLanguage\":\"ca\",\"potentialAction\":[{\"@type\":\"ReadAction\",\"target\":[\"https:\/\/veramc.com\/ca\/assessorament-i-seguiment\/\"]}]},{\"@type\":\"ImageObject\",\"inLanguage\":\"ca\",\"@id\":\"https:\/\/veramc.com\/ca\/assessorament-i-seguiment\/#primaryimage\",\"url\":\"https:\/\/veramc.com\/wp-content\/uploads\/2025\/06\/asesoramiento.png\",\"contentUrl\":\"https:\/\/veramc.com\/wp-content\/uploads\/2025\/06\/asesoramiento.png\"},{\"@type\":\"BreadcrumbList\",\"@id\":\"https:\/\/veramc.com\/ca\/assessorament-i-seguiment\/#breadcrumb\",\"itemListElement\":[{\"@type\":\"ListItem\",\"position\":1,\"name\":\"Inici\",\"item\":\"https:\/\/veramc.com\/ca\/\"},{\"@type\":\"ListItem\",\"position\":2,\"name\":\"Assessorament i seguiment\"}]},{\"@type\":\"WebSite\",\"@id\":\"https:\/\/veramc.com\/ca\/#website\",\"url\":\"https:\/\/veramc.com\/ca\/\",\"name\":\"VERA MC\",\"description\":\"\",\"potentialAction\":[{\"@type\":\"SearchAction\",\"target\":{\"@type\":\"EntryPoint\",\"urlTemplate\":\"https:\/\/veramc.com\/ca\/?s={search_term_string}\"},\"query-input\":{\"@type\":\"PropertyValueSpecification\",\"valueRequired\":true,\"valueName\":\"search_term_string\"}}],\"inLanguage\":\"ca\"}]}<\/script>\n<!-- \/ Yoast SEO plugin. -->","yoast_head_json":{"title":"Orientaci\u00f3 i assessorament en igualtat | VERA MC","description":"A VERA MC oferim orientaci\u00f3 i assessorament especialitzat en igualtat de g\u00e8nere per a empreses i organitzacions.","robots":{"index":"index","follow":"follow","max-snippet":"max-snippet:-1","max-image-preview":"max-image-preview:large","max-video-preview":"max-video-preview:-1"},"canonical":"https:\/\/veramc.com\/ca\/assessorament-i-seguiment\/","og_locale":"ca_ES","og_type":"article","og_title":"Orientaci\u00f3 i assessorament en igualtat | VERA MC","og_description":"A VERA MC oferim orientaci\u00f3 i assessorament especialitzat en igualtat de g\u00e8nere per a empreses i organitzacions.","og_url":"https:\/\/veramc.com\/ca\/assessorament-i-seguiment\/","og_site_name":"VERA MC","og_image":[{"width":500,"height":300,"url":"https:\/\/veramc.com\/wp-content\/uploads\/2025\/06\/asesoramiento.png","type":"image\/png"}],"twitter_card":"summary_large_image","twitter_misc":{"Temps estimat de lectura":"3 minuts"},"schema":{"@context":"https:\/\/schema.org","@graph":[{"@type":"WebPage","@id":"https:\/\/veramc.com\/ca\/assessorament-i-seguiment\/","url":"https:\/\/veramc.com\/ca\/assessorament-i-seguiment\/","name":"Orientaci\u00f3 i assessorament en igualtat | VERA MC","isPartOf":{"@id":"https:\/\/veramc.com\/ca\/#website"},"primaryImageOfPage":{"@id":"https:\/\/veramc.com\/ca\/assessorament-i-seguiment\/#primaryimage"},"image":{"@id":"https:\/\/veramc.com\/ca\/assessorament-i-seguiment\/#primaryimage"},"thumbnailUrl":"https:\/\/veramc.com\/wp-content\/uploads\/2025\/06\/asesoramiento.png","datePublished":"2025-05-21T14:51:23+00:00","description":"A VERA MC oferim orientaci\u00f3 i assessorament especialitzat en igualtat de g\u00e8nere per a empreses i organitzacions.","breadcrumb":{"@id":"https:\/\/veramc.com\/ca\/assessorament-i-seguiment\/#breadcrumb"},"inLanguage":"ca","potentialAction":[{"@type":"ReadAction","target":["https:\/\/veramc.com\/ca\/assessorament-i-seguiment\/"]}]},{"@type":"ImageObject","inLanguage":"ca","@id":"https:\/\/veramc.com\/ca\/assessorament-i-seguiment\/#primaryimage","url":"https:\/\/veramc.com\/wp-content\/uploads\/2025\/06\/asesoramiento.png","contentUrl":"https:\/\/veramc.com\/wp-content\/uploads\/2025\/06\/asesoramiento.png"},{"@type":"BreadcrumbList","@id":"https:\/\/veramc.com\/ca\/assessorament-i-seguiment\/#breadcrumb","itemListElement":[{"@type":"ListItem","position":1,"name":"Inici","item":"https:\/\/veramc.com\/ca\/"},{"@type":"ListItem","position":2,"name":"Assessorament i seguiment"}]},{"@type":"WebSite","@id":"https:\/\/veramc.com\/ca\/#website","url":"https:\/\/veramc.com\/ca\/","name":"VERA MC","description":"","potentialAction":[{"@type":"SearchAction","target":{"@type":"EntryPoint","urlTemplate":"https:\/\/veramc.com\/ca\/?s={search_term_string}"},"query-input":{"@type":"PropertyValueSpecification","valueRequired":true,"valueName":"search_term_string"}}],"inLanguage":"ca"}]}},"_links":{"self":[{"href":"https:\/\/veramc.com\/ca\/wp-json\/wp\/v2\/pages\/4783","targetHints":{"allow":["GET"]}}],"collection":[{"href":"https:\/\/veramc.com\/ca\/wp-json\/wp\/v2\/pages"}],"about":[{"href":"https:\/\/veramc.com\/ca\/wp-json\/wp\/v2\/types\/page"}],"author":[{"embeddable":true,"href":"https:\/\/veramc.com\/ca\/wp-json\/wp\/v2\/users\/2"}],"replies":[{"embeddable":true,"href":"https:\/\/veramc.com\/ca\/wp-json\/wp\/v2\/comments?post=4783"}],"version-history":[{"count":0,"href":"https:\/\/veramc.com\/ca\/wp-json\/wp\/v2\/pages\/4783\/revisions"}],"wp:attachment":[{"href":"https:\/\/veramc.com\/ca\/wp-json\/wp\/v2\/media?parent=4783"}],"curies":[{"name":"wp","href":"https:\/\/api.w.org\/{rel}","templated":true}]}}