{"id":4785,"date":"2025-05-20T14:07:05","date_gmt":"2025-05-20T13:07:05","guid":{"rendered":"https:\/\/veramc.com\/foment-de-la-igualtat-lgtbiq\/"},"modified":"2025-05-20T14:07:05","modified_gmt":"2025-05-20T13:07:05","slug":"foment-de-la-igualtat-lgtbiq","status":"publish","type":"page","link":"https:\/\/veramc.com\/ca\/foment-de-la-igualtat-lgtbiq\/","title":{"rendered":"Foment de la Igualtat LGTBIQ+"},"content":{"rendered":"\n<div class=\"wp-block-group alignwide hostinger-ai-fade-up is-layout-flow wp-block-group-is-layout-flow\" data-aos=\"fade-up\">\n<h2 class=\"wp-block-heading alignwide\">Qu\u00e8 \u00e9s el foment de la igualtat LGTBIQ+ i el seu protocol?<\/h2>\n\n\n\n<div class=\"wp-block-columns is-layout-flex wp-container-core-columns-is-layout-28f84493 wp-block-columns-is-layout-flex\">\n<div class=\"wp-block-column is-layout-flow wp-block-column-is-layout-flow\">\n<figure class=\"wp-block-image size-full\"><img loading=\"lazy\" decoding=\"async\" width=\"500\" height=\"300\" src=\"https:\/\/veramc.com\/wp-content\/uploads\/2025\/06\/32.png\" alt=\"\" class=\"wp-image-4112\" srcset=\"https:\/\/veramc.com\/wp-content\/uploads\/2025\/06\/32.png 500w, https:\/\/veramc.com\/wp-content\/uploads\/2025\/06\/32-300x180.png 300w\" sizes=\"auto, (max-width: 500px) 100vw, 500px\" \/><\/figure>\n<\/div>\n\n\n\n<div class=\"wp-block-column is-layout-flow wp-block-column-is-layout-flow\">\n<p>El foment de la igualtat LGTBIQ+ en l&#8217;\u00e0mbit laboral consisteix a establir pol\u00edtiques i accions concretes que garanteixin el respecte, la inclusi\u00f3 i la no discriminaci\u00f3 de les persones LGTBIQ+ dins de les organitzacions.<\/p>\n\n\n\n<p>Aix\u00f2 es complementa amb la implantaci\u00f3 d&#8217;un <strong>protocol d&#8217;actuaci\u00f3 espec\u00edfic davant l&#8217;assetjament o viol\u00e8ncia per motiu d&#8217;orientaci\u00f3 sexual, identitat de g\u00e8nere o expressi\u00f3 de g\u00e8nere<\/strong>, assegurant un entorn laboral segur i lliure de discriminaci\u00f3.<\/p>\n<\/div>\n<\/div>\n\n\n\n<h2 class=\"wp-block-heading alignwide\" style=\"margin-top:var(--wp--preset--spacing--70)\">Per qu\u00e8 \u00e9s obligatori per a les empreses?<\/h2>\n\n\n\n<p>Amb l&#8217;entrada en vigor de la <strong>Llei 4\/2023, de 28 de febrer<\/strong>, totes les empreses de <strong>m\u00e9s de 50 persones treballadores<\/strong> tenen l&#8217;obligaci\u00f3 legal de promoure activament la igualtat real i efectiva de les persones LGTBIQ+.<\/p>\n\n\n\n<div class=\"wp-block-columns is-layout-flex wp-container-core-columns-is-layout-28f84493 wp-block-columns-is-layout-flex\">\n<div class=\"wp-block-column is-layout-flow wp-block-column-is-layout-flow\">\n<p>Entre els aspectes clau d&#8217;aquesta normativa, destaquen:<\/p>\n\n\n\n<ul class=\"wp-block-list\">\n<li>L&#8217;adopci\u00f3 de <strong>mesures concretes<\/strong> d&#8217;inclusi\u00f3 i no discriminaci\u00f3.<\/li>\n\n\n\n<li>La implementaci\u00f3 d&#8217;un <strong>protocol espec\u00edfic de prevenci\u00f3 i actuaci\u00f3 davant l&#8217;assetjament per ra\u00f3 d&#8217;identitat o orientaci\u00f3 sexual<\/strong>.<\/li>\n\n\n\n<li>L&#8217;obligaci\u00f3 d&#8217;<strong>aplicar aquestes mesures abans del 2 de mar\u00e7 de 2024<\/strong>.<\/li>\n<\/ul>\n<\/div>\n\n\n\n<div class=\"wp-block-column is-layout-flow wp-block-column-is-layout-flow\">\n<figure class=\"wp-block-image size-full\"><img loading=\"lazy\" decoding=\"async\" width=\"500\" height=\"300\" src=\"https:\/\/veramc.com\/wp-content\/uploads\/2025\/06\/34.png\" alt=\"\" class=\"wp-image-4114\" srcset=\"https:\/\/veramc.com\/wp-content\/uploads\/2025\/06\/34.png 500w, https:\/\/veramc.com\/wp-content\/uploads\/2025\/06\/34-300x180.png 300w\" sizes=\"auto, (max-width: 500px) 100vw, 500px\" \/><\/figure>\n<\/div>\n<\/div>\n\n\n\n<p>No complir amb aquesta normativa pot suposar sancions administratives i afectar la imatge p\u00fablica de l&#8217;empresa.<\/p>\n<\/div>\n\n\n\n<div class=\"wp-block-group alignfull hostinger-ai-our-services-2 hostinger-ai-fade-up has-color-2-background-color has-background has-global-padding is-layout-constrained wp-block-group-is-layout-constrained\" data-aos=\"fade-up\" style=\"margin-bottom:0;padding-top:var(--wp--preset--spacing--60);padding-bottom:var(--wp--preset--spacing--60)\">\n<div class=\"wp-block-group alignwide hostinger-ai-fade-up is-layout-flow wp-block-group-is-layout-flow\" data-aos=\"fade-up\">\n<h2 class=\"wp-block-heading alignwide has-light-color has-text-color has-link-color wp-elements-519b887fe1d2a36700cc7d7b8336ec69\">Proc\u00e9s per implantar les mesures i el protocol<\/h2>\n\n\n\n<p class=\"has-light-color has-text-color has-link-color wp-elements-5ed95ca116afe696ab4a03937db4efae\">El nostre equip s&#8217;encarrega de tot el proc\u00e9s perqu\u00e8 la teva empresa compleixi amb la&nbsp;<strong>normativa<\/strong>. Aquests s\u00f3n els passos principals: <\/p>\n\n\n\n<div class=\"wp-block-group alignwide hostinger-ai-fade-up is-layout-grid wp-container-core-group-is-layout-88c98fc8 wp-block-group-is-layout-grid\" data-aos=\"fade-up\">\n<div class=\"wp-block-group hostinger-ai-fade-up has-background has-global-padding is-layout-constrained wp-container-core-group-is-layout-52009084 wp-block-group-is-layout-constrained\" data-aos=\"fade-up\" style=\"border-radius:8px;background-color:#eeeeee;padding-top:var(--wp--preset--spacing--40);padding-right:var(--wp--preset--spacing--40);padding-bottom:var(--wp--preset--spacing--40);padding-left:var(--wp--preset--spacing--40)\">\n<h2 class=\"wp-block-heading has-text-align-center has-medium-font-size\">1. Diagn\u00f2stic i planificaci\u00f3 de mesures<\/h2>\n\n\n\n<p class=\"has-text-align-center hostinger-ai-service-description has-color-2-color has-text-color has-link-color has-custom-1-font-size wp-elements-e7dbfdc9dc0a6c6d9fd974acf5891034\" style=\"margin-top:var(--wp--preset--spacing--40)\">Analitzem la situaci\u00f3 actual de l&#8217;empresa en mat\u00e8ria de diversitat i inclusi\u00f3, i definim un conjunt de mesures alineades amb la Llei 4\/2023.<\/p>\n<\/div>\n\n\n\n<div class=\"wp-block-group hostinger-ai-fade-up has-background has-global-padding is-layout-constrained wp-container-core-group-is-layout-52009084 wp-block-group-is-layout-constrained\" data-aos=\"fade-up\" style=\"border-radius:8px;background-color:#eeeeee;padding-top:var(--wp--preset--spacing--40);padding-right:var(--wp--preset--spacing--40);padding-bottom:var(--wp--preset--spacing--40);padding-left:var(--wp--preset--spacing--40)\">\n<h2 class=\"wp-block-heading has-text-align-center has-medium-font-size\">2. Redacci\u00f3 del protocol d&#8217;actuaci\u00f3<\/h2>\n\n\n\n<p class=\"has-text-align-center hostinger-ai-service-description has-color-2-color has-text-color has-link-color has-custom-1-font-size wp-elements-06703de32659697a15e95e1976b0f4df\" style=\"margin-top:var(--wp--preset--spacing--40)\">Elaborem un protocol espec\u00edfic per a la prevenci\u00f3 i actuaci\u00f3 davant l&#8217;assetjament per ra\u00f3 d&#8217;orientaci\u00f3 sexual o identitat de g\u00e8nere, adaptat al context de la teva organitzaci\u00f3.<\/p>\n<\/div>\n\n\n\n<div class=\"wp-block-group hostinger-ai-fade-up has-background has-global-padding is-layout-constrained wp-container-core-group-is-layout-52009084 wp-block-group-is-layout-constrained\" data-aos=\"fade-up\" style=\"border-radius:8px;background-color:#eeeeee;padding-top:var(--wp--preset--spacing--40);padding-right:var(--wp--preset--spacing--40);padding-bottom:var(--wp--preset--spacing--40);padding-left:var(--wp--preset--spacing--40)\">\n<h2 class=\"wp-block-heading has-text-align-center has-medium-font-size\">3. Formaci\u00f3 i sensibilitzaci\u00f3 interna<\/h2>\n\n\n\n<p class=\"has-text-align-center hostinger-ai-service-description has-color-2-color has-text-color has-link-color has-custom-1-font-size wp-elements-1e755d7e85b0969038d780e2fb7b7a54\" style=\"margin-top:var(--wp--preset--spacing--40)\">Formem a la plantilla i als equips responsables en igualtat LGTBIQ+, garantint una implementaci\u00f3 efectiva i coherent amb els valors de l&#8217;empresa.<\/p>\n<\/div>\n<\/div>\n<\/div>\n<\/div>\n\n\n\n<div class=\"wp-block-group alignwide hostinger-ai-fade-up is-layout-flow wp-block-group-is-layout-flow\" data-aos=\"fade-up\">\n<h2 class=\"wp-block-heading alignwide\">Avantatges de promoure la igualtat LGTBIQ+<\/h2>\n\n\n\n<div class=\"wp-block-group alignwide hostinger-ai-fade-up is-layout-grid wp-container-core-group-is-layout-88c98fc8 wp-block-group-is-layout-grid\" data-aos=\"fade-up\">\n<div class=\"wp-block-group hostinger-ai-fade-up has-color-1-background-color has-background has-global-padding is-layout-constrained wp-container-core-group-is-layout-52009084 wp-block-group-is-layout-constrained\" data-aos=\"fade-up\" style=\"border-radius:8px;padding-top:var(--wp--preset--spacing--40);padding-right:var(--wp--preset--spacing--40);padding-bottom:var(--wp--preset--spacing--40);padding-left:var(--wp--preset--spacing--40)\">\n<h2 class=\"wp-block-heading has-text-align-center has-medium-font-size\">Compliment legal i prevenci\u00f3 de sancions<\/h2>\n\n\n\n<p class=\"has-text-align-center hostinger-ai-service-description has-color-2-color has-text-color has-link-color has-custom-1-font-size wp-elements-b7808fce9cdf8612bb475bd51ae5d901\" style=\"margin-top:var(--wp--preset--spacing--40)\">Assegura que l&#8217;empresa compleix amb les seves obligacions legals, evitant sancions i possibles reclamacions.<\/p>\n<\/div>\n\n\n\n<div class=\"wp-block-group hostinger-ai-fade-up has-color-1-background-color has-background has-global-padding is-layout-constrained wp-container-core-group-is-layout-52009084 wp-block-group-is-layout-constrained\" data-aos=\"fade-up\" style=\"border-radius:8px;padding-top:var(--wp--preset--spacing--40);padding-right:var(--wp--preset--spacing--40);padding-bottom:var(--wp--preset--spacing--40);padding-left:var(--wp--preset--spacing--40)\">\n<h2 class=\"wp-block-heading has-text-align-center has-medium-font-size\">Millora de l&#8217;entorn laboral i la cultura organitzativa<\/h2>\n\n\n\n<p class=\"has-text-align-center hostinger-ai-service-description has-color-2-color has-text-color has-link-color has-custom-1-font-size wp-elements-a9ae526561a7a4ffaedc7709f52f43da\" style=\"margin-top:var(--wp--preset--spacing--40)\">Afavoreix un clima de respecte, inclusi\u00f3 i seguretat psicol\u00f2gica, augmentant el benestar de la plantilla.<\/p>\n<\/div>\n\n\n\n<div class=\"wp-block-group hostinger-ai-fade-up has-color-1-background-color has-background has-global-padding is-layout-constrained wp-container-core-group-is-layout-52009084 wp-block-group-is-layout-constrained\" data-aos=\"fade-up\" style=\"border-radius:8px;padding-top:var(--wp--preset--spacing--40);padding-right:var(--wp--preset--spacing--40);padding-bottom:var(--wp--preset--spacing--40);padding-left:var(--wp--preset--spacing--40)\">\n<h2 class=\"wp-block-heading has-text-align-center has-medium-font-size\">Reputaci\u00f3 i comprom\u00eds social<\/h2>\n\n\n\n<p class=\"has-text-align-center hostinger-ai-service-description has-color-2-color has-text-color has-link-color has-custom-1-font-size wp-elements-3dc9b5e4d499ae790d5f39b39909c7db\" style=\"margin-top:var(--wp--preset--spacing--40)\">Refor\u00e7a la imatge de l&#8217;empresa com a espai lliure de discriminaci\u00f3, comprom\u00e8s amb els drets humans i la igualtat real.<\/p>\n<\/div>\n<\/div>\n<\/div>\n\n\n\n<div class=\"wp-block-group alignfull hostinger-ai-our-services-2 hostinger-ai-fade-up has-color-2-background-color has-background has-global-padding is-layout-constrained wp-block-group-is-layout-constrained\" data-aos=\"fade-up\" style=\"margin-bottom:0;padding-top:var(--wp--preset--spacing--60);padding-bottom:var(--wp--preset--spacing--60)\">\n<div class=\"wp-block-group alignwide hostinger-ai-fade-up is-layout-flow wp-block-group-is-layout-flow\" data-aos=\"fade-up\">\n<h2 class=\"wp-block-heading alignwide has-light-color has-text-color has-link-color wp-elements-e6eaf591af52726fbe5f40fb9f279141\">Preguntes Freq\u00fcents (FAQ)<\/h2>\n\n\n\n<details class=\"wp-block-details has-light-color has-text-color has-link-color wp-elements-53a036ccc72a205ce756faf9cb23a714 is-layout-flow wp-block-details-is-layout-flow\"><summary>Quines empreses estan obligades a aplicar mesures d&#8217;igualtat LGTBIQ+?<\/summary>\n<p>Des de mar\u00e7 de 2024, totes les empreses amb m\u00e9s de 50 persones en plantilla estan obligades a implantar mesures espec\u00edfiques i un protocol d&#8217;actuaci\u00f3.<\/p>\n<\/details>\n\n\n\n<details class=\"wp-block-details has-light-color has-text-color has-link-color wp-elements-f4103d5973b51e070d25adfc8279e2e8 is-layout-flow wp-block-details-is-layout-flow\"><summary>Qu\u00e8 ha d&#8217;incloure el protocol?<\/summary>\n<p>Ha d&#8217;establir els canals de comunicaci\u00f3, el procediment de den\u00fancia, la designaci\u00f3 de responsables i les mesures de protecci\u00f3 per a les persones afectades.<\/p>\n<\/details>\n\n\n\n<details class=\"wp-block-details has-light-color has-text-color has-link-color wp-elements-568ee4f6de6a1a670a68dc6367762409 is-layout-flow wp-block-details-is-layout-flow\"><summary>Les mesures s&#8217;apliquen nom\u00e9s si hi ha persones LGTBIQ+ en plantilla?<\/summary>\n<p>No. La llei exigeix implementar les mesures de forma preventiva, independentment de si es coneix o no l&#8217;orientaci\u00f3 sexual o identitat de g\u00e8nere de les persones treballadores. <\/p>\n<\/details>\n<\/div>\n<\/div>\n\n\n\n<div class=\"wp-block-group alignwide hostinger-ai-fade-up is-layout-flow wp-block-group-is-layout-flow\" data-aos=\"fade-up\">\n<h2 class=\"wp-block-heading alignwide\">Com treballem a Vera MC?<\/h2>\n\n\n\n<p>A Vera MC ajudem a les empreses a complir amb la normativa LGTBIQ+ des d&#8217;una perspectiva integral:<\/p>\n\n\n\n<p>\u2013 Realitzem el diagn\u00f2stic i dissenyem mesures personalitzades.<br>\u2013 Redactem i adaptem el protocol a la realitat de la teva empresa.<br>\u2013 Oferim formaci\u00f3 i sensibilitzaci\u00f3 a l&#8217;equip per garantir-ne la correcta aplicaci\u00f3.<\/p>\n\n\n\n<p>El nostre objectiu \u00e9s que la teva empresa no nom\u00e9s compleixi amb la llei, sin\u00f3 que tamb\u00e9 sigui un entorn inclusiu, respectu\u00f3s i coherent amb els valors d&#8217;igualtat.<\/p>\n\n\n\n<p>Si vols assegurar-te que la teva empresa compleix amb la normativa i promou la&nbsp;<strong>igualtat<\/strong>,&nbsp;<strong>contacta&#8217;ns<\/strong>. T&#8217;ajudem a complir amb les exig\u00e8ncies legals i a millorar el clima laboral de la teva empresa. <\/p>\n<\/div>\n\n\n\n<div class=\"wp-block-group alignfull has-color-1-background-color has-background is-vertical is-content-justification-center is-layout-flex wp-container-core-group-is-layout-04f3bf80 wp-block-group-is-layout-flex\" style=\"margin-top:var(--wp--preset--spacing--60);margin-bottom:0\">\n<h2 class=\"wp-block-heading has-text-align-center hostinger-ai-title has-dark-color has-text-color has-link-color has-x-large-font-size wp-elements-787cee2bac7efa1167b1ec946746d654\" style=\"margin-top:var(--wp--preset--spacing--60);margin-bottom:0\">Cont\u00e1ctanos<\/h2>\n\n\n\n<div class=\"wp-block-group has-global-padding is-layout-constrained wp-container-core-group-is-layout-4344ec09 wp-block-group-is-layout-constrained\" style=\"padding-right:var(--wp--preset--spacing--50);padding-left:var(--wp--preset--spacing--50)\">\n<div class=\"wpcf7 no-js\" id=\"wpcf7-f4662-o1\" lang=\"ca\" dir=\"ltr\" data-wpcf7-id=\"4662\">\n<div class=\"screen-reader-response\"><p role=\"status\" aria-live=\"polite\" aria-atomic=\"true\"><\/p> <ul><\/ul><\/div>\n<form action=\"\/ca\/wp-json\/wp\/v2\/pages\/4785#wpcf7-f4662-o1\" method=\"post\" class=\"wpcf7-form init\" aria-label=\"Formulari de contacte\" novalidate=\"novalidate\" data-status=\"init\">\n<fieldset class=\"hidden-fields-container\"><input type=\"hidden\" name=\"_wpcf7\" value=\"4662\" \/><input type=\"hidden\" name=\"_wpcf7_version\" value=\"6.1.1\" \/><input type=\"hidden\" name=\"_wpcf7_locale\" value=\"ca\" \/><input type=\"hidden\" name=\"_wpcf7_unit_tag\" value=\"wpcf7-f4662-o1\" \/><input type=\"hidden\" name=\"_wpcf7_container_post\" value=\"0\" \/><input type=\"hidden\" name=\"_wpcf7_posted_data_hash\" value=\"\" \/>\n<\/fieldset>\n<p><label> <strong>Nom i cognom\/s<\/strong><br \/>\n<span class=\"wpcf7-form-control-wrap\" data-name=\"your-name\"><input size=\"40\" maxlength=\"400\" class=\"wpcf7-form-control wpcf7-text wpcf7-validates-as-required form-input\" aria-required=\"true\" aria-invalid=\"false\" placeholder=\"Com et dius?\" value=\"\" type=\"text\" name=\"your-name\" \/><\/span> <\/label>\n<\/p>\n<p><label> <strong>Email<\/strong><br \/>\n<span class=\"wpcf7-form-control-wrap\" data-name=\"your-email\"><input size=\"40\" maxlength=\"400\" class=\"wpcf7-form-control wpcf7-email wpcf7-validates-as-required wpcf7-text wpcf7-validates-as-email form-input\" aria-required=\"true\" aria-invalid=\"false\" placeholder=\"Quin \u00e9s el teu correu electr\u00f2nic?\" value=\"\" type=\"email\" name=\"your-email\" \/><\/span> <\/label>\n<\/p>\n<p><label><strong>Missatge<\/strong><br \/>\n<span class=\"wpcf7-form-control-wrap\" data-name=\"your-message\"><textarea cols=\"40\" rows=\"10\" maxlength=\"2000\" class=\"wpcf7-form-control wpcf7-textarea wpcf7-validates-as-required form-textarea\" aria-required=\"true\" aria-invalid=\"false\" placeholder=\"Escriu el teu missatge...\" name=\"your-message\"><\/textarea><\/span><\/label><br \/>\n<span id=\"wpcf7-69fdf13d0ec5a-wrapper\" class=\"wpcf7-form-control-wrap honeypot-573-wrap\" style=\"display:none !important; visibility:hidden !important;\"><label for=\"wpcf7-69fdf13d0ec5a-field\" class=\"hp-message\">Deixeu aquest camp buit.<\/label><input id=\"wpcf7-69fdf13d0ec5a-field\"  class=\"wpcf7-form-control wpcf7-text\" type=\"text\" name=\"honeypot-573\" value=\"\" size=\"40\" tabindex=\"-1\" autocomplete=\"new-password\" \/><\/span><br \/>\n<span class=\"wpcf7-form-control-wrap\" data-name=\"your-consent\"><span class=\"wpcf7-form-control wpcf7-acceptance\"><span class=\"wpcf7-list-item\"><label><input type=\"checkbox\" name=\"your-consent\" value=\"1\" aria-invalid=\"false\" \/><span class=\"wpcf7-list-item-label\">Autoritzo l'\u00fas de les dades personals facilitades per tal de respondre a la sol\u00b7licitud segons el que descriu <a href=\"\/politica-de-privacidad\" target=\"_blank\">la Pol\u00edtica de Privadesa<\/a> que he llegit. Puc retirar el meu consentiment en qualsevol moment.<\/span><\/label><\/span><\/span><\/span>\n<\/p>\n<p><input class=\"wpcf7-form-control wpcf7-submit has-spinner\" type=\"submit\" value=\"Enviar missatge\" \/>\n<\/p><div class=\"wpcf7-response-output\" aria-hidden=\"true\"><\/div>\n<\/form>\n<\/div>\n\n<\/div>\n<\/div>\n","protected":false},"excerpt":{"rendered":"<p>Qu\u00e8 \u00e9s el foment de la igualtat LGTBIQ+ i el seu protocol? El foment de la igualtat LGTBIQ+ en l&#8217;\u00e0mbit laboral consisteix a establir pol\u00edtiques i accions concretes que garanteixin el respecte, la inclusi\u00f3 i la no discriminaci\u00f3 de les persones LGTBIQ+ dins de les organitzacions. Aix\u00f2 es complementa amb la implantaci\u00f3 d&#8217;un protocol d&#8217;actuaci\u00f3 [&hellip;]<\/p>\n","protected":false},"author":2,"featured_media":4740,"parent":0,"menu_order":0,"comment_status":"closed","ping_status":"closed","template":"servicio","meta":{"footnotes":""},"class_list":["post-4785","page","type-page","status-publish","has-post-thumbnail","hentry"],"yoast_head":"<!-- This site is optimized with the Yoast SEO plugin v25.5 - https:\/\/yoast.com\/wordpress\/plugins\/seo\/ -->\n<title>Foment de la Igualtat LGTBIQ+ a Empreses | Vera MC<\/title>\n<meta name=\"description\" content=\"A Vera MC t&#039;ajudem a complir amb la Llei 4\/2023, promovent la igualtat LGTBIQ+ a la teva empresa amb pol\u00edtiques inclusives.\" \/>\n<meta name=\"robots\" content=\"index, follow, max-snippet:-1, max-image-preview:large, max-video-preview:-1\" \/>\n<link rel=\"canonical\" href=\"https:\/\/veramc.com\/ca\/foment-de-la-igualtat-lgtbiq\/\" \/>\n<meta property=\"og:locale\" content=\"ca_ES\" \/>\n<meta property=\"og:type\" content=\"article\" \/>\n<meta property=\"og:title\" content=\"Foment de la Igualtat LGTBIQ+ a Empreses | Vera MC\" \/>\n<meta property=\"og:description\" content=\"A Vera MC t&#039;ajudem a complir amb la Llei 4\/2023, promovent la igualtat LGTBIQ+ a la teva empresa amb pol\u00edtiques inclusives.\" \/>\n<meta property=\"og:url\" content=\"https:\/\/veramc.com\/ca\/foment-de-la-igualtat-lgtbiq\/\" \/>\n<meta property=\"og:site_name\" content=\"VERA MC\" \/>\n<meta property=\"og:image\" content=\"https:\/\/veramc.com\/wp-content\/uploads\/2025\/05\/LGTBIQ.png\" \/>\n\t<meta property=\"og:image:width\" content=\"340\" \/>\n\t<meta property=\"og:image:height\" content=\"340\" \/>\n\t<meta property=\"og:image:type\" content=\"image\/png\" \/>\n<meta name=\"twitter:card\" content=\"summary_large_image\" \/>\n<meta name=\"twitter:label1\" content=\"Temps estimat de lectura\" \/>\n\t<meta name=\"twitter:data1\" content=\"3 minuts\" \/>\n<script type=\"application\/ld+json\" class=\"yoast-schema-graph\">{\"@context\":\"https:\/\/schema.org\",\"@graph\":[{\"@type\":\"WebPage\",\"@id\":\"https:\/\/veramc.com\/ca\/foment-de-la-igualtat-lgtbiq\/\",\"url\":\"https:\/\/veramc.com\/ca\/foment-de-la-igualtat-lgtbiq\/\",\"name\":\"Foment de la Igualtat LGTBIQ+ a Empreses | Vera MC\",\"isPartOf\":{\"@id\":\"https:\/\/veramc.com\/ca\/#website\"},\"primaryImageOfPage\":{\"@id\":\"https:\/\/veramc.com\/ca\/foment-de-la-igualtat-lgtbiq\/#primaryimage\"},\"image\":{\"@id\":\"https:\/\/veramc.com\/ca\/foment-de-la-igualtat-lgtbiq\/#primaryimage\"},\"thumbnailUrl\":\"https:\/\/veramc.com\/wp-content\/uploads\/2025\/05\/LGTBIQ.png\",\"datePublished\":\"2025-05-20T13:07:05+00:00\",\"description\":\"A Vera MC t'ajudem a complir amb la Llei 4\/2023, promovent la igualtat LGTBIQ+ a la teva empresa amb pol\u00edtiques inclusives.\",\"breadcrumb\":{\"@id\":\"https:\/\/veramc.com\/ca\/foment-de-la-igualtat-lgtbiq\/#breadcrumb\"},\"inLanguage\":\"ca\",\"potentialAction\":[{\"@type\":\"ReadAction\",\"target\":[\"https:\/\/veramc.com\/ca\/foment-de-la-igualtat-lgtbiq\/\"]}]},{\"@type\":\"ImageObject\",\"inLanguage\":\"ca\",\"@id\":\"https:\/\/veramc.com\/ca\/foment-de-la-igualtat-lgtbiq\/#primaryimage\",\"url\":\"https:\/\/veramc.com\/wp-content\/uploads\/2025\/05\/LGTBIQ.png\",\"contentUrl\":\"https:\/\/veramc.com\/wp-content\/uploads\/2025\/05\/LGTBIQ.png\",\"width\":340,\"height\":340},{\"@type\":\"BreadcrumbList\",\"@id\":\"https:\/\/veramc.com\/ca\/foment-de-la-igualtat-lgtbiq\/#breadcrumb\",\"itemListElement\":[{\"@type\":\"ListItem\",\"position\":1,\"name\":\"Inici\",\"item\":\"https:\/\/veramc.com\/ca\/\"},{\"@type\":\"ListItem\",\"position\":2,\"name\":\"Foment de la Igualtat LGTBIQ+\"}]},{\"@type\":\"WebSite\",\"@id\":\"https:\/\/veramc.com\/ca\/#website\",\"url\":\"https:\/\/veramc.com\/ca\/\",\"name\":\"VERA MC\",\"description\":\"\",\"potentialAction\":[{\"@type\":\"SearchAction\",\"target\":{\"@type\":\"EntryPoint\",\"urlTemplate\":\"https:\/\/veramc.com\/ca\/?s={search_term_string}\"},\"query-input\":{\"@type\":\"PropertyValueSpecification\",\"valueRequired\":true,\"valueName\":\"search_term_string\"}}],\"inLanguage\":\"ca\"}]}<\/script>\n<!-- \/ Yoast SEO plugin. -->","yoast_head_json":{"title":"Foment de la Igualtat LGTBIQ+ a Empreses | Vera MC","description":"A Vera MC t'ajudem a complir amb la Llei 4\/2023, promovent la igualtat LGTBIQ+ a la teva empresa amb pol\u00edtiques inclusives.","robots":{"index":"index","follow":"follow","max-snippet":"max-snippet:-1","max-image-preview":"max-image-preview:large","max-video-preview":"max-video-preview:-1"},"canonical":"https:\/\/veramc.com\/ca\/foment-de-la-igualtat-lgtbiq\/","og_locale":"ca_ES","og_type":"article","og_title":"Foment de la Igualtat LGTBIQ+ a Empreses | Vera MC","og_description":"A Vera MC t'ajudem a complir amb la Llei 4\/2023, promovent la igualtat LGTBIQ+ a la teva empresa amb pol\u00edtiques inclusives.","og_url":"https:\/\/veramc.com\/ca\/foment-de-la-igualtat-lgtbiq\/","og_site_name":"VERA MC","og_image":[{"width":340,"height":340,"url":"https:\/\/veramc.com\/wp-content\/uploads\/2025\/05\/LGTBIQ.png","type":"image\/png"}],"twitter_card":"summary_large_image","twitter_misc":{"Temps estimat de lectura":"3 minuts"},"schema":{"@context":"https:\/\/schema.org","@graph":[{"@type":"WebPage","@id":"https:\/\/veramc.com\/ca\/foment-de-la-igualtat-lgtbiq\/","url":"https:\/\/veramc.com\/ca\/foment-de-la-igualtat-lgtbiq\/","name":"Foment de la Igualtat LGTBIQ+ a Empreses | Vera MC","isPartOf":{"@id":"https:\/\/veramc.com\/ca\/#website"},"primaryImageOfPage":{"@id":"https:\/\/veramc.com\/ca\/foment-de-la-igualtat-lgtbiq\/#primaryimage"},"image":{"@id":"https:\/\/veramc.com\/ca\/foment-de-la-igualtat-lgtbiq\/#primaryimage"},"thumbnailUrl":"https:\/\/veramc.com\/wp-content\/uploads\/2025\/05\/LGTBIQ.png","datePublished":"2025-05-20T13:07:05+00:00","description":"A Vera MC t'ajudem a complir amb la Llei 4\/2023, promovent la igualtat LGTBIQ+ a la teva empresa amb pol\u00edtiques inclusives.","breadcrumb":{"@id":"https:\/\/veramc.com\/ca\/foment-de-la-igualtat-lgtbiq\/#breadcrumb"},"inLanguage":"ca","potentialAction":[{"@type":"ReadAction","target":["https:\/\/veramc.com\/ca\/foment-de-la-igualtat-lgtbiq\/"]}]},{"@type":"ImageObject","inLanguage":"ca","@id":"https:\/\/veramc.com\/ca\/foment-de-la-igualtat-lgtbiq\/#primaryimage","url":"https:\/\/veramc.com\/wp-content\/uploads\/2025\/05\/LGTBIQ.png","contentUrl":"https:\/\/veramc.com\/wp-content\/uploads\/2025\/05\/LGTBIQ.png","width":340,"height":340},{"@type":"BreadcrumbList","@id":"https:\/\/veramc.com\/ca\/foment-de-la-igualtat-lgtbiq\/#breadcrumb","itemListElement":[{"@type":"ListItem","position":1,"name":"Inici","item":"https:\/\/veramc.com\/ca\/"},{"@type":"ListItem","position":2,"name":"Foment de la Igualtat LGTBIQ+"}]},{"@type":"WebSite","@id":"https:\/\/veramc.com\/ca\/#website","url":"https:\/\/veramc.com\/ca\/","name":"VERA MC","description":"","potentialAction":[{"@type":"SearchAction","target":{"@type":"EntryPoint","urlTemplate":"https:\/\/veramc.com\/ca\/?s={search_term_string}"},"query-input":{"@type":"PropertyValueSpecification","valueRequired":true,"valueName":"search_term_string"}}],"inLanguage":"ca"}]}},"_links":{"self":[{"href":"https:\/\/veramc.com\/ca\/wp-json\/wp\/v2\/pages\/4785","targetHints":{"allow":["GET"]}}],"collection":[{"href":"https:\/\/veramc.com\/ca\/wp-json\/wp\/v2\/pages"}],"about":[{"href":"https:\/\/veramc.com\/ca\/wp-json\/wp\/v2\/types\/page"}],"author":[{"embeddable":true,"href":"https:\/\/veramc.com\/ca\/wp-json\/wp\/v2\/users\/2"}],"replies":[{"embeddable":true,"href":"https:\/\/veramc.com\/ca\/wp-json\/wp\/v2\/comments?post=4785"}],"version-history":[{"count":0,"href":"https:\/\/veramc.com\/ca\/wp-json\/wp\/v2\/pages\/4785\/revisions"}],"wp:featuredmedia":[{"embeddable":true,"href":"https:\/\/veramc.com\/ca\/wp-json\/wp\/v2\/media\/4740"}],"wp:attachment":[{"href":"https:\/\/veramc.com\/ca\/wp-json\/wp\/v2\/media?parent=4785"}],"curies":[{"name":"wp","href":"https:\/\/api.w.org\/{rel}","templated":true}]}}