{"id":4787,"date":"2025-05-07T17:15:40","date_gmt":"2025-05-07T16:15:40","guid":{"rendered":"https:\/\/veramc.com\/auditoria-retributiva\/"},"modified":"2025-05-07T17:15:40","modified_gmt":"2025-05-07T16:15:40","slug":"auditoria-retributiva","status":"publish","type":"page","link":"https:\/\/veramc.com\/ca\/auditoria-retributiva\/","title":{"rendered":"Auditoria retributiva"},"content":{"rendered":"\n<div class=\"wp-block-group alignwide hostinger-ai-fade-up is-layout-flow wp-block-group-is-layout-flow\" data-aos=\"fade-up\">\n<h2 class=\"wp-block-heading alignwide\">Qu\u00e8 \u00e9s una auditoria retributiva i per qu\u00e8 \u00e9s important?<\/h2>\n\n\n\n<div class=\"wp-block-columns is-layout-flex wp-container-core-columns-is-layout-28f84493 wp-block-columns-is-layout-flex\">\n<div class=\"wp-block-column is-layout-flow wp-block-column-is-layout-flow\">\n<figure class=\"wp-block-image size-full\"><img loading=\"lazy\" decoding=\"async\" width=\"500\" height=\"300\" src=\"https:\/\/veramc.com\/wp-content\/uploads\/2025\/06\/auditoria-retributiva.png\" alt=\"\" class=\"wp-image-4133\" srcset=\"https:\/\/veramc.com\/wp-content\/uploads\/2025\/06\/auditoria-retributiva.png 500w, https:\/\/veramc.com\/wp-content\/uploads\/2025\/06\/auditoria-retributiva-300x180.png 300w\" sizes=\"auto, (max-width: 500px) 100vw, 500px\" \/><\/figure>\n<\/div>\n\n\n\n<div class=\"wp-block-column is-layout-flow wp-block-column-is-layout-flow\">\n<p>L&#8217;<strong>auditoria retributiva<\/strong> \u00e9s un proc\u00e9s clau per analitzar el <strong>registre salarial<\/strong> de la teva empresa, identificant <strong>desigualtats salarials<\/strong> i justificant o corregint aquelles difer\u00e8ncies sense motiu objectiu. <\/p>\n\n\n\n<p>\u00c9s un mecanisme essencial per garantir la transpar\u00e8ncia i complir amb la legislaci\u00f3 vigent en temes d&#8217;igualtat de g\u00e8nere.<\/p>\n<\/div>\n<\/div>\n\n\n\n<h2 class=\"wp-block-heading alignwide\" style=\"margin-top:var(--wp--preset--spacing--70)\">Per qu\u00e8 \u00e9s obligat\u00f2ria l&#8217;auditoria retributiva?<\/h2>\n\n\n\n<p>Des d&#8217;abril de 2021, totes les empreses que implementen un&nbsp;<strong>Pla d&#8217;Igualtat<\/strong> han de realitzar auditories retributives de forma obligat\u00f2ria. Aquesta auditoria \u00e9s crucial per complir amb les normatives del &nbsp;<strong>Reial Decret 902\/2020<\/strong> i assegurar un entorn laboral equitatiu, sense difer\u00e8ncies salarials de g\u00e8nere.<\/p>\n<\/div>\n\n\n\n<div class=\"wp-block-group alignfull hostinger-ai-our-services-2 hostinger-ai-fade-up has-color-2-background-color has-background has-global-padding is-layout-constrained wp-block-group-is-layout-constrained\" data-aos=\"fade-up\" style=\"margin-bottom:0;padding-top:var(--wp--preset--spacing--60);padding-bottom:var(--wp--preset--spacing--60)\">\n<div class=\"wp-block-group alignwide hostinger-ai-fade-up is-layout-flow wp-block-group-is-layout-flow\" data-aos=\"fade-up\">\n<h2 class=\"wp-block-heading alignwide has-light-color has-text-color has-link-color wp-elements-3e82729ffc2a7bc5de5fac1a4d4b923f\">Proc\u00e9s de l&#8217;Auditoria Retributiva a VERA MC<br><\/h2>\n\n\n\n<p class=\"has-light-color has-text-color has-link-color wp-elements-a1740f97e4bf074f4dab586f60d3354b\">El nostre equip s&#8217;encarrega de tot el proc\u00e9s d&#8217;auditoria perqu\u00e8 la teva empresa compleixi amb la&nbsp;<strong>normativa d&#8217;igualtat salarial<\/strong>. Aquests s\u00f3n els passos principals: <\/p>\n\n\n\n<div class=\"wp-block-group alignwide hostinger-ai-fade-up is-layout-grid wp-container-core-group-is-layout-88c98fc8 wp-block-group-is-layout-grid\" data-aos=\"fade-up\">\n<div class=\"wp-block-group hostinger-ai-fade-up has-background has-global-padding is-layout-constrained wp-container-core-group-is-layout-52009084 wp-block-group-is-layout-constrained\" data-aos=\"fade-up\" style=\"border-radius:8px;background-color:#eeeeee;padding-top:var(--wp--preset--spacing--40);padding-right:var(--wp--preset--spacing--40);padding-bottom:var(--wp--preset--spacing--40);padding-left:var(--wp--preset--spacing--40)\">\n<h2 class=\"wp-block-heading has-text-align-center has-medium-font-size\">Classificaci\u00f3 de Llocs per Igual Valor<\/h2>\n\n\n\n<p class=\"has-text-align-center hostinger-ai-service-description has-color-2-color has-text-color has-link-color has-custom-1-font-size wp-elements-d2818ea3e4ee9fe111dd60208fdcb70f\" style=\"margin-top:var(--wp--preset--spacing--40)\">Avaluem els diferents llocs de treball a la teva empresa segons criteris de rendiment, assignant-los una puntuaci\u00f3 num\u00e8rica per agrupar-los segons el seu valor i comparabilitat.<\/p>\n<\/div>\n\n\n\n<div class=\"wp-block-group hostinger-ai-fade-up has-background has-global-padding is-layout-constrained wp-container-core-group-is-layout-52009084 wp-block-group-is-layout-constrained\" data-aos=\"fade-up\" style=\"border-radius:8px;background-color:#eeeeee;padding-top:var(--wp--preset--spacing--40);padding-right:var(--wp--preset--spacing--40);padding-bottom:var(--wp--preset--spacing--40);padding-left:var(--wp--preset--spacing--40)\">\n<h2 class=\"wp-block-heading has-text-align-center has-medium-font-size\">Detecci\u00f3 i Justificaci\u00f3 de Bretxes Salarials<\/h2>\n\n\n\n<p class=\"has-text-align-center hostinger-ai-service-description has-color-2-color has-text-color has-link-color has-custom-1-font-size wp-elements-c245aaaeb82672089d936ef2cb5a57e2\" style=\"margin-top:var(--wp--preset--spacing--40)\">Analitzem si existeixen bretxes salarials entre homes i dones. Si aquestes superen el 25%, cal justificar-les de manera objectiva o prendre mesures correctives per corregir-les. <\/p>\n<\/div>\n\n\n\n<div class=\"wp-block-group hostinger-ai-fade-up has-background has-global-padding is-layout-constrained wp-container-core-group-is-layout-52009084 wp-block-group-is-layout-constrained\" data-aos=\"fade-up\" style=\"border-radius:8px;background-color:#eeeeee;padding-top:var(--wp--preset--spacing--40);padding-right:var(--wp--preset--spacing--40);padding-bottom:var(--wp--preset--spacing--40);padding-left:var(--wp--preset--spacing--40)\">\n<h2 class=\"wp-block-heading has-text-align-center has-medium-font-size\">Informe Final Detallat<\/h2>\n\n\n\n<p class=\"has-text-align-center hostinger-ai-service-description has-color-2-color has-text-color has-link-color has-custom-1-font-size wp-elements-e928dac64460be55d048f7308f06f15c\" style=\"margin-top:var(--wp--preset--spacing--40)\">Elaborem un informe complet que resumeix les troballes de l&#8217;an\u00e0lisi i proposa mesures espec\u00edfiques per corregir qualsevol desigualtat detectada. Aquest informe pot ser utilitzat com a suport per complir amb les inspeccions laborals o auditories externes. <\/p>\n<\/div>\n<\/div>\n<\/div>\n<\/div>\n\n\n\n<div class=\"wp-block-group alignwide hostinger-ai-fade-up is-layout-flow wp-block-group-is-layout-flow\" data-aos=\"fade-up\">\n<h2 class=\"wp-block-heading alignwide\">Avantatges de realitzar una Auditoria Retributiva<\/h2>\n\n\n\n<div class=\"wp-block-group alignwide hostinger-ai-fade-up is-layout-grid wp-container-core-group-is-layout-88c98fc8 wp-block-group-is-layout-grid\" data-aos=\"fade-up\">\n<div class=\"wp-block-group hostinger-ai-fade-up has-color-1-background-color has-background has-global-padding is-layout-constrained wp-container-core-group-is-layout-52009084 wp-block-group-is-layout-constrained\" data-aos=\"fade-up\" style=\"border-radius:8px;padding-top:var(--wp--preset--spacing--40);padding-right:var(--wp--preset--spacing--40);padding-bottom:var(--wp--preset--spacing--40);padding-left:var(--wp--preset--spacing--40)\">\n<h2 class=\"wp-block-heading has-text-align-center has-medium-font-size\">Compliment Legal<\/h2>\n\n\n\n<p class=\"has-text-align-center hostinger-ai-service-description has-color-2-color has-text-color has-link-color has-custom-1-font-size wp-elements-38b90683eefdd0dd7d91cbf2bd6d7dbb\" style=\"margin-top:var(--wp--preset--spacing--40)\">Evita sancions i assegura&#8217;t que la teva empresa compleix amb la normativa vigent en igualtat salarial.<\/p>\n<\/div>\n\n\n\n<div class=\"wp-block-group hostinger-ai-fade-up has-color-1-background-color has-background has-global-padding is-layout-constrained wp-container-core-group-is-layout-52009084 wp-block-group-is-layout-constrained\" data-aos=\"fade-up\" style=\"border-radius:8px;padding-top:var(--wp--preset--spacing--40);padding-right:var(--wp--preset--spacing--40);padding-bottom:var(--wp--preset--spacing--40);padding-left:var(--wp--preset--spacing--40)\">\n<h2 class=\"wp-block-heading has-text-align-center has-medium-font-size\">Transpar\u00e8ncia i Reputaci\u00f3<\/h2>\n\n\n\n<p class=\"has-text-align-center hostinger-ai-service-description has-color-2-color has-text-color has-link-color has-custom-1-font-size wp-elements-acd6eb88d13e3f11e50ae7d48325e689\" style=\"margin-top:var(--wp--preset--spacing--40)\">Millorar\u00e0s la confian\u00e7a de la teva plantilla i potenciar\u00e0s la imatge de la teva empresa com a organitzaci\u00f3 justa i compromesa amb la igualtat de g\u00e8nere.<\/p>\n<\/div>\n\n\n\n<div class=\"wp-block-group hostinger-ai-fade-up has-color-1-background-color has-background has-global-padding is-layout-constrained wp-container-core-group-is-layout-52009084 wp-block-group-is-layout-constrained\" data-aos=\"fade-up\" style=\"border-radius:8px;padding-top:var(--wp--preset--spacing--40);padding-right:var(--wp--preset--spacing--40);padding-bottom:var(--wp--preset--spacing--40);padding-left:var(--wp--preset--spacing--40)\">\n<h2 class=\"wp-block-heading has-text-align-center has-medium-font-size\">Millora del Clima Laboral<\/h2>\n\n\n\n<p class=\"has-text-align-center hostinger-ai-service-description has-color-2-color has-text-color has-link-color has-custom-1-font-size wp-elements-2e6eab9b02378f9f07ee2287858b3170\" style=\"margin-top:var(--wp--preset--spacing--40)\">L&#8217;equitat salarial promou un millor ambient laboral, augmentant la motivaci\u00f3 i disminuint tensions entre les persones treballadores.<\/p>\n<\/div>\n<\/div>\n<\/div>\n\n\n\n<div class=\"wp-block-group alignfull hostinger-ai-our-services-2 hostinger-ai-fade-up has-color-2-background-color has-background has-global-padding is-layout-constrained wp-block-group-is-layout-constrained\" data-aos=\"fade-up\" style=\"margin-bottom:0;padding-top:var(--wp--preset--spacing--60);padding-bottom:var(--wp--preset--spacing--60)\">\n<div class=\"wp-block-group alignwide hostinger-ai-fade-up is-layout-flow wp-block-group-is-layout-flow\" data-aos=\"fade-up\">\n<h2 class=\"wp-block-heading alignwide has-light-color has-text-color has-link-color wp-elements-ae73c2ea01d66ece3198a5babc3066ee\">Preguntes Freq\u00fcents (FAQ) sobre l&#8217;Auditoria Retributiva<\/h2>\n\n\n\n<details class=\"wp-block-details has-light-color has-text-color has-link-color wp-elements-d5c6cab32f2b87a5038957e9a34cc817 is-layout-flow wp-block-details-is-layout-flow\"><summary>Quines empreses estan obligades a realitzar una auditoria retributiva?<\/summary>\n<p>Totes les empreses que estan obligades a tenir un Pla d&#8217;Igualtat han de realitzar tamb\u00e9 una auditoria retributiva per complir amb el RD 902\/2020.<br><\/p>\n<\/details>\n\n\n\n<details class=\"wp-block-details has-light-color has-text-color has-link-color wp-elements-73c6e1153c18087956a8182027ffe9fa is-layout-flow wp-block-details-is-layout-flow\"><summary>Qu\u00e8 passa si no realitzo l&#8217;auditoria retributiva?<br><\/summary>\n<p>No realitzar l&#8217;auditoria retributiva pot comportar sancions legals i danyar la reputaci\u00f3 de l&#8217;empresa, a m\u00e9s de perpetuar desigualtats salarials.<br><\/p>\n<\/details>\n\n\n\n<details class=\"wp-block-details has-light-color has-text-color has-link-color wp-elements-f9a6b65bcbfe0d84de7f67835e0f0b68 is-layout-flow wp-block-details-is-layout-flow\"><summary>Qu\u00e8 passa si es detecta una bretxa salarial a la meva empresa?<br><\/summary>\n<p>Si es detecta una bretxa salarial superior al 25%, l&#8217;empresa ha de justificar-la o prendre mesures correctives per corregir-la, seguint les recomanacions de l&#8217;informe d&#8217;auditoria.<br><\/p>\n<\/details>\n<\/div>\n<\/div>\n\n\n\n<div class=\"wp-block-group alignwide hostinger-ai-fade-up is-layout-flow wp-block-group-is-layout-flow\" data-aos=\"fade-up\">\n<h2 class=\"wp-block-heading alignwide\">Com treballem a Vera MC per complir amb la normativa?<\/h2>\n\n\n\n<p>Nosaltres ens encarreguem de tot el proc\u00e9s: des de la&nbsp;<strong>plantilla del registre retributiu<\/strong> fins a la creaci\u00f3 de l&#8217;informe final. El nostre equip especialitzat s&#8217;assegura que totes les &nbsp;<strong>bretxes salarials<\/strong> siguin identificades, justificades i, si \u00e9s necessari, corregides.<\/p>\n\n\n\n<p>Si vols assegurar-te que la teva empresa compleix amb la normativa i promou la&nbsp;<strong>igualtat salarial<\/strong> entre homes i dones,&nbsp;<strong>contacta&#8217;ns<\/strong>. T&#8217;ajudem a complir amb les exig\u00e8ncies legals i a millorar el clima laboral de la teva empresa. <\/p>\n<\/div>\n\n\n\n<div class=\"wp-block-group alignfull has-color-1-background-color has-background is-vertical is-content-justification-center is-layout-flex wp-container-core-group-is-layout-04f3bf80 wp-block-group-is-layout-flex\" style=\"margin-top:var(--wp--preset--spacing--60);margin-bottom:0\">\n<h2 class=\"wp-block-heading has-text-align-center hostinger-ai-title has-dark-color has-text-color has-link-color has-x-large-font-size wp-elements-787cee2bac7efa1167b1ec946746d654\" style=\"margin-top:var(--wp--preset--spacing--60);margin-bottom:0\">Cont\u00e1ctanos<\/h2>\n\n\n\n<div class=\"wp-block-group has-global-padding is-layout-constrained wp-container-core-group-is-layout-4344ec09 wp-block-group-is-layout-constrained\" style=\"padding-right:var(--wp--preset--spacing--50);padding-left:var(--wp--preset--spacing--50)\">\n<div class=\"wpcf7 no-js\" id=\"wpcf7-f4662-o1\" lang=\"ca\" dir=\"ltr\" data-wpcf7-id=\"4662\">\n<div class=\"screen-reader-response\"><p role=\"status\" aria-live=\"polite\" aria-atomic=\"true\"><\/p> <ul><\/ul><\/div>\n<form action=\"\/ca\/wp-json\/wp\/v2\/pages\/4787#wpcf7-f4662-o1\" method=\"post\" class=\"wpcf7-form init\" aria-label=\"Formulari de contacte\" novalidate=\"novalidate\" data-status=\"init\">\n<fieldset class=\"hidden-fields-container\"><input type=\"hidden\" name=\"_wpcf7\" value=\"4662\" \/><input type=\"hidden\" name=\"_wpcf7_version\" value=\"6.1.1\" \/><input type=\"hidden\" name=\"_wpcf7_locale\" value=\"ca\" \/><input type=\"hidden\" name=\"_wpcf7_unit_tag\" value=\"wpcf7-f4662-o1\" \/><input type=\"hidden\" name=\"_wpcf7_container_post\" value=\"0\" \/><input type=\"hidden\" name=\"_wpcf7_posted_data_hash\" value=\"\" \/>\n<\/fieldset>\n<p><label> <strong>Nom i cognom\/s<\/strong><br \/>\n<span class=\"wpcf7-form-control-wrap\" data-name=\"your-name\"><input size=\"40\" maxlength=\"400\" class=\"wpcf7-form-control wpcf7-text wpcf7-validates-as-required form-input\" aria-required=\"true\" aria-invalid=\"false\" placeholder=\"Com et dius?\" value=\"\" type=\"text\" name=\"your-name\" \/><\/span> <\/label>\n<\/p>\n<p><label> <strong>Email<\/strong><br \/>\n<span class=\"wpcf7-form-control-wrap\" data-name=\"your-email\"><input size=\"40\" maxlength=\"400\" class=\"wpcf7-form-control wpcf7-email wpcf7-validates-as-required wpcf7-text wpcf7-validates-as-email form-input\" aria-required=\"true\" aria-invalid=\"false\" placeholder=\"Quin \u00e9s el teu correu electr\u00f2nic?\" value=\"\" type=\"email\" name=\"your-email\" \/><\/span> <\/label>\n<\/p>\n<p><label><strong>Missatge<\/strong><br \/>\n<span class=\"wpcf7-form-control-wrap\" data-name=\"your-message\"><textarea cols=\"40\" rows=\"10\" maxlength=\"2000\" class=\"wpcf7-form-control wpcf7-textarea wpcf7-validates-as-required form-textarea\" aria-required=\"true\" aria-invalid=\"false\" placeholder=\"Escriu el teu missatge...\" name=\"your-message\"><\/textarea><\/span><\/label><br \/>\n<span id=\"wpcf7-69fdef7bced68-wrapper\" class=\"wpcf7-form-control-wrap honeypot-573-wrap\" style=\"display:none !important; visibility:hidden !important;\"><label for=\"wpcf7-69fdef7bced68-field\" class=\"hp-message\">Deixeu aquest camp buit.<\/label><input id=\"wpcf7-69fdef7bced68-field\"  class=\"wpcf7-form-control wpcf7-text\" type=\"text\" name=\"honeypot-573\" value=\"\" size=\"40\" tabindex=\"-1\" autocomplete=\"new-password\" \/><\/span><br \/>\n<span class=\"wpcf7-form-control-wrap\" data-name=\"your-consent\"><span class=\"wpcf7-form-control wpcf7-acceptance\"><span class=\"wpcf7-list-item\"><label><input type=\"checkbox\" name=\"your-consent\" value=\"1\" aria-invalid=\"false\" \/><span class=\"wpcf7-list-item-label\">Autoritzo l'\u00fas de les dades personals facilitades per tal de respondre a la sol\u00b7licitud segons el que descriu <a href=\"\/politica-de-privacidad\" target=\"_blank\">la Pol\u00edtica de Privadesa<\/a> que he llegit. Puc retirar el meu consentiment en qualsevol moment.<\/span><\/label><\/span><\/span><\/span>\n<\/p>\n<p><input class=\"wpcf7-form-control wpcf7-submit has-spinner\" type=\"submit\" value=\"Enviar missatge\" \/>\n<\/p><div class=\"wpcf7-response-output\" aria-hidden=\"true\"><\/div>\n<\/form>\n<\/div>\n\n<\/div>\n<\/div>\n","protected":false},"excerpt":{"rendered":"<p>Qu\u00e8 \u00e9s una auditoria retributiva i per qu\u00e8 \u00e9s important? L&#8217;auditoria retributiva \u00e9s un proc\u00e9s clau per analitzar el registre salarial de la teva empresa, identificant desigualtats salarials i justificant o corregint aquelles difer\u00e8ncies sense motiu objectiu. \u00c9s un mecanisme essencial per garantir la transpar\u00e8ncia i complir amb la legislaci\u00f3 vigent en temes d&#8217;igualtat de [&hellip;]<\/p>\n","protected":false},"author":2,"featured_media":0,"parent":0,"menu_order":0,"comment_status":"closed","ping_status":"closed","template":"servicio","meta":{"footnotes":""},"class_list":["post-4787","page","type-page","status-publish","hentry"],"yoast_head":"<!-- This site is optimized with the Yoast SEO plugin v25.5 - https:\/\/yoast.com\/wordpress\/plugins\/seo\/ -->\n<title>Auditoria retributiva - VERA MC<\/title>\n<meta name=\"robots\" content=\"index, follow, max-snippet:-1, max-image-preview:large, max-video-preview:-1\" \/>\n<link rel=\"canonical\" href=\"https:\/\/veramc.com\/ca\/auditoria-retributiva\/\" \/>\n<meta property=\"og:locale\" content=\"ca_ES\" \/>\n<meta property=\"og:type\" content=\"article\" \/>\n<meta property=\"og:title\" content=\"Auditoria retributiva - VERA MC\" \/>\n<meta property=\"og:description\" content=\"Qu\u00e8 \u00e9s una auditoria retributiva i per qu\u00e8 \u00e9s important? L&#8217;auditoria retributiva \u00e9s un proc\u00e9s clau per analitzar el registre salarial de la teva empresa, identificant desigualtats salarials i justificant o corregint aquelles difer\u00e8ncies sense motiu objectiu. \u00c9s un mecanisme essencial per garantir la transpar\u00e8ncia i complir amb la legislaci\u00f3 vigent en temes d&#8217;igualtat de [&hellip;]\" \/>\n<meta property=\"og:url\" content=\"https:\/\/veramc.com\/ca\/auditoria-retributiva\/\" \/>\n<meta property=\"og:site_name\" content=\"VERA MC\" \/>\n<meta property=\"og:image\" content=\"https:\/\/veramc.com\/wp-content\/uploads\/2025\/06\/auditoria-retributiva.png\" \/>\n<meta name=\"twitter:card\" content=\"summary_large_image\" \/>\n<meta name=\"twitter:label1\" content=\"Temps estimat de lectura\" \/>\n\t<meta name=\"twitter:data1\" content=\"3 minuts\" \/>\n<script type=\"application\/ld+json\" class=\"yoast-schema-graph\">{\"@context\":\"https:\/\/schema.org\",\"@graph\":[{\"@type\":\"WebPage\",\"@id\":\"https:\/\/veramc.com\/ca\/auditoria-retributiva\/\",\"url\":\"https:\/\/veramc.com\/ca\/auditoria-retributiva\/\",\"name\":\"Auditoria retributiva - VERA MC\",\"isPartOf\":{\"@id\":\"https:\/\/veramc.com\/ca\/#website\"},\"primaryImageOfPage\":{\"@id\":\"https:\/\/veramc.com\/ca\/auditoria-retributiva\/#primaryimage\"},\"image\":{\"@id\":\"https:\/\/veramc.com\/ca\/auditoria-retributiva\/#primaryimage\"},\"thumbnailUrl\":\"https:\/\/veramc.com\/wp-content\/uploads\/2025\/06\/auditoria-retributiva.png\",\"datePublished\":\"2025-05-07T16:15:40+00:00\",\"breadcrumb\":{\"@id\":\"https:\/\/veramc.com\/ca\/auditoria-retributiva\/#breadcrumb\"},\"inLanguage\":\"ca\",\"potentialAction\":[{\"@type\":\"ReadAction\",\"target\":[\"https:\/\/veramc.com\/ca\/auditoria-retributiva\/\"]}]},{\"@type\":\"ImageObject\",\"inLanguage\":\"ca\",\"@id\":\"https:\/\/veramc.com\/ca\/auditoria-retributiva\/#primaryimage\",\"url\":\"https:\/\/veramc.com\/wp-content\/uploads\/2025\/06\/auditoria-retributiva.png\",\"contentUrl\":\"https:\/\/veramc.com\/wp-content\/uploads\/2025\/06\/auditoria-retributiva.png\"},{\"@type\":\"BreadcrumbList\",\"@id\":\"https:\/\/veramc.com\/ca\/auditoria-retributiva\/#breadcrumb\",\"itemListElement\":[{\"@type\":\"ListItem\",\"position\":1,\"name\":\"Inici\",\"item\":\"https:\/\/veramc.com\/ca\/\"},{\"@type\":\"ListItem\",\"position\":2,\"name\":\"Auditoria retributiva\"}]},{\"@type\":\"WebSite\",\"@id\":\"https:\/\/veramc.com\/ca\/#website\",\"url\":\"https:\/\/veramc.com\/ca\/\",\"name\":\"VERA MC\",\"description\":\"\",\"potentialAction\":[{\"@type\":\"SearchAction\",\"target\":{\"@type\":\"EntryPoint\",\"urlTemplate\":\"https:\/\/veramc.com\/ca\/?s={search_term_string}\"},\"query-input\":{\"@type\":\"PropertyValueSpecification\",\"valueRequired\":true,\"valueName\":\"search_term_string\"}}],\"inLanguage\":\"ca\"}]}<\/script>\n<!-- \/ Yoast SEO plugin. -->","yoast_head_json":{"title":"Auditoria retributiva - VERA MC","robots":{"index":"index","follow":"follow","max-snippet":"max-snippet:-1","max-image-preview":"max-image-preview:large","max-video-preview":"max-video-preview:-1"},"canonical":"https:\/\/veramc.com\/ca\/auditoria-retributiva\/","og_locale":"ca_ES","og_type":"article","og_title":"Auditoria retributiva - VERA MC","og_description":"Qu\u00e8 \u00e9s una auditoria retributiva i per qu\u00e8 \u00e9s important? L&#8217;auditoria retributiva \u00e9s un proc\u00e9s clau per analitzar el registre salarial de la teva empresa, identificant desigualtats salarials i justificant o corregint aquelles difer\u00e8ncies sense motiu objectiu. \u00c9s un mecanisme essencial per garantir la transpar\u00e8ncia i complir amb la legislaci\u00f3 vigent en temes d&#8217;igualtat de [&hellip;]","og_url":"https:\/\/veramc.com\/ca\/auditoria-retributiva\/","og_site_name":"VERA MC","og_image":[{"url":"https:\/\/veramc.com\/wp-content\/uploads\/2025\/06\/auditoria-retributiva.png","type":"","width":"","height":""}],"twitter_card":"summary_large_image","twitter_misc":{"Temps estimat de lectura":"3 minuts"},"schema":{"@context":"https:\/\/schema.org","@graph":[{"@type":"WebPage","@id":"https:\/\/veramc.com\/ca\/auditoria-retributiva\/","url":"https:\/\/veramc.com\/ca\/auditoria-retributiva\/","name":"Auditoria retributiva - VERA MC","isPartOf":{"@id":"https:\/\/veramc.com\/ca\/#website"},"primaryImageOfPage":{"@id":"https:\/\/veramc.com\/ca\/auditoria-retributiva\/#primaryimage"},"image":{"@id":"https:\/\/veramc.com\/ca\/auditoria-retributiva\/#primaryimage"},"thumbnailUrl":"https:\/\/veramc.com\/wp-content\/uploads\/2025\/06\/auditoria-retributiva.png","datePublished":"2025-05-07T16:15:40+00:00","breadcrumb":{"@id":"https:\/\/veramc.com\/ca\/auditoria-retributiva\/#breadcrumb"},"inLanguage":"ca","potentialAction":[{"@type":"ReadAction","target":["https:\/\/veramc.com\/ca\/auditoria-retributiva\/"]}]},{"@type":"ImageObject","inLanguage":"ca","@id":"https:\/\/veramc.com\/ca\/auditoria-retributiva\/#primaryimage","url":"https:\/\/veramc.com\/wp-content\/uploads\/2025\/06\/auditoria-retributiva.png","contentUrl":"https:\/\/veramc.com\/wp-content\/uploads\/2025\/06\/auditoria-retributiva.png"},{"@type":"BreadcrumbList","@id":"https:\/\/veramc.com\/ca\/auditoria-retributiva\/#breadcrumb","itemListElement":[{"@type":"ListItem","position":1,"name":"Inici","item":"https:\/\/veramc.com\/ca\/"},{"@type":"ListItem","position":2,"name":"Auditoria retributiva"}]},{"@type":"WebSite","@id":"https:\/\/veramc.com\/ca\/#website","url":"https:\/\/veramc.com\/ca\/","name":"VERA MC","description":"","potentialAction":[{"@type":"SearchAction","target":{"@type":"EntryPoint","urlTemplate":"https:\/\/veramc.com\/ca\/?s={search_term_string}"},"query-input":{"@type":"PropertyValueSpecification","valueRequired":true,"valueName":"search_term_string"}}],"inLanguage":"ca"}]}},"_links":{"self":[{"href":"https:\/\/veramc.com\/ca\/wp-json\/wp\/v2\/pages\/4787","targetHints":{"allow":["GET"]}}],"collection":[{"href":"https:\/\/veramc.com\/ca\/wp-json\/wp\/v2\/pages"}],"about":[{"href":"https:\/\/veramc.com\/ca\/wp-json\/wp\/v2\/types\/page"}],"author":[{"embeddable":true,"href":"https:\/\/veramc.com\/ca\/wp-json\/wp\/v2\/users\/2"}],"replies":[{"embeddable":true,"href":"https:\/\/veramc.com\/ca\/wp-json\/wp\/v2\/comments?post=4787"}],"version-history":[{"count":0,"href":"https:\/\/veramc.com\/ca\/wp-json\/wp\/v2\/pages\/4787\/revisions"}],"wp:attachment":[{"href":"https:\/\/veramc.com\/ca\/wp-json\/wp\/v2\/media?parent=4787"}],"curies":[{"name":"wp","href":"https:\/\/api.w.org\/{rel}","templated":true}]}}